{"id":4560,"date":"2024-08-11T18:58:17","date_gmt":"2024-08-11T17:58:17","guid":{"rendered":"https:\/\/www.mariventyachts.com\/austin-parker\/"},"modified":"2024-12-03T12:10:49","modified_gmt":"2024-12-03T12:10:49","slug":"austin-parker","status":"publish","type":"page","link":"https:\/\/www.mariventyachts.com\/de\/austin-parker\/","title":{"rendered":"Austin Parker"},"content":{"rendered":"<p>Austin Parker war eine der ersten Werften in Italien, die mit dem Bau klassischer Hummerboote begann, wie sie in Maine f\u00fcr den Hummerfang verwendet werden &#8211; charakteristische Fischerboote, die im letzten Jahrhundert in Neuengland entstanden sind. Zehn Jahre sp\u00e4ter, gest\u00e4rkt durch den Erfolg dieser Art von Booten auf dem Markt, bringt Austin Parker eine neue Reihe von Hummerbooten mit einer L\u00e4nge von 42 bis 72 Fu\u00df auf den Markt, die von dem Architekten Fulvio De Simoni, einem der bekanntesten Designer von Freizeitbooten, entworfen wurden. Die neuen Austin-Parker-Boote zeichnen sich durch ihr innovatives Design aus, das dennoch jenen reizvollen Retro-Look widerspiegelt, der diesen Bootstyp so beliebt gemacht hat. Aber sch\u00f6n zu sein bedeutet nicht, dass der Rumpf und die Leistung leiden m\u00fcssen, im Gegenteil und ohne Anma\u00dfung w\u00fcrde man sie als aufregend bezeichnen.<\/p>\n","protected":false},"excerpt":{"rendered":"<p>Austin Parker war eine der ersten Werften in Italien, die mit dem Bau klassischer Hummerboote begann, wie sie in Maine f\u00fcr den Hummerfang verwendet werden &#8211; charakteristische Fischerboote, die im letzten Jahrhundert in Neuengland entstanden sind. Zehn Jahre sp\u00e4ter, gest\u00e4rkt durch den Erfolg dieser Art von Booten auf dem Markt, bringt Austin Parker eine neue&#8230;<\/p>\n","protected":false},"author":1,"featured_media":2959,"parent":0,"menu_order":0,"comment_status":"closed","ping_status":"closed","template":"","meta":{"_acf_changed":false,"footnotes":""},"brand":[199],"brands-old":[],"class_list":["post-4560","page","type-page","status-publish","has-post-thumbnail","hentry","brand-austin-parker"],"acf":[],"yoast_head":"<!-- This site is optimized with the Yoast SEO plugin v27.6 - https:\/\/yoast.com\/product\/yoast-seo-wordpress\/ -->\n<title>Austin Parker - Marivent Yachts<\/title>\n<meta name=\"robots\" content=\"index, follow, max-snippet:-1, max-image-preview:large, max-video-preview:-1\" \/>\n<link rel=\"canonical\" href=\"https:\/\/www.mariventyachts.com\/de\/austin-parker\/\" \/>\n<meta property=\"og:locale\" content=\"de_DE\" \/>\n<meta property=\"og:type\" content=\"article\" \/>\n<meta property=\"og:title\" content=\"Austin Parker - Marivent Yachts\" \/>\n<meta property=\"og:description\" content=\"Austin Parker war eine der ersten Werften in Italien, die mit dem Bau klassischer Hummerboote begann, wie sie in Maine f\u00fcr den Hummerfang verwendet werden &#8211; charakteristische Fischerboote, die im letzten Jahrhundert in Neuengland entstanden sind. Zehn Jahre sp\u00e4ter, gest\u00e4rkt durch den Erfolg dieser Art von Booten auf dem Markt, bringt Austin Parker eine neue...\" \/>\n<meta property=\"og:url\" content=\"https:\/\/www.mariventyachts.com\/de\/austin-parker\/\" \/>\n<meta property=\"og:site_name\" content=\"Marivent Yachts\" \/>\n<meta property=\"article:publisher\" content=\"https:\/\/www.facebook.com\/mariventyachts\/\" \/>\n<meta property=\"article:modified_time\" content=\"2024-12-03T12:10:49+00:00\" \/>\n<meta property=\"og:image\" content=\"https:\/\/www.mariventyachts.com\/wp-content\/uploads\/austin-parker-mallorca-logo2024-white-colors.png\" \/>\n\t<meta property=\"og:image:width\" content=\"575\" \/>\n\t<meta property=\"og:image:height\" content=\"142\" \/>\n\t<meta property=\"og:image:type\" content=\"image\/png\" \/>\n<meta name=\"twitter:card\" content=\"summary_large_image\" \/>\n<meta name=\"twitter:label1\" content=\"Gesch\u00e4tzte Lesezeit\" \/>\n\t<meta name=\"twitter:data1\" content=\"1\u00a0Minute\" \/>\n<script type=\"application\/ld+json\" class=\"yoast-schema-graph\">{\"@context\":\"https:\\\/\\\/schema.org\",\"@graph\":[{\"@type\":\"WebPage\",\"@id\":\"https:\\\/\\\/www.mariventyachts.com\\\/de\\\/austin-parker\\\/\",\"url\":\"https:\\\/\\\/www.mariventyachts.com\\\/de\\\/austin-parker\\\/\",\"name\":\"Austin Parker - Marivent Yachts\",\"isPartOf\":{\"@id\":\"https:\\\/\\\/www.mariventyachts.com\\\/#website\"},\"primaryImageOfPage\":{\"@id\":\"https:\\\/\\\/www.mariventyachts.com\\\/de\\\/austin-parker\\\/#primaryimage\"},\"image\":{\"@id\":\"https:\\\/\\\/www.mariventyachts.com\\\/de\\\/austin-parker\\\/#primaryimage\"},\"thumbnailUrl\":\"https:\\\/\\\/www.mariventyachts.com\\\/wp-content\\\/uploads\\\/austin-parker-mallorca-logo2024-white-colors.png\",\"datePublished\":\"2024-08-11T17:58:17+00:00\",\"dateModified\":\"2024-12-03T12:10:49+00:00\",\"breadcrumb\":{\"@id\":\"https:\\\/\\\/www.mariventyachts.com\\\/de\\\/austin-parker\\\/#breadcrumb\"},\"inLanguage\":\"de\",\"potentialAction\":[{\"@type\":\"ReadAction\",\"target\":[\"https:\\\/\\\/www.mariventyachts.com\\\/de\\\/austin-parker\\\/\"]}]},{\"@type\":\"ImageObject\",\"inLanguage\":\"de\",\"@id\":\"https:\\\/\\\/www.mariventyachts.com\\\/de\\\/austin-parker\\\/#primaryimage\",\"url\":\"https:\\\/\\\/www.mariventyachts.com\\\/wp-content\\\/uploads\\\/austin-parker-mallorca-logo2024-white-colors.png\",\"contentUrl\":\"https:\\\/\\\/www.mariventyachts.com\\\/wp-content\\\/uploads\\\/austin-parker-mallorca-logo2024-white-colors.png\",\"width\":575,\"height\":142},{\"@type\":\"BreadcrumbList\",\"@id\":\"https:\\\/\\\/www.mariventyachts.com\\\/de\\\/austin-parker\\\/#breadcrumb\",\"itemListElement\":[{\"@type\":\"ListItem\",\"position\":1,\"name\":\"Home\",\"item\":\"https:\\\/\\\/www.mariventyachts.com\\\/de\\\/b\\\/\"},{\"@type\":\"ListItem\",\"position\":2,\"name\":\"Austin Parker\"}]},{\"@type\":\"WebSite\",\"@id\":\"https:\\\/\\\/www.mariventyachts.com\\\/#website\",\"url\":\"https:\\\/\\\/www.mariventyachts.com\\\/\",\"name\":\"Marivent Yachts\",\"description\":\"\",\"publisher\":{\"@id\":\"https:\\\/\\\/www.mariventyachts.com\\\/#organization\"},\"potentialAction\":[{\"@type\":\"SearchAction\",\"target\":{\"@type\":\"EntryPoint\",\"urlTemplate\":\"https:\\\/\\\/www.mariventyachts.com\\\/?s={search_term_string}\"},\"query-input\":{\"@type\":\"PropertyValueSpecification\",\"valueRequired\":true,\"valueName\":\"search_term_string\"}}],\"inLanguage\":\"de\"},{\"@type\":\"Organization\",\"@id\":\"https:\\\/\\\/www.mariventyachts.com\\\/#organization\",\"name\":\"Marivent Yachts\",\"url\":\"https:\\\/\\\/www.mariventyachts.com\\\/\",\"logo\":{\"@type\":\"ImageObject\",\"inLanguage\":\"de\",\"@id\":\"https:\\\/\\\/www.mariventyachts.com\\\/#\\\/schema\\\/logo\\\/image\\\/\",\"url\":\"https:\\\/\\\/www.mariventyachts.com\\\/wp-content\\\/uploads\\\/2024\\\/03\\\/marivent-site-icon.jpg\",\"contentUrl\":\"https:\\\/\\\/www.mariventyachts.com\\\/wp-content\\\/uploads\\\/2024\\\/03\\\/marivent-site-icon.jpg\",\"width\":512,\"height\":512,\"caption\":\"Marivent Yachts\"},\"image\":{\"@id\":\"https:\\\/\\\/www.mariventyachts.com\\\/#\\\/schema\\\/logo\\\/image\\\/\"},\"sameAs\":[\"https:\\\/\\\/www.facebook.com\\\/mariventyachts\\\/\",\"https:\\\/\\\/www.instagram.com\\\/mariventyachts\\\/\"]}]}<\/script>\n<!-- \/ Yoast SEO plugin. -->","yoast_head_json":{"title":"Austin Parker - Marivent Yachts","robots":{"index":"index","follow":"follow","max-snippet":"max-snippet:-1","max-image-preview":"max-image-preview:large","max-video-preview":"max-video-preview:-1"},"canonical":"https:\/\/www.mariventyachts.com\/de\/austin-parker\/","og_locale":"de_DE","og_type":"article","og_title":"Austin Parker - Marivent Yachts","og_description":"Austin Parker war eine der ersten Werften in Italien, die mit dem Bau klassischer Hummerboote begann, wie sie in Maine f\u00fcr den Hummerfang verwendet werden &#8211; charakteristische Fischerboote, die im letzten Jahrhundert in Neuengland entstanden sind. Zehn Jahre sp\u00e4ter, gest\u00e4rkt durch den Erfolg dieser Art von Booten auf dem Markt, bringt Austin Parker eine neue...","og_url":"https:\/\/www.mariventyachts.com\/de\/austin-parker\/","og_site_name":"Marivent Yachts","article_publisher":"https:\/\/www.facebook.com\/mariventyachts\/","article_modified_time":"2024-12-03T12:10:49+00:00","og_image":[{"width":575,"height":142,"url":"https:\/\/www.mariventyachts.com\/wp-content\/uploads\/austin-parker-mallorca-logo2024-white-colors.png","type":"image\/png"}],"twitter_card":"summary_large_image","twitter_misc":{"Gesch\u00e4tzte Lesezeit":"1\u00a0Minute"},"schema":{"@context":"https:\/\/schema.org","@graph":[{"@type":"WebPage","@id":"https:\/\/www.mariventyachts.com\/de\/austin-parker\/","url":"https:\/\/www.mariventyachts.com\/de\/austin-parker\/","name":"Austin Parker - Marivent Yachts","isPartOf":{"@id":"https:\/\/www.mariventyachts.com\/#website"},"primaryImageOfPage":{"@id":"https:\/\/www.mariventyachts.com\/de\/austin-parker\/#primaryimage"},"image":{"@id":"https:\/\/www.mariventyachts.com\/de\/austin-parker\/#primaryimage"},"thumbnailUrl":"https:\/\/www.mariventyachts.com\/wp-content\/uploads\/austin-parker-mallorca-logo2024-white-colors.png","datePublished":"2024-08-11T17:58:17+00:00","dateModified":"2024-12-03T12:10:49+00:00","breadcrumb":{"@id":"https:\/\/www.mariventyachts.com\/de\/austin-parker\/#breadcrumb"},"inLanguage":"de","potentialAction":[{"@type":"ReadAction","target":["https:\/\/www.mariventyachts.com\/de\/austin-parker\/"]}]},{"@type":"ImageObject","inLanguage":"de","@id":"https:\/\/www.mariventyachts.com\/de\/austin-parker\/#primaryimage","url":"https:\/\/www.mariventyachts.com\/wp-content\/uploads\/austin-parker-mallorca-logo2024-white-colors.png","contentUrl":"https:\/\/www.mariventyachts.com\/wp-content\/uploads\/austin-parker-mallorca-logo2024-white-colors.png","width":575,"height":142},{"@type":"BreadcrumbList","@id":"https:\/\/www.mariventyachts.com\/de\/austin-parker\/#breadcrumb","itemListElement":[{"@type":"ListItem","position":1,"name":"Home","item":"https:\/\/www.mariventyachts.com\/de\/b\/"},{"@type":"ListItem","position":2,"name":"Austin Parker"}]},{"@type":"WebSite","@id":"https:\/\/www.mariventyachts.com\/#website","url":"https:\/\/www.mariventyachts.com\/","name":"Marivent Yachts","description":"","publisher":{"@id":"https:\/\/www.mariventyachts.com\/#organization"},"potentialAction":[{"@type":"SearchAction","target":{"@type":"EntryPoint","urlTemplate":"https:\/\/www.mariventyachts.com\/?s={search_term_string}"},"query-input":{"@type":"PropertyValueSpecification","valueRequired":true,"valueName":"search_term_string"}}],"inLanguage":"de"},{"@type":"Organization","@id":"https:\/\/www.mariventyachts.com\/#organization","name":"Marivent Yachts","url":"https:\/\/www.mariventyachts.com\/","logo":{"@type":"ImageObject","inLanguage":"de","@id":"https:\/\/www.mariventyachts.com\/#\/schema\/logo\/image\/","url":"https:\/\/www.mariventyachts.com\/wp-content\/uploads\/2024\/03\/marivent-site-icon.jpg","contentUrl":"https:\/\/www.mariventyachts.com\/wp-content\/uploads\/2024\/03\/marivent-site-icon.jpg","width":512,"height":512,"caption":"Marivent Yachts"},"image":{"@id":"https:\/\/www.mariventyachts.com\/#\/schema\/logo\/image\/"},"sameAs":["https:\/\/www.facebook.com\/mariventyachts\/","https:\/\/www.instagram.com\/mariventyachts\/"]}]}},"_links":{"self":[{"href":"https:\/\/www.mariventyachts.com\/de\/wp-json\/wp\/v2\/pages\/4560","targetHints":{"allow":["GET"]}}],"collection":[{"href":"https:\/\/www.mariventyachts.com\/de\/wp-json\/wp\/v2\/pages"}],"about":[{"href":"https:\/\/www.mariventyachts.com\/de\/wp-json\/wp\/v2\/types\/page"}],"author":[{"embeddable":true,"href":"https:\/\/www.mariventyachts.com\/de\/wp-json\/wp\/v2\/users\/1"}],"replies":[{"embeddable":true,"href":"https:\/\/www.mariventyachts.com\/de\/wp-json\/wp\/v2\/comments?post=4560"}],"version-history":[{"count":2,"href":"https:\/\/www.mariventyachts.com\/de\/wp-json\/wp\/v2\/pages\/4560\/revisions"}],"predecessor-version":[{"id":5018,"href":"https:\/\/www.mariventyachts.com\/de\/wp-json\/wp\/v2\/pages\/4560\/revisions\/5018"}],"wp:featuredmedia":[{"embeddable":true,"href":"https:\/\/www.mariventyachts.com\/de\/wp-json\/wp\/v2\/media\/2959"}],"wp:attachment":[{"href":"https:\/\/www.mariventyachts.com\/de\/wp-json\/wp\/v2\/media?parent=4560"}],"wp:term":[{"taxonomy":"brand","embeddable":true,"href":"https:\/\/www.mariventyachts.com\/de\/wp-json\/wp\/v2\/brand?post=4560"},{"taxonomy":"brands-old","embeddable":true,"href":"https:\/\/www.mariventyachts.com\/de\/wp-json\/wp\/v2\/brands-old?post=4560"}],"curies":[{"name":"wp","href":"https:\/\/api.w.org\/{rel}","templated":true}]}}