{"id":4567,"date":"2024-08-21T18:20:49","date_gmt":"2024-08-21T17:20:49","guid":{"rendered":"https:\/\/www.mariventyachts.com\/bluegame-42-for-charter\/"},"modified":"2024-12-02T12:05:54","modified_gmt":"2024-12-02T12:05:54","slug":"bluegame-42-for-charter","status":"publish","type":"page","link":"https:\/\/www.mariventyachts.com\/de\/bluegame-42-for-charter\/","title":{"rendered":"Charter"},"content":{"rendered":"<section class=\"l-section wpb_row height_medium\"><div class=\"l-section-h i-cf\"><div class=\"g-cols vc_row via_grid cols_2 laptops-cols_inherit tablets-cols_inherit mobiles-cols_1 valign_top type_default stacking_default\"><div class=\"wpb_column vc_column_container\"><div class=\"vc_column-inner\"><div class=\"wpb_text_column\"><div class=\"wpb_wrapper\"><p><strong>Bluegame 42 jetzt zum Chartern verf\u00fcgbar.<\/strong><\/p>\n<p>Die Bluegame 42 ist die perfekte Yacht f\u00fcr einen Chartertag.Ger\u00e4umig, \u00fcberschaubar und sehr komfortabel, ist sie ideal, um einen Tag mit der Familie oder Freunden zu verbringen.<\/p>\n<p>Wenn Sie es w\u00fcnschen, wird Ihre Reiseroute sorgf\u00e4ltig geplant, mit unseren Ratschl\u00e4gen zu den besten Zielen mit sicherem Schwimmen, kurzen Spr\u00fcngen zwischen H\u00e4fen und gesch\u00fctzten Ankerpl\u00e4tzen.Wir haben viele Ideen und erkl\u00e4ren Ihnen gerne jeden Teil des Prozesses, wenn Sie Fragen haben. Es gibt nur einen Weg: Wenn Sie die frische Luft, die warme See und den ungehinderten Blick vom Deck aus genie\u00dfen wollen, rufen Sie uns an, um alles zu besprechen.<\/p>\n<p><strong>Technische Daten<\/strong><\/p>\n<p>Modell: BG42 \/ Baujahr: 2023 \/ Bootsl\u00e4nge: 12,98 Meter \/ Maximale Kapazit\u00e4t: 12 Personen an Bord \/ Treibstoffart: Diesel \/ 2 Kabinen und 1 Badezimmer.<\/p>\n<\/div><\/div><\/div><\/div><div class=\"wpb_column vc_column_container\"><div class=\"vc_column-inner\"><div class=\"w-btn-wrapper align_left\"><a class=\"w-btn us-btn-style_6\" href=\"https:\/\/www.mariventyachts.com\/wp-content\/uploads\/Bluegame-42-For-Charter-Prices.pdf\"><span class=\"w-btn-label\">PDF der Bluegame 42 zum Chartern<\/span><\/a><\/div><div class=\"w-separator size_custom\" style=\"height:2vh\"><\/div><div class=\"w-btn-wrapper align_none\"><a class=\"w-btn us-btn-style_6\" href=\"https:\/\/www.mariventyachts.com\/de\/kontaktieren\/\"><span class=\"w-btn-label\">Kontaktieren Sie uns f\u00fcr weitere Informationen<\/span><\/a><\/div><div class=\"w-separator size_custom\" style=\"height:5vh\"><\/div><\/div><\/div><\/div><\/div><\/section><section class=\"l-section wpb_row height_auto width_full\"><div class=\"l-section-h i-cf\"><div class=\"g-cols vc_row via_grid cols_1 laptops-cols_inherit tablets-cols_inherit mobiles-cols_1 valign_top type_default stacking_default\"><div class=\"wpb_column vc_column_container\"><div class=\"vc_column-inner\"><div class=\"w-grid type_grid layout_654 gallery-enlarge cols_3 preload_style_spinner ratio_1x1\" id=\"us_grid_1\" style=\"--columns:3;--gap:0rem;--item-ratio:1;\" data-filterable=\"true\"><style>@media (max-width:1042px){#us_grid_1{--columns:2!important}}@media (max-width:600px){#us_grid_1{--columns:1!important}}.layout_654 .w-grid-item-h{background:var(--color-content-bg);color:var(--color-content-text)}.layout_654 .usg_btn_2{transition-duration:0.3s;transform-origin:50% 50%;transform:scale(1) translate(0%,0%);opacity:0.65}.layout_654 .w-grid-item-h:focus-within .usg_btn_2,.layout_654 .w-grid-item-h:hover .usg_btn_2{transform:scale(1) translate(0%,0%);opacity:1}.layout_654 .usg_post_image_2{transition-duration:0.65s;transform-origin:50% 50%;transform:scale(1) translate(0%,0%)}.layout_654 .w-grid-item-h:focus-within .usg_post_image_2,.layout_654 .w-grid-item-h:hover .usg_post_image_2{transform:scale(1.20) translate(0%,0%);opacity:1}.layout_654 .usg_btn_2{font-size:max( 2rem,1.5vw )!important}.layout_654 .usg_post_image_2{position:absolute!important;overflow:hidden!important}.layout_654 .usg_vwrapper_1{position:absolute!important;left:0!important;top:0!important;bottom:0!important;right:0!important;background:var(--color-alt-content-overlay-grad,var(--color-alt-content-overlay) )!important}<\/style><div class=\"w-grid-list\">\t<article class=\"w-grid-item size_1x1 post-881 attachment type-attachment status-inherit hentry\" data-id=\"881\">\r\n\t\t<div class=\"w-grid-item-h\">\r\n\t\t\t\t\t\t<div class=\"w-post-elm post_image usg_post_image_2 has_ratio\"><a href=\"https:\/\/www.mariventyachts.com\/de\/?attachment_id=881\" aria-label=\"Bluegame-BG42-featured\"><img loading=\"lazy\" decoding=\"async\" width=\"1024\" height=\"683\" src=\"https:\/\/www.mariventyachts.com\/wp-content\/uploads\/Bluegame-BG42-featured-1024x683.jpg\" class=\"attachment-medium size-medium\" alt=\"\" \/><\/a><div style=\"padding-bottom:100%\"><\/div><\/div><div class=\"w-vwrapper usg_vwrapper_1 align_center valign_middle\"><a class=\"w-btn us-btn-style_3 usg_btn_2 icon_atleft text_none\" aria-label=\"Button\" href=\"https:\/\/www.mariventyachts.com\/de\/?attachment_id=881\"><i class=\"fas fa-search-plus\"><\/i><\/a><\/div>\t\t<\/div>\r\n\t\t\t<\/article>\r\n<\/div><div class=\"w-grid-preloader\">\t<div class=\"g-preloader type_1\">\r\n\t\t<div><\/div>\r\n\t<\/div>\r\n\t<\/div>\t<div class=\"w-grid-json hidden\" onclick='return {&quot;action&quot;:&quot;us_ajax_grid&quot;,&quot;infinite_scroll&quot;:0,&quot;max_num_pages&quot;:1,&quot;pagination&quot;:&quot;none&quot;,&quot;template_vars&quot;:{&quot;columns&quot;:&quot;3&quot;,&quot;exclude_items&quot;:&quot;none&quot;,&quot;img_size&quot;:&quot;default&quot;,&quot;ignore_items_size&quot;:0,&quot;items_layout&quot;:&quot;654&quot;,&quot;items_offset&quot;:&quot;1&quot;,&quot;load_animation&quot;:&quot;none&quot;,&quot;overriding_link&quot;:&quot;%7B%22url%22%3A%22%22%7D&quot;,&quot;post_id&quot;:0,&quot;query_args&quot;:{&quot;post__in&quot;:[881],&quot;post_status&quot;:&quot;inherit&quot;,&quot;post_mime_type&quot;:&quot;image&quot;,&quot;post_type&quot;:&quot;attachment&quot;,&quot;posts_per_page&quot;:&quot;50&quot;},&quot;orderby_query_args&quot;:{&quot;orderby&quot;:{&quot;date&quot;:&quot;DESC&quot;}},&quot;type&quot;:&quot;grid&quot;,&quot;us_grid_post_type&quot;:&quot;cf|us_tile_additional_image&quot;,&quot;us_grid_ajax_index&quot;:1,&quot;us_grid_filter_query_string&quot;:null,&quot;us_grid_index&quot;:1,&quot;page_args&quot;:[],&quot;lang&quot;:&quot;de&quot;}}'><\/div>\r\n\t<\/div><\/div><\/div><\/div><\/div><\/section>\n","protected":false},"excerpt":{"rendered":"","protected":false},"author":1,"featured_media":881,"parent":0,"menu_order":0,"comment_status":"closed","ping_status":"closed","template":"","meta":{"_acf_changed":false,"footnotes":""},"brand":[],"brands-old":[],"class_list":["post-4567","page","type-page","status-publish","has-post-thumbnail","hentry"],"acf":[],"yoast_head":"<!-- This site is optimized with the Yoast SEO plugin v27.5 - https:\/\/yoast.com\/product\/yoast-seo-wordpress\/ -->\n<title>Charter - Marivent Yachts<\/title>\n<meta name=\"robots\" content=\"index, follow, max-snippet:-1, max-image-preview:large, max-video-preview:-1\" \/>\n<link rel=\"canonical\" href=\"https:\/\/www.mariventyachts.com\/de\/bluegame-42-for-charter\/\" \/>\n<meta property=\"og:locale\" content=\"de_DE\" \/>\n<meta property=\"og:type\" content=\"article\" \/>\n<meta property=\"og:title\" content=\"Charter - Marivent Yachts\" \/>\n<meta property=\"og:url\" content=\"https:\/\/www.mariventyachts.com\/de\/bluegame-42-for-charter\/\" \/>\n<meta property=\"og:site_name\" content=\"Marivent Yachts\" \/>\n<meta property=\"article:publisher\" content=\"https:\/\/www.facebook.com\/mariventyachts\/\" \/>\n<meta property=\"article:modified_time\" content=\"2024-12-02T12:05:54+00:00\" \/>\n<meta property=\"og:image\" content=\"https:\/\/www.mariventyachts.com\/wp-content\/uploads\/Bluegame-BG42-featured.jpg\" \/>\n\t<meta property=\"og:image:width\" content=\"1920\" \/>\n\t<meta property=\"og:image:height\" content=\"1281\" \/>\n\t<meta property=\"og:image:type\" content=\"image\/jpeg\" \/>\n<meta name=\"twitter:card\" content=\"summary_large_image\" \/>\n<meta name=\"twitter:label1\" content=\"Gesch\u00e4tzte Lesezeit\" \/>\n\t<meta name=\"twitter:data1\" content=\"1\u00a0Minute\" \/>\n<script type=\"application\/ld+json\" class=\"yoast-schema-graph\">{\"@context\":\"https:\\\/\\\/schema.org\",\"@graph\":[{\"@type\":\"WebPage\",\"@id\":\"https:\\\/\\\/www.mariventyachts.com\\\/de\\\/bluegame-42-for-charter\\\/\",\"url\":\"https:\\\/\\\/www.mariventyachts.com\\\/de\\\/bluegame-42-for-charter\\\/\",\"name\":\"Charter - Marivent Yachts\",\"isPartOf\":{\"@id\":\"https:\\\/\\\/www.mariventyachts.com\\\/#website\"},\"primaryImageOfPage\":{\"@id\":\"https:\\\/\\\/www.mariventyachts.com\\\/de\\\/bluegame-42-for-charter\\\/#primaryimage\"},\"image\":{\"@id\":\"https:\\\/\\\/www.mariventyachts.com\\\/de\\\/bluegame-42-for-charter\\\/#primaryimage\"},\"thumbnailUrl\":\"https:\\\/\\\/www.mariventyachts.com\\\/wp-content\\\/uploads\\\/Bluegame-BG42-featured.jpg\",\"datePublished\":\"2024-08-21T17:20:49+00:00\",\"dateModified\":\"2024-12-02T12:05:54+00:00\",\"breadcrumb\":{\"@id\":\"https:\\\/\\\/www.mariventyachts.com\\\/de\\\/bluegame-42-for-charter\\\/#breadcrumb\"},\"inLanguage\":\"de\",\"potentialAction\":[{\"@type\":\"ReadAction\",\"target\":[\"https:\\\/\\\/www.mariventyachts.com\\\/de\\\/bluegame-42-for-charter\\\/\"]}]},{\"@type\":\"ImageObject\",\"inLanguage\":\"de\",\"@id\":\"https:\\\/\\\/www.mariventyachts.com\\\/de\\\/bluegame-42-for-charter\\\/#primaryimage\",\"url\":\"https:\\\/\\\/www.mariventyachts.com\\\/wp-content\\\/uploads\\\/Bluegame-BG42-featured.jpg\",\"contentUrl\":\"https:\\\/\\\/www.mariventyachts.com\\\/wp-content\\\/uploads\\\/Bluegame-BG42-featured.jpg\",\"width\":1920,\"height\":1281},{\"@type\":\"BreadcrumbList\",\"@id\":\"https:\\\/\\\/www.mariventyachts.com\\\/de\\\/bluegame-42-for-charter\\\/#breadcrumb\",\"itemListElement\":[{\"@type\":\"ListItem\",\"position\":1,\"name\":\"Home\",\"item\":\"https:\\\/\\\/www.mariventyachts.com\\\/de\\\/b\\\/\"},{\"@type\":\"ListItem\",\"position\":2,\"name\":\"Charter\"}]},{\"@type\":\"WebSite\",\"@id\":\"https:\\\/\\\/www.mariventyachts.com\\\/#website\",\"url\":\"https:\\\/\\\/www.mariventyachts.com\\\/\",\"name\":\"Marivent Yachts\",\"description\":\"\",\"publisher\":{\"@id\":\"https:\\\/\\\/www.mariventyachts.com\\\/#organization\"},\"potentialAction\":[{\"@type\":\"SearchAction\",\"target\":{\"@type\":\"EntryPoint\",\"urlTemplate\":\"https:\\\/\\\/www.mariventyachts.com\\\/?s={search_term_string}\"},\"query-input\":{\"@type\":\"PropertyValueSpecification\",\"valueRequired\":true,\"valueName\":\"search_term_string\"}}],\"inLanguage\":\"de\"},{\"@type\":\"Organization\",\"@id\":\"https:\\\/\\\/www.mariventyachts.com\\\/#organization\",\"name\":\"Marivent Yachts\",\"url\":\"https:\\\/\\\/www.mariventyachts.com\\\/\",\"logo\":{\"@type\":\"ImageObject\",\"inLanguage\":\"de\",\"@id\":\"https:\\\/\\\/www.mariventyachts.com\\\/#\\\/schema\\\/logo\\\/image\\\/\",\"url\":\"https:\\\/\\\/www.mariventyachts.com\\\/wp-content\\\/uploads\\\/2024\\\/03\\\/marivent-site-icon.jpg\",\"contentUrl\":\"https:\\\/\\\/www.mariventyachts.com\\\/wp-content\\\/uploads\\\/2024\\\/03\\\/marivent-site-icon.jpg\",\"width\":512,\"height\":512,\"caption\":\"Marivent Yachts\"},\"image\":{\"@id\":\"https:\\\/\\\/www.mariventyachts.com\\\/#\\\/schema\\\/logo\\\/image\\\/\"},\"sameAs\":[\"https:\\\/\\\/www.facebook.com\\\/mariventyachts\\\/\",\"https:\\\/\\\/www.instagram.com\\\/mariventyachts\\\/\"]}]}<\/script>\n<!-- \/ Yoast SEO plugin. -->","yoast_head_json":{"title":"Charter - Marivent Yachts","robots":{"index":"index","follow":"follow","max-snippet":"max-snippet:-1","max-image-preview":"max-image-preview:large","max-video-preview":"max-video-preview:-1"},"canonical":"https:\/\/www.mariventyachts.com\/de\/bluegame-42-for-charter\/","og_locale":"de_DE","og_type":"article","og_title":"Charter - Marivent Yachts","og_url":"https:\/\/www.mariventyachts.com\/de\/bluegame-42-for-charter\/","og_site_name":"Marivent Yachts","article_publisher":"https:\/\/www.facebook.com\/mariventyachts\/","article_modified_time":"2024-12-02T12:05:54+00:00","og_image":[{"width":1920,"height":1281,"url":"https:\/\/www.mariventyachts.com\/wp-content\/uploads\/Bluegame-BG42-featured.jpg","type":"image\/jpeg"}],"twitter_card":"summary_large_image","twitter_misc":{"Gesch\u00e4tzte Lesezeit":"1\u00a0Minute"},"schema":{"@context":"https:\/\/schema.org","@graph":[{"@type":"WebPage","@id":"https:\/\/www.mariventyachts.com\/de\/bluegame-42-for-charter\/","url":"https:\/\/www.mariventyachts.com\/de\/bluegame-42-for-charter\/","name":"Charter - Marivent Yachts","isPartOf":{"@id":"https:\/\/www.mariventyachts.com\/#website"},"primaryImageOfPage":{"@id":"https:\/\/www.mariventyachts.com\/de\/bluegame-42-for-charter\/#primaryimage"},"image":{"@id":"https:\/\/www.mariventyachts.com\/de\/bluegame-42-for-charter\/#primaryimage"},"thumbnailUrl":"https:\/\/www.mariventyachts.com\/wp-content\/uploads\/Bluegame-BG42-featured.jpg","datePublished":"2024-08-21T17:20:49+00:00","dateModified":"2024-12-02T12:05:54+00:00","breadcrumb":{"@id":"https:\/\/www.mariventyachts.com\/de\/bluegame-42-for-charter\/#breadcrumb"},"inLanguage":"de","potentialAction":[{"@type":"ReadAction","target":["https:\/\/www.mariventyachts.com\/de\/bluegame-42-for-charter\/"]}]},{"@type":"ImageObject","inLanguage":"de","@id":"https:\/\/www.mariventyachts.com\/de\/bluegame-42-for-charter\/#primaryimage","url":"https:\/\/www.mariventyachts.com\/wp-content\/uploads\/Bluegame-BG42-featured.jpg","contentUrl":"https:\/\/www.mariventyachts.com\/wp-content\/uploads\/Bluegame-BG42-featured.jpg","width":1920,"height":1281},{"@type":"BreadcrumbList","@id":"https:\/\/www.mariventyachts.com\/de\/bluegame-42-for-charter\/#breadcrumb","itemListElement":[{"@type":"ListItem","position":1,"name":"Home","item":"https:\/\/www.mariventyachts.com\/de\/b\/"},{"@type":"ListItem","position":2,"name":"Charter"}]},{"@type":"WebSite","@id":"https:\/\/www.mariventyachts.com\/#website","url":"https:\/\/www.mariventyachts.com\/","name":"Marivent Yachts","description":"","publisher":{"@id":"https:\/\/www.mariventyachts.com\/#organization"},"potentialAction":[{"@type":"SearchAction","target":{"@type":"EntryPoint","urlTemplate":"https:\/\/www.mariventyachts.com\/?s={search_term_string}"},"query-input":{"@type":"PropertyValueSpecification","valueRequired":true,"valueName":"search_term_string"}}],"inLanguage":"de"},{"@type":"Organization","@id":"https:\/\/www.mariventyachts.com\/#organization","name":"Marivent Yachts","url":"https:\/\/www.mariventyachts.com\/","logo":{"@type":"ImageObject","inLanguage":"de","@id":"https:\/\/www.mariventyachts.com\/#\/schema\/logo\/image\/","url":"https:\/\/www.mariventyachts.com\/wp-content\/uploads\/2024\/03\/marivent-site-icon.jpg","contentUrl":"https:\/\/www.mariventyachts.com\/wp-content\/uploads\/2024\/03\/marivent-site-icon.jpg","width":512,"height":512,"caption":"Marivent Yachts"},"image":{"@id":"https:\/\/www.mariventyachts.com\/#\/schema\/logo\/image\/"},"sameAs":["https:\/\/www.facebook.com\/mariventyachts\/","https:\/\/www.instagram.com\/mariventyachts\/"]}]}},"_links":{"self":[{"href":"https:\/\/www.mariventyachts.com\/de\/wp-json\/wp\/v2\/pages\/4567","targetHints":{"allow":["GET"]}}],"collection":[{"href":"https:\/\/www.mariventyachts.com\/de\/wp-json\/wp\/v2\/pages"}],"about":[{"href":"https:\/\/www.mariventyachts.com\/de\/wp-json\/wp\/v2\/types\/page"}],"author":[{"embeddable":true,"href":"https:\/\/www.mariventyachts.com\/de\/wp-json\/wp\/v2\/users\/1"}],"replies":[{"embeddable":true,"href":"https:\/\/www.mariventyachts.com\/de\/wp-json\/wp\/v2\/comments?post=4567"}],"version-history":[{"count":3,"href":"https:\/\/www.mariventyachts.com\/de\/wp-json\/wp\/v2\/pages\/4567\/revisions"}],"predecessor-version":[{"id":4947,"href":"https:\/\/www.mariventyachts.com\/de\/wp-json\/wp\/v2\/pages\/4567\/revisions\/4947"}],"wp:featuredmedia":[{"embeddable":true,"href":"https:\/\/www.mariventyachts.com\/de\/wp-json\/wp\/v2\/media\/881"}],"wp:attachment":[{"href":"https:\/\/www.mariventyachts.com\/de\/wp-json\/wp\/v2\/media?parent=4567"}],"wp:term":[{"taxonomy":"brand","embeddable":true,"href":"https:\/\/www.mariventyachts.com\/de\/wp-json\/wp\/v2\/brand?post=4567"},{"taxonomy":"brands-old","embeddable":true,"href":"https:\/\/www.mariventyachts.com\/de\/wp-json\/wp\/v2\/brands-old?post=4567"}],"curies":[{"name":"wp","href":"https:\/\/api.w.org\/{rel}","templated":true}]}}