{"id":4571,"date":"2024-09-12T15:44:51","date_gmt":"2024-09-12T14:44:51","guid":{"rendered":"https:\/\/www.mariventyachts.com\/financial-services\/"},"modified":"2024-12-02T08:25:25","modified_gmt":"2024-12-02T08:25:25","slug":"finanzdienstleistungen","status":"publish","type":"page","link":"https:\/\/www.mariventyachts.com\/de\/finanzdienstleistungen\/","title":{"rendered":"Finanzl\u00f6sungen"},"content":{"rendered":"<section class=\"l-section wpb_row us_custom_c0dfc885 has_text_color us_animate_this height_medium width_full with_img parallax_ver\"><div class=\"l-section-img\" role=\"img\" aria-label=\"Bild\" data-img-width=\"2560\" data-img-height=\"1708\" style=\"background-image: url(https:\/\/www.mariventyachts.com\/wp-content\/uploads\/financial-pexels-jakubzerdzicki-26745679-scaled.jpg);\"><\/div><div class=\"l-section-overlay\" style=\"background:var(--color-alt-content-bg-alt-grad, var(--color-alt-content-bg-alt) )\"><\/div><div class=\"l-section-h i-cf\"><div class=\"g-cols vc_row via_grid cols_1 laptops-cols_inherit tablets-cols_inherit mobiles-cols_1 valign_bottom type_default stacking_default\"><div class=\"wpb_column vc_column_container\"><div class=\"vc_column-inner\"><div class=\"wpb_text_column us_custom_eb849559\"><div class=\"wpb_wrapper\"><h1>Finanzdienstleistungen<\/h1>\n<\/div><\/div><div class=\"w-separator size_custom\" style=\"height:5vh\"><\/div><\/div><\/div><\/div><\/div><\/section><section class=\"l-section wpb_row height_medium\"><div class=\"l-section-h i-cf\"><div class=\"g-cols vc_row via_grid cols_1 laptops-cols_inherit tablets-cols_inherit mobiles-cols_1 valign_top type_default stacking_default\"><div class=\"wpb_column vc_column_container\"><div class=\"vc_column-inner\"><div class=\"wpb_text_column\"><div class=\"wpb_wrapper\"><p><strong>Finanzl\u00f6sungen<\/strong><\/p>\n<p>Heutzutage werden die Finanzierungsm\u00f6glichkeiten europaweit genutzt, weil sie aus steuerlicher Sicht kreativ und optimal sind.<\/p>\n<p>Unsere Pr\u00e4senz und das Engagement im Bootsmarkt haben uns gezeigt, dass Finanzierungsl\u00f6sungen praktisch sind und unseren Kunden helfen, ihr Bootsprojekt leichter und schneller zu realisieren sind.<\/p>\n<p>Um Ihr Boot zu finanzieren, bieten wir Finanzierungsformen an, die Ihre Erwartungen hinsichtlich Flexibilit\u00e4t, Sicherheit und Einfachheit erf\u00fcllen: Kredit oder Verleih mit franz\u00f6sischer Kaufoption (LOA). (Franz\u00f6sischer Leasing).<\/p>\n<p><strong>Finanz &#8211; Rechner<\/strong><\/p>\n<p>Dies ist ein Finanzrechner, der von unserem Partner<span>\u00a0<\/span><a href=\"http:\/\/www.sysfinance.es\/calculador-financiacion?financiera=CGI%20Finance&amp;partner=Marivent%20Yachts\"><strong>Sysfinance<\/strong><\/a><span>\u00a0<\/span>zur Verf\u00fcgung gestellt wird. Bitte warten Sie, w\u00e4hrend es geladen wird und w\u00e4hlen Sie dann Ihre bevorzugte Sprache und Optionen.<\/p>\n<\/div><\/div><div class=\"w-separator size_custom\" style=\"height:5vh\"><\/div><div class=\"wpb_text_column\"><div class=\"wpb_wrapper\"><p><iframe loading=\"lazy\" src=\"https:\/\/prodgylfspain.motivales.com\/#!paginainiciocalculador?financiera=CGI Finance&amp;partner=Marivent Yachts&amp;cuota=&amp;eslora=&amp;precio=&amp;years=&amp;modelo=&amp;marca=&amp;idioma=en\" width=\"100%\" height=\"1200\" frameborder=\"0\"><\/iframe><\/p>\n<\/div><\/div><div class=\"w-separator size_custom\" style=\"height:5vh\"><\/div><div class=\"w-btn-wrapper align_none\"><a class=\"w-btn us-btn-style_6\" href=\"https:\/\/www.mariventyachts.com\/financial-services\/\"><span class=\"w-btn-label\">Restart Calculator<\/span><\/a><\/div><\/div><\/div><\/div><\/div><\/section>\n","protected":false},"excerpt":{"rendered":"Finanzdienstleistungen Finanzl\u00f6sungen Heutzutage werden die Finanzierungsm\u00f6glichkeiten europaweit genutzt, weil sie aus steuerlicher Sicht kreativ und optimal sind. Unsere Pr\u00e4senz und das Engagement im Bootsmarkt haben uns gezeigt, dass Finanzierungsl\u00f6sungen praktisch sind und unseren Kunden helfen, ihr Bootsprojekt leichter und schneller zu realisieren sind. Um Ihr Boot zu finanzieren, bieten wir Finanzierungsformen an, die Ihre Erwartungen...","protected":false},"author":1,"featured_media":2944,"parent":0,"menu_order":0,"comment_status":"closed","ping_status":"closed","template":"","meta":{"_acf_changed":false,"footnotes":""},"brand":[],"brands-old":[],"class_list":["post-4571","page","type-page","status-publish","has-post-thumbnail","hentry"],"acf":[],"yoast_head":"<!-- This site is optimized with the Yoast SEO plugin v27.6 - https:\/\/yoast.com\/product\/yoast-seo-wordpress\/ -->\n<title>Finanzl\u00f6sungen - Marivent Yachts<\/title>\n<meta name=\"robots\" content=\"index, follow, max-snippet:-1, max-image-preview:large, max-video-preview:-1\" \/>\n<link rel=\"canonical\" href=\"https:\/\/www.mariventyachts.com\/de\/finanzdienstleistungen\/\" \/>\n<meta property=\"og:locale\" content=\"de_DE\" \/>\n<meta property=\"og:type\" content=\"article\" \/>\n<meta property=\"og:title\" content=\"Finanzl\u00f6sungen - Marivent Yachts\" \/>\n<meta property=\"og:url\" content=\"https:\/\/www.mariventyachts.com\/de\/finanzdienstleistungen\/\" \/>\n<meta property=\"og:site_name\" content=\"Marivent Yachts\" \/>\n<meta property=\"article:publisher\" content=\"https:\/\/www.facebook.com\/mariventyachts\/\" \/>\n<meta property=\"article:modified_time\" content=\"2024-12-02T08:25:25+00:00\" \/>\n<meta property=\"og:image\" content=\"https:\/\/www.mariventyachts.com\/wp-content\/uploads\/financial-pexels-jakubzerdzicki-26745679-scaled.jpg\" \/>\n\t<meta property=\"og:image:width\" content=\"2560\" \/>\n\t<meta property=\"og:image:height\" content=\"1708\" \/>\n\t<meta property=\"og:image:type\" content=\"image\/jpeg\" \/>\n<meta name=\"twitter:card\" content=\"summary_large_image\" \/>\n<meta name=\"twitter:label1\" content=\"Gesch\u00e4tzte Lesezeit\" \/>\n\t<meta name=\"twitter:data1\" content=\"1\u00a0Minute\" \/>\n<script type=\"application\/ld+json\" class=\"yoast-schema-graph\">{\"@context\":\"https:\\\/\\\/schema.org\",\"@graph\":[{\"@type\":\"WebPage\",\"@id\":\"https:\\\/\\\/www.mariventyachts.com\\\/de\\\/finanzdienstleistungen\\\/\",\"url\":\"https:\\\/\\\/www.mariventyachts.com\\\/de\\\/finanzdienstleistungen\\\/\",\"name\":\"Finanzl\u00f6sungen - Marivent Yachts\",\"isPartOf\":{\"@id\":\"https:\\\/\\\/www.mariventyachts.com\\\/#website\"},\"primaryImageOfPage\":{\"@id\":\"https:\\\/\\\/www.mariventyachts.com\\\/de\\\/finanzdienstleistungen\\\/#primaryimage\"},\"image\":{\"@id\":\"https:\\\/\\\/www.mariventyachts.com\\\/de\\\/finanzdienstleistungen\\\/#primaryimage\"},\"thumbnailUrl\":\"https:\\\/\\\/www.mariventyachts.com\\\/wp-content\\\/uploads\\\/financial-pexels-jakubzerdzicki-26745679-scaled.jpg\",\"datePublished\":\"2024-09-12T14:44:51+00:00\",\"dateModified\":\"2024-12-02T08:25:25+00:00\",\"breadcrumb\":{\"@id\":\"https:\\\/\\\/www.mariventyachts.com\\\/de\\\/finanzdienstleistungen\\\/#breadcrumb\"},\"inLanguage\":\"de\",\"potentialAction\":[{\"@type\":\"ReadAction\",\"target\":[\"https:\\\/\\\/www.mariventyachts.com\\\/de\\\/finanzdienstleistungen\\\/\"]}]},{\"@type\":\"ImageObject\",\"inLanguage\":\"de\",\"@id\":\"https:\\\/\\\/www.mariventyachts.com\\\/de\\\/finanzdienstleistungen\\\/#primaryimage\",\"url\":\"https:\\\/\\\/www.mariventyachts.com\\\/wp-content\\\/uploads\\\/financial-pexels-jakubzerdzicki-26745679-scaled.jpg\",\"contentUrl\":\"https:\\\/\\\/www.mariventyachts.com\\\/wp-content\\\/uploads\\\/financial-pexels-jakubzerdzicki-26745679-scaled.jpg\",\"width\":2560,\"height\":1708},{\"@type\":\"BreadcrumbList\",\"@id\":\"https:\\\/\\\/www.mariventyachts.com\\\/de\\\/finanzdienstleistungen\\\/#breadcrumb\",\"itemListElement\":[{\"@type\":\"ListItem\",\"position\":1,\"name\":\"Home\",\"item\":\"https:\\\/\\\/www.mariventyachts.com\\\/de\\\/b\\\/\"},{\"@type\":\"ListItem\",\"position\":2,\"name\":\"Finanzl\u00f6sungen\"}]},{\"@type\":\"WebSite\",\"@id\":\"https:\\\/\\\/www.mariventyachts.com\\\/#website\",\"url\":\"https:\\\/\\\/www.mariventyachts.com\\\/\",\"name\":\"Marivent Yachts\",\"description\":\"\",\"publisher\":{\"@id\":\"https:\\\/\\\/www.mariventyachts.com\\\/#organization\"},\"potentialAction\":[{\"@type\":\"SearchAction\",\"target\":{\"@type\":\"EntryPoint\",\"urlTemplate\":\"https:\\\/\\\/www.mariventyachts.com\\\/?s={search_term_string}\"},\"query-input\":{\"@type\":\"PropertyValueSpecification\",\"valueRequired\":true,\"valueName\":\"search_term_string\"}}],\"inLanguage\":\"de\"},{\"@type\":\"Organization\",\"@id\":\"https:\\\/\\\/www.mariventyachts.com\\\/#organization\",\"name\":\"Marivent Yachts\",\"url\":\"https:\\\/\\\/www.mariventyachts.com\\\/\",\"logo\":{\"@type\":\"ImageObject\",\"inLanguage\":\"de\",\"@id\":\"https:\\\/\\\/www.mariventyachts.com\\\/#\\\/schema\\\/logo\\\/image\\\/\",\"url\":\"https:\\\/\\\/www.mariventyachts.com\\\/wp-content\\\/uploads\\\/2024\\\/03\\\/marivent-site-icon.jpg\",\"contentUrl\":\"https:\\\/\\\/www.mariventyachts.com\\\/wp-content\\\/uploads\\\/2024\\\/03\\\/marivent-site-icon.jpg\",\"width\":512,\"height\":512,\"caption\":\"Marivent Yachts\"},\"image\":{\"@id\":\"https:\\\/\\\/www.mariventyachts.com\\\/#\\\/schema\\\/logo\\\/image\\\/\"},\"sameAs\":[\"https:\\\/\\\/www.facebook.com\\\/mariventyachts\\\/\",\"https:\\\/\\\/www.instagram.com\\\/mariventyachts\\\/\"]}]}<\/script>\n<!-- \/ Yoast SEO plugin. -->","yoast_head_json":{"title":"Finanzl\u00f6sungen - Marivent Yachts","robots":{"index":"index","follow":"follow","max-snippet":"max-snippet:-1","max-image-preview":"max-image-preview:large","max-video-preview":"max-video-preview:-1"},"canonical":"https:\/\/www.mariventyachts.com\/de\/finanzdienstleistungen\/","og_locale":"de_DE","og_type":"article","og_title":"Finanzl\u00f6sungen - Marivent Yachts","og_url":"https:\/\/www.mariventyachts.com\/de\/finanzdienstleistungen\/","og_site_name":"Marivent Yachts","article_publisher":"https:\/\/www.facebook.com\/mariventyachts\/","article_modified_time":"2024-12-02T08:25:25+00:00","og_image":[{"width":2560,"height":1708,"url":"https:\/\/www.mariventyachts.com\/wp-content\/uploads\/financial-pexels-jakubzerdzicki-26745679-scaled.jpg","type":"image\/jpeg"}],"twitter_card":"summary_large_image","twitter_misc":{"Gesch\u00e4tzte Lesezeit":"1\u00a0Minute"},"schema":{"@context":"https:\/\/schema.org","@graph":[{"@type":"WebPage","@id":"https:\/\/www.mariventyachts.com\/de\/finanzdienstleistungen\/","url":"https:\/\/www.mariventyachts.com\/de\/finanzdienstleistungen\/","name":"Finanzl\u00f6sungen - Marivent Yachts","isPartOf":{"@id":"https:\/\/www.mariventyachts.com\/#website"},"primaryImageOfPage":{"@id":"https:\/\/www.mariventyachts.com\/de\/finanzdienstleistungen\/#primaryimage"},"image":{"@id":"https:\/\/www.mariventyachts.com\/de\/finanzdienstleistungen\/#primaryimage"},"thumbnailUrl":"https:\/\/www.mariventyachts.com\/wp-content\/uploads\/financial-pexels-jakubzerdzicki-26745679-scaled.jpg","datePublished":"2024-09-12T14:44:51+00:00","dateModified":"2024-12-02T08:25:25+00:00","breadcrumb":{"@id":"https:\/\/www.mariventyachts.com\/de\/finanzdienstleistungen\/#breadcrumb"},"inLanguage":"de","potentialAction":[{"@type":"ReadAction","target":["https:\/\/www.mariventyachts.com\/de\/finanzdienstleistungen\/"]}]},{"@type":"ImageObject","inLanguage":"de","@id":"https:\/\/www.mariventyachts.com\/de\/finanzdienstleistungen\/#primaryimage","url":"https:\/\/www.mariventyachts.com\/wp-content\/uploads\/financial-pexels-jakubzerdzicki-26745679-scaled.jpg","contentUrl":"https:\/\/www.mariventyachts.com\/wp-content\/uploads\/financial-pexels-jakubzerdzicki-26745679-scaled.jpg","width":2560,"height":1708},{"@type":"BreadcrumbList","@id":"https:\/\/www.mariventyachts.com\/de\/finanzdienstleistungen\/#breadcrumb","itemListElement":[{"@type":"ListItem","position":1,"name":"Home","item":"https:\/\/www.mariventyachts.com\/de\/b\/"},{"@type":"ListItem","position":2,"name":"Finanzl\u00f6sungen"}]},{"@type":"WebSite","@id":"https:\/\/www.mariventyachts.com\/#website","url":"https:\/\/www.mariventyachts.com\/","name":"Marivent Yachts","description":"","publisher":{"@id":"https:\/\/www.mariventyachts.com\/#organization"},"potentialAction":[{"@type":"SearchAction","target":{"@type":"EntryPoint","urlTemplate":"https:\/\/www.mariventyachts.com\/?s={search_term_string}"},"query-input":{"@type":"PropertyValueSpecification","valueRequired":true,"valueName":"search_term_string"}}],"inLanguage":"de"},{"@type":"Organization","@id":"https:\/\/www.mariventyachts.com\/#organization","name":"Marivent Yachts","url":"https:\/\/www.mariventyachts.com\/","logo":{"@type":"ImageObject","inLanguage":"de","@id":"https:\/\/www.mariventyachts.com\/#\/schema\/logo\/image\/","url":"https:\/\/www.mariventyachts.com\/wp-content\/uploads\/2024\/03\/marivent-site-icon.jpg","contentUrl":"https:\/\/www.mariventyachts.com\/wp-content\/uploads\/2024\/03\/marivent-site-icon.jpg","width":512,"height":512,"caption":"Marivent Yachts"},"image":{"@id":"https:\/\/www.mariventyachts.com\/#\/schema\/logo\/image\/"},"sameAs":["https:\/\/www.facebook.com\/mariventyachts\/","https:\/\/www.instagram.com\/mariventyachts\/"]}]}},"_links":{"self":[{"href":"https:\/\/www.mariventyachts.com\/de\/wp-json\/wp\/v2\/pages\/4571","targetHints":{"allow":["GET"]}}],"collection":[{"href":"https:\/\/www.mariventyachts.com\/de\/wp-json\/wp\/v2\/pages"}],"about":[{"href":"https:\/\/www.mariventyachts.com\/de\/wp-json\/wp\/v2\/types\/page"}],"author":[{"embeddable":true,"href":"https:\/\/www.mariventyachts.com\/de\/wp-json\/wp\/v2\/users\/1"}],"replies":[{"embeddable":true,"href":"https:\/\/www.mariventyachts.com\/de\/wp-json\/wp\/v2\/comments?post=4571"}],"version-history":[{"count":3,"href":"https:\/\/www.mariventyachts.com\/de\/wp-json\/wp\/v2\/pages\/4571\/revisions"}],"predecessor-version":[{"id":4934,"href":"https:\/\/www.mariventyachts.com\/de\/wp-json\/wp\/v2\/pages\/4571\/revisions\/4934"}],"wp:featuredmedia":[{"embeddable":true,"href":"https:\/\/www.mariventyachts.com\/de\/wp-json\/wp\/v2\/media\/2944"}],"wp:attachment":[{"href":"https:\/\/www.mariventyachts.com\/de\/wp-json\/wp\/v2\/media?parent=4571"}],"wp:term":[{"taxonomy":"brand","embeddable":true,"href":"https:\/\/www.mariventyachts.com\/de\/wp-json\/wp\/v2\/brand?post=4571"},{"taxonomy":"brands-old","embeddable":true,"href":"https:\/\/www.mariventyachts.com\/de\/wp-json\/wp\/v2\/brands-old?post=4571"}],"curies":[{"name":"wp","href":"https:\/\/api.w.org\/{rel}","templated":true}]}}