{"id":4575,"date":"2024-09-12T12:12:42","date_gmt":"2024-09-12T11:12:42","guid":{"rendered":"https:\/\/www.mariventyachts.com\/moorings\/"},"modified":"2024-12-02T10:37:05","modified_gmt":"2024-12-02T10:37:05","slug":"liegeplaetze","status":"publish","type":"page","link":"https:\/\/www.mariventyachts.com\/de\/liegeplaetze\/","title":{"rendered":"Liegepl\u00e4tze"},"content":{"rendered":"<section class=\"l-section wpb_row height_medium\"><div class=\"l-section-h i-cf\"><div class=\"g-cols vc_row via_grid cols_2 laptops-cols_inherit tablets-cols_inherit mobiles-cols_1 valign_top type_default stacking_default\"><div class=\"wpb_column vc_column_container\"><div class=\"vc_column-inner\"><div class=\"wpb_text_column\"><div class=\"wpb_wrapper\"><p><strong>Suchen Sie einen Liegeplatz auf Mallorca oder Ibiza? Wir werden unser Bestes tun, um Ihnen zu helfen, aber die Pl\u00e4tze sind begrenzt.<\/strong><\/p>\n<p>Wenn Sie auf der Suche nach einem Liegeplatz f\u00fcr Ihre Yacht in den beliebten Gebieten von <strong>Mallorca<\/strong> oder <strong>Ibiza<\/strong> sind, haben Sie wahrscheinlich festgestellt, dass die Verf\u00fcgbarkeit begrenzt und die Nachfrage hoch ist. Egal, ob Sie eine <strong>Fjord Yacht, eine Bluegame Yacht<\/strong> oder ein anderes Luxusschiff besitzen, die Suche nach dem richtigen Platz an diesen begehrten Reisezielen kann ein komplexer und wettbewerbsintensiver Prozess sein.<\/p>\n<p>Wir von Marivent Yachts kennen die Herausforderungen bei der Suche nach dem idealen Liegeplatz. Da die Balearen eines der begehrtesten Segelreviere im Mittelmeer sind, ist die Sicherung eines Liegeplatzes, besonders in der Hochsaison, alles andere als garantiert. Beliebte Yachth\u00e4fen sind schnell ausgebucht, und private Liegepl\u00e4tze sind ohne die richtigen Kontakte und Kenntnisse nur schwer zu bekommen.<\/p>\n<p><strong>Warum sollten Sie Marivent Yachts f\u00fcr die Unterst\u00fctzung beim Anlegen w\u00e4hlen?<\/strong><\/p>\n<ul>\n<li><strong>Kompetenz auf Mallorca und Ibiza:<\/strong> Wir verf\u00fcgen \u00fcber fundierte Ortskenntnisse der Jachth\u00e4fen auf <strong>Mallorca<\/strong> und <strong>Ibiza<\/strong>, die es uns erm\u00f6glichen, die Komplexit\u00e4t des Liegeplatzsystems zu bew\u00e4ltigen. Unser Team ist immer auf dem neuesten Stand, was die Verf\u00fcgbarkeit und die Anforderungen auf den Inseln betrifft.<\/li>\n<li><strong>Zugang zu exklusiven Liegepl\u00e4tzen:<\/strong> Durch unser etabliertes Netzwerk werden wir alle M\u00f6glichkeiten ausloten, um den am besten geeigneten Liegeplatz f\u00fcr Ihre Fjord- oder Bluegame-Yacht zu finden. Obwohl der Platz begrenzt ist, nutzen wir unsere Verbindungen, um versteckte M\u00f6glichkeiten zu entdecken, die der Allgemeinheit m\u00f6glicherweise nicht zur Verf\u00fcgung stehen.<\/li>\n<li><strong>Personalisierte L\u00f6sungen:<\/strong> Jede Yacht hat andere Bed\u00fcrfnisse, und wir arbeiten eng mit Ihnen zusammen, um Ihre Pr\u00e4ferenzen zu verstehen &#8211; ob es sich um eine ruhige Bucht oder einen lebhaften Yachthafen mit erstklassigen Annehmlichkeiten handelt. Wir k\u00f6nnen Ihnen zwar keinen bestimmten Platz garantieren, aber wir bem\u00fchen uns, die bestm\u00f6gliche L\u00f6sung f\u00fcr Ihre Yacht zu finden.<\/li>\n<\/ul>\n<p><strong>Planen Sie im Voraus, um die besten Chancen auf Erfolg zu haben<\/strong><\/p>\n<p>In Anbetracht der hohen Nachfrage nach Liegepl\u00e4tzen auf <strong>Mallorca<\/strong> und <strong>Ibiza<\/strong>, insbesondere in den gesch\u00e4ftigen Sommermonaten, ist eine vorausschauende Planung von entscheidender Bedeutung. Je fr\u00fcher Sie mit Ihrer Suche beginnen, desto gr\u00f6\u00dfer sind Ihre Chancen, einen geeigneten Liegeplatz zu bekommen. Auch wenn es nicht immer m\u00f6glich ist, die Verf\u00fcgbarkeit eines Liegeplatzes zu garantieren, wird Marivent Yachts alles in seiner Macht Stehende tun, um Ihnen zu helfen, einen Platz zu finden.<\/p>\n<p>Wenn Sie einen langfristigen Liegeplatz f\u00fcr Ihre Yacht oder auch nur einen kurzfristigen Aufenthalt in Erw\u00e4gung ziehen, sollten Sie sich so bald wie m\u00f6glich mit uns in Verbindung setzen. Wir k\u00f6nnen Sie durch das Antragsverfahren f\u00fchren, Sie \u00fcber die besten Standorte beraten und unser Netzwerk nutzen, um Ihre Chancen auf einen Liegeplatz zu verbessern.<\/p>\n<p><strong>Kontaktieren Sie uns f\u00fcr weitere Informationen<\/strong><\/p>\n<p>Auch wenn die Liegeplatzsituation auf <strong>Mallorca<\/strong> und <strong>Ibiza<\/strong> schwierig ist, sollten Sie sich davon nicht abhalten lassen, diese unglaublichen Reiseziele zu genie\u00dfen. Lassen Sie Marivent Yachts Ihr zuverl\u00e4ssiger Partner sein, wenn es darum geht, die Komplexit\u00e4t des Anlegens einer Yacht zu meistern. Wenden Sie sich noch heute an uns, und wir werden unser Bestes tun, um Ihnen zu helfen, den richtigen Liegeplatz f\u00fcr Ihre Luxusyacht zu finden.<\/p>\n<\/div><\/div><\/div><\/div><div class=\"wpb_column vc_column_container\"><div class=\"vc_column-inner\"><div class=\"w-btn-wrapper align_none\"><a class=\"w-btn us-btn-style_6\" href=\"https:\/\/www.mariventyachts.com\/de\/kontaktieren\/\"><span class=\"w-btn-label\">Kontaktieren Sie uns f\u00fcr weitere Informationen<\/span><\/a><\/div><div class=\"w-separator size_custom\" style=\"height:5vh\"><\/div><\/div><\/div><\/div><\/div><\/section>\n","protected":false},"excerpt":{"rendered":"Suchen Sie einen Liegeplatz auf Mallorca oder Ibiza? Wir werden unser Bestes tun, um Ihnen zu helfen, aber die Pl\u00e4tze sind begrenzt. Wenn Sie auf der Suche nach einem Liegeplatz f\u00fcr Ihre Yacht in den beliebten Gebieten von Mallorca oder Ibiza sind, haben Sie wahrscheinlich festgestellt, dass die Verf\u00fcgbarkeit begrenzt und die Nachfrage hoch ist....","protected":false},"author":1,"featured_media":2938,"parent":0,"menu_order":0,"comment_status":"closed","ping_status":"closed","template":"","meta":{"_acf_changed":false,"footnotes":""},"brand":[],"brands-old":[],"class_list":["post-4575","page","type-page","status-publish","has-post-thumbnail","hentry"],"acf":[],"yoast_head":"<!-- This site is optimized with the Yoast SEO plugin v27.5 - https:\/\/yoast.com\/product\/yoast-seo-wordpress\/ -->\n<title>Liegepl\u00e4tze - Marivent Yachts<\/title>\n<meta name=\"robots\" content=\"index, follow, max-snippet:-1, max-image-preview:large, max-video-preview:-1\" \/>\n<link rel=\"canonical\" href=\"https:\/\/www.mariventyachts.com\/de\/liegeplaetze\/\" \/>\n<meta property=\"og:locale\" content=\"de_DE\" \/>\n<meta property=\"og:type\" content=\"article\" \/>\n<meta property=\"og:title\" content=\"Liegepl\u00e4tze - Marivent Yachts\" \/>\n<meta property=\"og:url\" content=\"https:\/\/www.mariventyachts.com\/de\/liegeplaetze\/\" \/>\n<meta property=\"og:site_name\" content=\"Marivent Yachts\" \/>\n<meta property=\"article:publisher\" content=\"https:\/\/www.facebook.com\/mariventyachts\/\" \/>\n<meta property=\"article:modified_time\" content=\"2024-12-02T10:37:05+00:00\" \/>\n<meta property=\"og:image\" content=\"https:\/\/www.mariventyachts.com\/wp-content\/uploads\/moorings-pexels-262056625-12892347-scaled.jpg\" \/>\n\t<meta property=\"og:image:width\" content=\"2560\" \/>\n\t<meta property=\"og:image:height\" content=\"1707\" \/>\n\t<meta property=\"og:image:type\" content=\"image\/jpeg\" \/>\n<meta name=\"twitter:card\" content=\"summary_large_image\" \/>\n<meta name=\"twitter:label1\" content=\"Gesch\u00e4tzte Lesezeit\" \/>\n\t<meta name=\"twitter:data1\" content=\"3\u00a0Minuten\" \/>\n<script type=\"application\/ld+json\" class=\"yoast-schema-graph\">{\"@context\":\"https:\\\/\\\/schema.org\",\"@graph\":[{\"@type\":\"WebPage\",\"@id\":\"https:\\\/\\\/www.mariventyachts.com\\\/de\\\/liegeplaetze\\\/\",\"url\":\"https:\\\/\\\/www.mariventyachts.com\\\/de\\\/liegeplaetze\\\/\",\"name\":\"Liegepl\u00e4tze - Marivent Yachts\",\"isPartOf\":{\"@id\":\"https:\\\/\\\/www.mariventyachts.com\\\/#website\"},\"primaryImageOfPage\":{\"@id\":\"https:\\\/\\\/www.mariventyachts.com\\\/de\\\/liegeplaetze\\\/#primaryimage\"},\"image\":{\"@id\":\"https:\\\/\\\/www.mariventyachts.com\\\/de\\\/liegeplaetze\\\/#primaryimage\"},\"thumbnailUrl\":\"https:\\\/\\\/www.mariventyachts.com\\\/wp-content\\\/uploads\\\/moorings-pexels-262056625-12892347-scaled.jpg\",\"datePublished\":\"2024-09-12T11:12:42+00:00\",\"dateModified\":\"2024-12-02T10:37:05+00:00\",\"breadcrumb\":{\"@id\":\"https:\\\/\\\/www.mariventyachts.com\\\/de\\\/liegeplaetze\\\/#breadcrumb\"},\"inLanguage\":\"de\",\"potentialAction\":[{\"@type\":\"ReadAction\",\"target\":[\"https:\\\/\\\/www.mariventyachts.com\\\/de\\\/liegeplaetze\\\/\"]}]},{\"@type\":\"ImageObject\",\"inLanguage\":\"de\",\"@id\":\"https:\\\/\\\/www.mariventyachts.com\\\/de\\\/liegeplaetze\\\/#primaryimage\",\"url\":\"https:\\\/\\\/www.mariventyachts.com\\\/wp-content\\\/uploads\\\/moorings-pexels-262056625-12892347-scaled.jpg\",\"contentUrl\":\"https:\\\/\\\/www.mariventyachts.com\\\/wp-content\\\/uploads\\\/moorings-pexels-262056625-12892347-scaled.jpg\",\"width\":2560,\"height\":1707},{\"@type\":\"BreadcrumbList\",\"@id\":\"https:\\\/\\\/www.mariventyachts.com\\\/de\\\/liegeplaetze\\\/#breadcrumb\",\"itemListElement\":[{\"@type\":\"ListItem\",\"position\":1,\"name\":\"Home\",\"item\":\"https:\\\/\\\/www.mariventyachts.com\\\/de\\\/b\\\/\"},{\"@type\":\"ListItem\",\"position\":2,\"name\":\"Liegepl\u00e4tze\"}]},{\"@type\":\"WebSite\",\"@id\":\"https:\\\/\\\/www.mariventyachts.com\\\/#website\",\"url\":\"https:\\\/\\\/www.mariventyachts.com\\\/\",\"name\":\"Marivent Yachts\",\"description\":\"\",\"publisher\":{\"@id\":\"https:\\\/\\\/www.mariventyachts.com\\\/#organization\"},\"potentialAction\":[{\"@type\":\"SearchAction\",\"target\":{\"@type\":\"EntryPoint\",\"urlTemplate\":\"https:\\\/\\\/www.mariventyachts.com\\\/?s={search_term_string}\"},\"query-input\":{\"@type\":\"PropertyValueSpecification\",\"valueRequired\":true,\"valueName\":\"search_term_string\"}}],\"inLanguage\":\"de\"},{\"@type\":\"Organization\",\"@id\":\"https:\\\/\\\/www.mariventyachts.com\\\/#organization\",\"name\":\"Marivent Yachts\",\"url\":\"https:\\\/\\\/www.mariventyachts.com\\\/\",\"logo\":{\"@type\":\"ImageObject\",\"inLanguage\":\"de\",\"@id\":\"https:\\\/\\\/www.mariventyachts.com\\\/#\\\/schema\\\/logo\\\/image\\\/\",\"url\":\"https:\\\/\\\/www.mariventyachts.com\\\/wp-content\\\/uploads\\\/2024\\\/03\\\/marivent-site-icon.jpg\",\"contentUrl\":\"https:\\\/\\\/www.mariventyachts.com\\\/wp-content\\\/uploads\\\/2024\\\/03\\\/marivent-site-icon.jpg\",\"width\":512,\"height\":512,\"caption\":\"Marivent Yachts\"},\"image\":{\"@id\":\"https:\\\/\\\/www.mariventyachts.com\\\/#\\\/schema\\\/logo\\\/image\\\/\"},\"sameAs\":[\"https:\\\/\\\/www.facebook.com\\\/mariventyachts\\\/\",\"https:\\\/\\\/www.instagram.com\\\/mariventyachts\\\/\"]}]}<\/script>\n<!-- \/ Yoast SEO plugin. -->","yoast_head_json":{"title":"Liegepl\u00e4tze - Marivent Yachts","robots":{"index":"index","follow":"follow","max-snippet":"max-snippet:-1","max-image-preview":"max-image-preview:large","max-video-preview":"max-video-preview:-1"},"canonical":"https:\/\/www.mariventyachts.com\/de\/liegeplaetze\/","og_locale":"de_DE","og_type":"article","og_title":"Liegepl\u00e4tze - Marivent Yachts","og_url":"https:\/\/www.mariventyachts.com\/de\/liegeplaetze\/","og_site_name":"Marivent Yachts","article_publisher":"https:\/\/www.facebook.com\/mariventyachts\/","article_modified_time":"2024-12-02T10:37:05+00:00","og_image":[{"width":2560,"height":1707,"url":"https:\/\/www.mariventyachts.com\/wp-content\/uploads\/moorings-pexels-262056625-12892347-scaled.jpg","type":"image\/jpeg"}],"twitter_card":"summary_large_image","twitter_misc":{"Gesch\u00e4tzte Lesezeit":"3\u00a0Minuten"},"schema":{"@context":"https:\/\/schema.org","@graph":[{"@type":"WebPage","@id":"https:\/\/www.mariventyachts.com\/de\/liegeplaetze\/","url":"https:\/\/www.mariventyachts.com\/de\/liegeplaetze\/","name":"Liegepl\u00e4tze - Marivent Yachts","isPartOf":{"@id":"https:\/\/www.mariventyachts.com\/#website"},"primaryImageOfPage":{"@id":"https:\/\/www.mariventyachts.com\/de\/liegeplaetze\/#primaryimage"},"image":{"@id":"https:\/\/www.mariventyachts.com\/de\/liegeplaetze\/#primaryimage"},"thumbnailUrl":"https:\/\/www.mariventyachts.com\/wp-content\/uploads\/moorings-pexels-262056625-12892347-scaled.jpg","datePublished":"2024-09-12T11:12:42+00:00","dateModified":"2024-12-02T10:37:05+00:00","breadcrumb":{"@id":"https:\/\/www.mariventyachts.com\/de\/liegeplaetze\/#breadcrumb"},"inLanguage":"de","potentialAction":[{"@type":"ReadAction","target":["https:\/\/www.mariventyachts.com\/de\/liegeplaetze\/"]}]},{"@type":"ImageObject","inLanguage":"de","@id":"https:\/\/www.mariventyachts.com\/de\/liegeplaetze\/#primaryimage","url":"https:\/\/www.mariventyachts.com\/wp-content\/uploads\/moorings-pexels-262056625-12892347-scaled.jpg","contentUrl":"https:\/\/www.mariventyachts.com\/wp-content\/uploads\/moorings-pexels-262056625-12892347-scaled.jpg","width":2560,"height":1707},{"@type":"BreadcrumbList","@id":"https:\/\/www.mariventyachts.com\/de\/liegeplaetze\/#breadcrumb","itemListElement":[{"@type":"ListItem","position":1,"name":"Home","item":"https:\/\/www.mariventyachts.com\/de\/b\/"},{"@type":"ListItem","position":2,"name":"Liegepl\u00e4tze"}]},{"@type":"WebSite","@id":"https:\/\/www.mariventyachts.com\/#website","url":"https:\/\/www.mariventyachts.com\/","name":"Marivent Yachts","description":"","publisher":{"@id":"https:\/\/www.mariventyachts.com\/#organization"},"potentialAction":[{"@type":"SearchAction","target":{"@type":"EntryPoint","urlTemplate":"https:\/\/www.mariventyachts.com\/?s={search_term_string}"},"query-input":{"@type":"PropertyValueSpecification","valueRequired":true,"valueName":"search_term_string"}}],"inLanguage":"de"},{"@type":"Organization","@id":"https:\/\/www.mariventyachts.com\/#organization","name":"Marivent Yachts","url":"https:\/\/www.mariventyachts.com\/","logo":{"@type":"ImageObject","inLanguage":"de","@id":"https:\/\/www.mariventyachts.com\/#\/schema\/logo\/image\/","url":"https:\/\/www.mariventyachts.com\/wp-content\/uploads\/2024\/03\/marivent-site-icon.jpg","contentUrl":"https:\/\/www.mariventyachts.com\/wp-content\/uploads\/2024\/03\/marivent-site-icon.jpg","width":512,"height":512,"caption":"Marivent Yachts"},"image":{"@id":"https:\/\/www.mariventyachts.com\/#\/schema\/logo\/image\/"},"sameAs":["https:\/\/www.facebook.com\/mariventyachts\/","https:\/\/www.instagram.com\/mariventyachts\/"]}]}},"_links":{"self":[{"href":"https:\/\/www.mariventyachts.com\/de\/wp-json\/wp\/v2\/pages\/4575","targetHints":{"allow":["GET"]}}],"collection":[{"href":"https:\/\/www.mariventyachts.com\/de\/wp-json\/wp\/v2\/pages"}],"about":[{"href":"https:\/\/www.mariventyachts.com\/de\/wp-json\/wp\/v2\/types\/page"}],"author":[{"embeddable":true,"href":"https:\/\/www.mariventyachts.com\/de\/wp-json\/wp\/v2\/users\/1"}],"replies":[{"embeddable":true,"href":"https:\/\/www.mariventyachts.com\/de\/wp-json\/wp\/v2\/comments?post=4575"}],"version-history":[{"count":3,"href":"https:\/\/www.mariventyachts.com\/de\/wp-json\/wp\/v2\/pages\/4575\/revisions"}],"predecessor-version":[{"id":4941,"href":"https:\/\/www.mariventyachts.com\/de\/wp-json\/wp\/v2\/pages\/4575\/revisions\/4941"}],"wp:featuredmedia":[{"embeddable":true,"href":"https:\/\/www.mariventyachts.com\/de\/wp-json\/wp\/v2\/media\/2938"}],"wp:attachment":[{"href":"https:\/\/www.mariventyachts.com\/de\/wp-json\/wp\/v2\/media?parent=4575"}],"wp:term":[{"taxonomy":"brand","embeddable":true,"href":"https:\/\/www.mariventyachts.com\/de\/wp-json\/wp\/v2\/brand?post=4575"},{"taxonomy":"brands-old","embeddable":true,"href":"https:\/\/www.mariventyachts.com\/de\/wp-json\/wp\/v2\/brands-old?post=4575"}],"curies":[{"name":"wp","href":"https:\/\/api.w.org\/{rel}","templated":true}]}}