{"id":4585,"date":"2024-09-06T07:10:00","date_gmt":"2024-09-06T06:10:00","guid":{"rendered":"https:\/\/www.mariventyachts.com\/sell-your-yacht\/"},"modified":"2024-12-02T08:17:48","modified_gmt":"2024-12-02T08:17:48","slug":"verkaufen-sie-ihre-yach","status":"publish","type":"page","link":"https:\/\/www.mariventyachts.com\/de\/verkaufen-sie-ihre-yach\/","title":{"rendered":"Verkaufen Sie Ihre Yacht"},"content":{"rendered":"<section class=\"l-section wpb_row height_medium\"><div class=\"l-section-h i-cf\"><div class=\"g-cols vc_row via_grid cols_1-3 laptops-cols_inherit tablets-cols_inherit mobiles-cols_1 valign_top type_default stacking_default\"><div class=\"wpb_column vc_column_container\"><div class=\"vc_column-inner\"><div class=\"wpb_text_column\"><div class=\"wpb_wrapper\"><p><strong>M\u00f6chten Sie Ihre aktuelle Yacht eintauschen?<\/strong><\/p>\n<p>Wahrscheinlich w\u00e4re es gut, zun\u00e4chst eine Sch\u00e4tzung des Wertes zu erhalten. Schlie\u00dflich ist die Inzahlungnahme einer Yacht viel unkomplizierter, als sie selbst zu verkaufen. Au\u00dferdem k\u00f6nnen Sie durch die Inzahlungnahme einer Yacht oft Ihre Raten senken. Eine Win-Win-Situation!<\/p>\n<p>Wir helfen Ihnen gerne, eine fundierte Entscheidung zu treffen. F\u00fcllen Sie einfach das untenstehende Formular aus, und wir senden Ihnen einen Kostenvoranschlag zu. Von da an liegt es an Ihnen, was Sie tun m\u00f6chten!<\/p>\n<\/div><\/div><div class=\"w-separator size_medium\"><\/div><div class=\"w-btn-wrapper align_none\"><a class=\"w-btn us-btn-style_6\" href=\"https:\/\/www.mariventyachts.com\/wp-content\/uploads\/sell-your-yacht-brokerage-en.pdf\"><span class=\"w-btn-label\">PDF Herunterladen<\/span><\/a><\/div><\/div><\/div><div class=\"wpb_column vc_column_container\"><div class=\"vc_column-inner\">\n<div class=\"wpcf7 no-js\" id=\"wpcf7-f4991-o1\" lang=\"de-DE\" dir=\"ltr\" data-wpcf7-id=\"4991\">\n<div class=\"screen-reader-response\"><p role=\"status\" aria-live=\"polite\" aria-atomic=\"true\"><\/p> <ul><\/ul><\/div>\n<form action=\"\/de\/wp-json\/wp\/v2\/pages\/4585#wpcf7-f4991-o1\" method=\"post\" class=\"wpcf7-form init\" aria-label=\"Kontaktformular\" enctype=\"multipart\/form-data\" novalidate=\"novalidate\" data-status=\"init\">\n<fieldset class=\"hidden-fields-container\"><input type=\"hidden\" name=\"_wpcf7\" value=\"4991\" \/><input type=\"hidden\" name=\"_wpcf7_version\" value=\"6.1.5\" \/><input type=\"hidden\" name=\"_wpcf7_locale\" value=\"de_DE\" \/><input type=\"hidden\" name=\"_wpcf7_unit_tag\" value=\"wpcf7-f4991-o1\" \/><input type=\"hidden\" name=\"_wpcf7_container_post\" value=\"0\" \/><input type=\"hidden\" name=\"_wpcf7_posted_data_hash\" value=\"\" \/><input type=\"hidden\" name=\"_wpcf7dtx_version\" value=\"5.0.5\" \/><input type=\"hidden\" name=\"_wpcf7_recaptcha_response\" value=\"\" \/>\n<\/fieldset>\n<div id=\"sell-your-boat-from\">\n\t<h3>Yachtinformationen\n\t<\/h3>\n\t<div class=\"w-form-h\">\n\t\t<div class=\"w-form-row cols_2\">\n\t\t\t<p><label> Marke * <span class=\"wpcf7-form-control-wrap\" data-name=\"boat-brand\"><input size=\"40\" maxlength=\"400\" class=\"wpcf7-form-control wpcf7-text wpcf7-validates-as-required\" aria-required=\"true\" aria-invalid=\"false\" value=\"\" type=\"text\" name=\"boat-brand\" \/><\/span> <\/label>\n\t\t\t<\/p>\n\t\t<\/div>\n\t\t<div class=\"w-form-row cols_2\">\n\t\t\t<p><label> Modell * <span class=\"wpcf7-form-control-wrap\" data-name=\"boat-model\"><input size=\"40\" maxlength=\"400\" class=\"wpcf7-form-control wpcf7-text wpcf7-validates-as-required\" aria-required=\"true\" aria-invalid=\"false\" value=\"\" type=\"text\" name=\"boat-model\" \/><\/span> <\/label>\n\t\t\t<\/p>\n\t\t<\/div>\n\t<\/div>\n\t<div class=\"w-form-h\">\n\t\t<div class=\"w-form-row cols_2\">\n\t\t\t<p><label> Standort * <span class=\"wpcf7-form-control-wrap\" data-name=\"boat-location\"><input size=\"40\" maxlength=\"400\" class=\"wpcf7-form-control wpcf7-text wpcf7-validates-as-required\" aria-required=\"true\" aria-invalid=\"false\" value=\"\" type=\"text\" name=\"boat-location\" \/><\/span> <\/label>\n\t\t\t<\/p>\n\t\t<\/div>\n\t\t<div class=\"w-form-row cols_2\">\n\t\t\t<p><label> Baujahr <span class=\"wpcf7-form-control-wrap\" data-name=\"boat-year\"><input size=\"40\" maxlength=\"400\" class=\"wpcf7-form-control wpcf7-text\" aria-invalid=\"false\" value=\"\" type=\"text\" name=\"boat-year\" \/><\/span> <\/label>\n\t\t\t<\/p>\n\t\t<\/div>\n\t<\/div>\n\t<h3>Ihre Daten\n\t<\/h3>\n\t<div class=\"w-form-h\">\n\t\t<div class=\"w-form-row cols_2\">\n\t\t\t<p><label> Name *<br \/>\n<span class=\"wpcf7-form-control-wrap\" data-name=\"your-name\"><input size=\"40\" maxlength=\"400\" class=\"wpcf7-form-control wpcf7-text wpcf7-validates-as-required\" autocomplete=\"name\" aria-required=\"true\" aria-invalid=\"false\" value=\"\" type=\"text\" name=\"your-name\" \/><\/span> <\/label>\n\t\t\t<\/p>\n\t\t<\/div>\n\t\t<div class=\"w-form-row cols_2\">\n\t\t\t<p><label> Vorname *<br \/>\n<span class=\"wpcf7-form-control-wrap\" data-name=\"your-surname\"><input size=\"40\" maxlength=\"400\" class=\"wpcf7-form-control wpcf7-text wpcf7-validates-as-required\" autocomplete=\"name\" aria-required=\"true\" aria-invalid=\"false\" value=\"\" type=\"text\" name=\"your-surname\" \/><\/span> <\/label>\n\t\t\t<\/p>\n\t\t<\/div>\n\t<\/div>\n\t<div class=\"w-form-h\">\n\t\t<div class=\"w-form-row cols_2\">\n\t\t\t<p><label> Email *<br \/>\n<span class=\"wpcf7-form-control-wrap\" data-name=\"your-email\"><input size=\"40\" maxlength=\"400\" class=\"wpcf7-form-control wpcf7-email wpcf7-validates-as-required wpcf7-text wpcf7-validates-as-email\" autocomplete=\"email\" aria-required=\"true\" aria-invalid=\"false\" value=\"\" type=\"email\" name=\"your-email\" \/><\/span> <\/label>\n\t\t\t<\/p>\n\t\t<\/div>\n\t\t<div class=\"w-form-row cols_2\">\n\t\t\t<p><label> Telefon<br \/>\n<span class=\"wpcf7-form-control-wrap\" data-name=\"your-phone\"><input size=\"40\" maxlength=\"400\" class=\"wpcf7-form-control wpcf7-tel wpcf7-text wpcf7-validates-as-tel\" aria-invalid=\"false\" value=\"\" type=\"tel\" name=\"your-phone\" \/><\/span> <\/label>\n\t\t\t<\/p>\n\t\t<\/div>\n\t<\/div>\n\t<div class=\"w-form-h\">\n\t\t<div class=\"w-form-row cols_1\">\n\t\t\t<p><label> Nachricht<br \/>\n<span class=\"wpcf7-form-control-wrap\" data-name=\"your-message\"><textarea cols=\"40\" rows=\"10\" maxlength=\"2000\" class=\"wpcf7-form-control wpcf7-textarea\" aria-invalid=\"false\" name=\"your-message\"><\/textarea><\/span> <\/label>\n\t\t\t<\/p>\n\t\t<\/div>\n\t<\/div>\n\t<h3>Anh\u00e4nge\n\t<\/h3>\n\t<div class=\"w-form-h\">\n\t\t<div class=\"w-form-row cols_1\">\n\t\t\t<div>\n\t\t\t\t<p>Akzeptierte Dateitypen: jpg, png, jpeg, doc, pdf. Max. Dateigr\u00f6\u00dfe: 64 MB, Max.\n\t\t\t\t<\/p>\n\t\t\t<\/div>\n\t\t\t<div id=\"mfcf7_zl_multifilecontainer\"><span class=\"mfcf7-zl-multiline-sample\" style=\"display:none\"><p class=\"wpcf7-form-control-wrap multilinefile-459\"><input size=\"40\" class=\"wpcf7-form-control wpcf7-multilinefile\" multiple=\"multiple\" value=\"W\u00e4hlen Sie Ihre Dateien aus\" aria-invalid=\"false\" type=\"file\" name=\"multilinefile-459[]\" \/> <span class=\"mfcf7-zl-multifile-name\"><\/span><a href=\"javascript:void(0);\" class=\"mfcf7_zl_delete_file\"><span class=\"delete-file\" aria-hidden=\"true\">&#x274C;<\/span><\/a><\/p><\/span><\/div><span class=\"wpcf7-form-control-wrap zl-form-control-wrap multilinefile-459\"><input size=\"40\" class=\"wpcf7-form-control wpcf7-multilinefile\" multiple=\"multiple\" value=\"W\u00e4hlen Sie Ihre Dateien aus\" aria-invalid=\"false\" type=\"file\" name=\"multilinefile-459[]\" \/> <span class=\"mfcf7-zl-multifile-name\"><\/span><a href=\"javascript:void(0);\" class=\"mfcf7_zl_delete_file\"><span class=\"delete-file\" aria-hidden=\"true\">&#x274C;<\/span><\/a><\/span><p><label><span class=\"wpcf7-form-control-wrap\" data-name=\"multilinefile-459-zl-mfcf7-upld-btn\"><input type=\"button\" name=\"multilinefile-459-zl-mfcf7-upld-btn\" class=\"button button-primary qbutton\" id=\"mfcf7_zl_add_file\" value=\"W\u00e4hlen Sie Ihre Dateien aus\"><\/span><\/label><\/p>\n\t\t\t<\/p>\n\t\t<\/div>\n\t<\/div>\n\t<div class=\"terms\" id=\"my-legal\">\n\t\t<p><strong>PRIVACY<\/strong><br \/>\nFormular gesch\u00fctzt durch Google reCAPTCHA. <a href=\"https:\/\/policies.google.com\/privacy\">Privacy policy<\/a> and <a href=\"https:\/\/policies.google.com\/terms\">Conditions<\/a> by Google.\n\t\t<\/p>\n\t<\/div>\n\t<div class=\"w-form-h\">\n\t\t<div class=\"w-form-row cols_1\">\n\t\t\t<div class=\"termsandconditions\">\n\t\t\t\t<p><span class=\"wpcf7-form-control-wrap\" data-name=\"acceptance-459\"><span class=\"wpcf7-form-control wpcf7-acceptance\"><span class=\"wpcf7-list-item\"><label><input type=\"checkbox\" name=\"acceptance-459\" value=\"1\" aria-invalid=\"false\" \/><span class=\"wpcf7-list-item-label\">Ich stimme der  <span class=\"my-legal\">Datenschutzerkl\u00e4rung<\/span> zu.<\/span><\/label><\/span><\/span><\/span>\n\t\t\t\t<\/p>\n\t\t\t<\/div>\n\t\t<\/div>\n\t<\/div>\n\t<div class=\"w-form-h\">\n\t\t<div class=\"w-form-row cols_1\">\n\t\t\t<p><input class=\"wpcf7-form-control wpcf7-submit has-spinner\" type=\"submit\" value=\"Daten Senden\" \/>\n\t\t\t<\/p>\n\t\t<\/div>\n\t<\/div>\n<\/div><div class=\"wpcf7-response-output\" aria-hidden=\"true\"><\/div>\n<\/form>\n<\/div>\n<div class=\"w-popup align_none\"><span class=\"w-popup-trigger type_selector\" data-selector=\".my-legal\"><\/span><div class=\"w-popup-overlay\" style=\"background:rgba(0,0,0,0.85);\"><\/div><div class=\"w-popup-wrap layout_default\" role=\"dialog\" aria-modal=\"true\" aria-label=\"Pop-up\" style=\"--title-color:var(--color-content-heading);--title-bg-color:var(--color-content-bg-alt);--content-color:var(--color-content-text);--content-bg-color:var(--color-content-bg);--popup-width:900px;--popup-padding:5%;\"><button aria-label=\"Schlie\u00dfen\" class=\"w-popup-closer\" type=\"button\"><\/button><div class=\"w-popup-box animation_fadeIn closerpos_outside without_title\"><div class=\"w-popup-box-h\"><div class=\"w-popup-box-content\"><section class=\"l-section wpb_row height_medium\"><div class=\"l-section-h i-cf\"><div class=\"g-cols vc_row via_grid cols_1 laptops-cols_inherit tablets-cols_inherit mobiles-cols_1 valign_top type_default stacking_default\"><div class=\"wpb_column vc_column_container\"><div class=\"vc_column-inner\"><div class=\"wpb_text_column\"><div class=\"wpb_wrapper\"><p>Marivent Yachts will request some simple details about you (name, surname, email address and, if needed, your telephone number). These details will be processed by Marivent Yachts according to the purposes and means of the processing indicated in the privacy statement under the PRIVACY Section of this website, referred to herein.<\/p>\n<p>Having read the privacy statement on the treatment of personal data, I give my consent, in electronic format, to the processing of my personal data, for the purposes expressed in the above-mentioned privacy statement.<\/p>\n<p>Please note that unless you give your consent we will not be able to respond to any Request for Information.<\/p>\n<p>In particular, I give my consent, in electronic format, to the processing of my personal data by automated means intended solely for the purpose of linking my boating interests to any market offers so that the Company can show me any suitable products.<\/p>\n<p>Without your consent Marivent Yachts will not be able to address your specific needs appropriately.<\/p>\n<\/div><\/div><\/div><\/div><\/div><\/div><\/section>\n<\/div><\/div><\/div><\/div><\/div><\/div><\/div><\/div><\/div><\/section>\n","protected":false},"excerpt":{"rendered":"M\u00f6chten Sie Ihre aktuelle Yacht eintauschen? Wahrscheinlich w\u00e4re es gut, zun\u00e4chst eine Sch\u00e4tzung des Wertes zu erhalten. Schlie\u00dflich ist die Inzahlungnahme einer Yacht viel unkomplizierter, als sie selbst zu verkaufen. Au\u00dferdem k\u00f6nnen Sie durch die Inzahlungnahme einer Yacht oft Ihre Raten senken. Eine Win-Win-Situation! Wir helfen Ihnen gerne, eine fundierte Entscheidung zu treffen. F\u00fcllen Sie...","protected":false},"author":1,"featured_media":1619,"parent":0,"menu_order":0,"comment_status":"closed","ping_status":"closed","template":"","meta":{"_acf_changed":false,"footnotes":""},"brand":[],"brands-old":[],"class_list":["post-4585","page","type-page","status-publish","has-post-thumbnail","hentry"],"acf":[],"yoast_head":"<!-- This site is optimized with the Yoast SEO plugin v27.4 - https:\/\/yoast.com\/product\/yoast-seo-wordpress\/ -->\n<title>Verkaufen Sie Ihre Yacht - Marivent Yachts<\/title>\n<meta name=\"robots\" content=\"index, follow, max-snippet:-1, max-image-preview:large, max-video-preview:-1\" \/>\n<link rel=\"canonical\" href=\"https:\/\/www.mariventyachts.com\/de\/verkaufen-sie-ihre-yach\/\" \/>\n<meta property=\"og:locale\" content=\"de_DE\" \/>\n<meta property=\"og:type\" content=\"article\" \/>\n<meta property=\"og:title\" content=\"Verkaufen Sie Ihre Yacht - Marivent Yachts\" \/>\n<meta property=\"og:url\" content=\"https:\/\/www.mariventyachts.com\/de\/verkaufen-sie-ihre-yach\/\" \/>\n<meta property=\"og:site_name\" content=\"Marivent Yachts\" \/>\n<meta property=\"article:publisher\" content=\"https:\/\/www.facebook.com\/mariventyachts\/\" \/>\n<meta property=\"article:modified_time\" content=\"2024-12-02T08:17:48+00:00\" \/>\n<meta property=\"og:image\" content=\"https:\/\/www.mariventyachts.com\/wp-content\/uploads\/bluegame-bgx70-22.jpg\" \/>\n\t<meta property=\"og:image:width\" content=\"1920\" \/>\n\t<meta property=\"og:image:height\" content=\"1080\" \/>\n\t<meta property=\"og:image:type\" content=\"image\/jpeg\" \/>\n<meta name=\"twitter:card\" content=\"summary_large_image\" \/>\n<meta name=\"twitter:label1\" content=\"Gesch\u00e4tzte Lesezeit\" \/>\n\t<meta name=\"twitter:data1\" content=\"1\u00a0Minute\" \/>\n<script type=\"application\/ld+json\" class=\"yoast-schema-graph\">{\"@context\":\"https:\\\/\\\/schema.org\",\"@graph\":[{\"@type\":\"WebPage\",\"@id\":\"https:\\\/\\\/www.mariventyachts.com\\\/de\\\/verkaufen-sie-ihre-yach\\\/\",\"url\":\"https:\\\/\\\/www.mariventyachts.com\\\/de\\\/verkaufen-sie-ihre-yach\\\/\",\"name\":\"Verkaufen Sie Ihre Yacht - Marivent Yachts\",\"isPartOf\":{\"@id\":\"https:\\\/\\\/www.mariventyachts.com\\\/#website\"},\"primaryImageOfPage\":{\"@id\":\"https:\\\/\\\/www.mariventyachts.com\\\/de\\\/verkaufen-sie-ihre-yach\\\/#primaryimage\"},\"image\":{\"@id\":\"https:\\\/\\\/www.mariventyachts.com\\\/de\\\/verkaufen-sie-ihre-yach\\\/#primaryimage\"},\"thumbnailUrl\":\"https:\\\/\\\/www.mariventyachts.com\\\/wp-content\\\/uploads\\\/bluegame-bgx70-22.jpg\",\"datePublished\":\"2024-09-06T06:10:00+00:00\",\"dateModified\":\"2024-12-02T08:17:48+00:00\",\"breadcrumb\":{\"@id\":\"https:\\\/\\\/www.mariventyachts.com\\\/de\\\/verkaufen-sie-ihre-yach\\\/#breadcrumb\"},\"inLanguage\":\"de\",\"potentialAction\":[{\"@type\":\"ReadAction\",\"target\":[\"https:\\\/\\\/www.mariventyachts.com\\\/de\\\/verkaufen-sie-ihre-yach\\\/\"]}]},{\"@type\":\"ImageObject\",\"inLanguage\":\"de\",\"@id\":\"https:\\\/\\\/www.mariventyachts.com\\\/de\\\/verkaufen-sie-ihre-yach\\\/#primaryimage\",\"url\":\"https:\\\/\\\/www.mariventyachts.com\\\/wp-content\\\/uploads\\\/bluegame-bgx70-22.jpg\",\"contentUrl\":\"https:\\\/\\\/www.mariventyachts.com\\\/wp-content\\\/uploads\\\/bluegame-bgx70-22.jpg\",\"width\":1920,\"height\":1080},{\"@type\":\"BreadcrumbList\",\"@id\":\"https:\\\/\\\/www.mariventyachts.com\\\/de\\\/verkaufen-sie-ihre-yach\\\/#breadcrumb\",\"itemListElement\":[{\"@type\":\"ListItem\",\"position\":1,\"name\":\"Home\",\"item\":\"https:\\\/\\\/www.mariventyachts.com\\\/de\\\/b\\\/\"},{\"@type\":\"ListItem\",\"position\":2,\"name\":\"Verkaufen Sie Ihre Yacht\"}]},{\"@type\":\"WebSite\",\"@id\":\"https:\\\/\\\/www.mariventyachts.com\\\/#website\",\"url\":\"https:\\\/\\\/www.mariventyachts.com\\\/\",\"name\":\"Marivent Yachts\",\"description\":\"\",\"publisher\":{\"@id\":\"https:\\\/\\\/www.mariventyachts.com\\\/#organization\"},\"potentialAction\":[{\"@type\":\"SearchAction\",\"target\":{\"@type\":\"EntryPoint\",\"urlTemplate\":\"https:\\\/\\\/www.mariventyachts.com\\\/?s={search_term_string}\"},\"query-input\":{\"@type\":\"PropertyValueSpecification\",\"valueRequired\":true,\"valueName\":\"search_term_string\"}}],\"inLanguage\":\"de\"},{\"@type\":\"Organization\",\"@id\":\"https:\\\/\\\/www.mariventyachts.com\\\/#organization\",\"name\":\"Marivent Yachts\",\"url\":\"https:\\\/\\\/www.mariventyachts.com\\\/\",\"logo\":{\"@type\":\"ImageObject\",\"inLanguage\":\"de\",\"@id\":\"https:\\\/\\\/www.mariventyachts.com\\\/#\\\/schema\\\/logo\\\/image\\\/\",\"url\":\"https:\\\/\\\/www.mariventyachts.com\\\/wp-content\\\/uploads\\\/2024\\\/03\\\/marivent-site-icon.jpg\",\"contentUrl\":\"https:\\\/\\\/www.mariventyachts.com\\\/wp-content\\\/uploads\\\/2024\\\/03\\\/marivent-site-icon.jpg\",\"width\":512,\"height\":512,\"caption\":\"Marivent Yachts\"},\"image\":{\"@id\":\"https:\\\/\\\/www.mariventyachts.com\\\/#\\\/schema\\\/logo\\\/image\\\/\"},\"sameAs\":[\"https:\\\/\\\/www.facebook.com\\\/mariventyachts\\\/\",\"https:\\\/\\\/www.instagram.com\\\/mariventyachts\\\/\"]}]}<\/script>\n<!-- \/ Yoast SEO plugin. -->","yoast_head_json":{"title":"Verkaufen Sie Ihre Yacht - Marivent Yachts","robots":{"index":"index","follow":"follow","max-snippet":"max-snippet:-1","max-image-preview":"max-image-preview:large","max-video-preview":"max-video-preview:-1"},"canonical":"https:\/\/www.mariventyachts.com\/de\/verkaufen-sie-ihre-yach\/","og_locale":"de_DE","og_type":"article","og_title":"Verkaufen Sie Ihre Yacht - Marivent Yachts","og_url":"https:\/\/www.mariventyachts.com\/de\/verkaufen-sie-ihre-yach\/","og_site_name":"Marivent Yachts","article_publisher":"https:\/\/www.facebook.com\/mariventyachts\/","article_modified_time":"2024-12-02T08:17:48+00:00","og_image":[{"width":1920,"height":1080,"url":"https:\/\/www.mariventyachts.com\/wp-content\/uploads\/bluegame-bgx70-22.jpg","type":"image\/jpeg"}],"twitter_card":"summary_large_image","twitter_misc":{"Gesch\u00e4tzte Lesezeit":"1\u00a0Minute"},"schema":{"@context":"https:\/\/schema.org","@graph":[{"@type":"WebPage","@id":"https:\/\/www.mariventyachts.com\/de\/verkaufen-sie-ihre-yach\/","url":"https:\/\/www.mariventyachts.com\/de\/verkaufen-sie-ihre-yach\/","name":"Verkaufen Sie Ihre Yacht - Marivent Yachts","isPartOf":{"@id":"https:\/\/www.mariventyachts.com\/#website"},"primaryImageOfPage":{"@id":"https:\/\/www.mariventyachts.com\/de\/verkaufen-sie-ihre-yach\/#primaryimage"},"image":{"@id":"https:\/\/www.mariventyachts.com\/de\/verkaufen-sie-ihre-yach\/#primaryimage"},"thumbnailUrl":"https:\/\/www.mariventyachts.com\/wp-content\/uploads\/bluegame-bgx70-22.jpg","datePublished":"2024-09-06T06:10:00+00:00","dateModified":"2024-12-02T08:17:48+00:00","breadcrumb":{"@id":"https:\/\/www.mariventyachts.com\/de\/verkaufen-sie-ihre-yach\/#breadcrumb"},"inLanguage":"de","potentialAction":[{"@type":"ReadAction","target":["https:\/\/www.mariventyachts.com\/de\/verkaufen-sie-ihre-yach\/"]}]},{"@type":"ImageObject","inLanguage":"de","@id":"https:\/\/www.mariventyachts.com\/de\/verkaufen-sie-ihre-yach\/#primaryimage","url":"https:\/\/www.mariventyachts.com\/wp-content\/uploads\/bluegame-bgx70-22.jpg","contentUrl":"https:\/\/www.mariventyachts.com\/wp-content\/uploads\/bluegame-bgx70-22.jpg","width":1920,"height":1080},{"@type":"BreadcrumbList","@id":"https:\/\/www.mariventyachts.com\/de\/verkaufen-sie-ihre-yach\/#breadcrumb","itemListElement":[{"@type":"ListItem","position":1,"name":"Home","item":"https:\/\/www.mariventyachts.com\/de\/b\/"},{"@type":"ListItem","position":2,"name":"Verkaufen Sie Ihre Yacht"}]},{"@type":"WebSite","@id":"https:\/\/www.mariventyachts.com\/#website","url":"https:\/\/www.mariventyachts.com\/","name":"Marivent Yachts","description":"","publisher":{"@id":"https:\/\/www.mariventyachts.com\/#organization"},"potentialAction":[{"@type":"SearchAction","target":{"@type":"EntryPoint","urlTemplate":"https:\/\/www.mariventyachts.com\/?s={search_term_string}"},"query-input":{"@type":"PropertyValueSpecification","valueRequired":true,"valueName":"search_term_string"}}],"inLanguage":"de"},{"@type":"Organization","@id":"https:\/\/www.mariventyachts.com\/#organization","name":"Marivent Yachts","url":"https:\/\/www.mariventyachts.com\/","logo":{"@type":"ImageObject","inLanguage":"de","@id":"https:\/\/www.mariventyachts.com\/#\/schema\/logo\/image\/","url":"https:\/\/www.mariventyachts.com\/wp-content\/uploads\/2024\/03\/marivent-site-icon.jpg","contentUrl":"https:\/\/www.mariventyachts.com\/wp-content\/uploads\/2024\/03\/marivent-site-icon.jpg","width":512,"height":512,"caption":"Marivent Yachts"},"image":{"@id":"https:\/\/www.mariventyachts.com\/#\/schema\/logo\/image\/"},"sameAs":["https:\/\/www.facebook.com\/mariventyachts\/","https:\/\/www.instagram.com\/mariventyachts\/"]}]}},"_links":{"self":[{"href":"https:\/\/www.mariventyachts.com\/de\/wp-json\/wp\/v2\/pages\/4585","targetHints":{"allow":["GET"]}}],"collection":[{"href":"https:\/\/www.mariventyachts.com\/de\/wp-json\/wp\/v2\/pages"}],"about":[{"href":"https:\/\/www.mariventyachts.com\/de\/wp-json\/wp\/v2\/types\/page"}],"author":[{"embeddable":true,"href":"https:\/\/www.mariventyachts.com\/de\/wp-json\/wp\/v2\/users\/1"}],"replies":[{"embeddable":true,"href":"https:\/\/www.mariventyachts.com\/de\/wp-json\/wp\/v2\/comments?post=4585"}],"version-history":[{"count":2,"href":"https:\/\/www.mariventyachts.com\/de\/wp-json\/wp\/v2\/pages\/4585\/revisions"}],"predecessor-version":[{"id":4931,"href":"https:\/\/www.mariventyachts.com\/de\/wp-json\/wp\/v2\/pages\/4585\/revisions\/4931"}],"wp:featuredmedia":[{"embeddable":true,"href":"https:\/\/www.mariventyachts.com\/de\/wp-json\/wp\/v2\/media\/1619"}],"wp:attachment":[{"href":"https:\/\/www.mariventyachts.com\/de\/wp-json\/wp\/v2\/media?parent=4585"}],"wp:term":[{"taxonomy":"brand","embeddable":true,"href":"https:\/\/www.mariventyachts.com\/de\/wp-json\/wp\/v2\/brand?post=4585"},{"taxonomy":"brands-old","embeddable":true,"href":"https:\/\/www.mariventyachts.com\/de\/wp-json\/wp\/v2\/brands-old?post=4585"}],"curies":[{"name":"wp","href":"https:\/\/api.w.org\/{rel}","templated":true}]}}