{"id":4587,"date":"2024-08-21T11:00:40","date_gmt":"2024-08-21T10:00:40","guid":{"rendered":"https:\/\/www.mariventyachts.com\/services\/"},"modified":"2024-12-01T19:51:14","modified_gmt":"2024-12-01T19:51:14","slug":"service","status":"publish","type":"page","link":"https:\/\/www.mariventyachts.com\/de\/service\/","title":{"rendered":"Service"},"content":{"rendered":"<section class=\"l-section wpb_row height_medium width_custom\" style=\"--site-content-width:800px;\"><div class=\"l-section-h i-cf\"><div class=\"g-cols vc_row via_grid cols_1 laptops-cols_inherit tablets-cols_inherit mobiles-cols_1 valign_top type_default reversed stacking_default\" style=\"--columns-gap:calc(3rem + 0.5rem);\"><div class=\"wpb_column vc_column_container\"><div class=\"vc_column-inner\"><div class=\"wpb_text_column\"><div class=\"wpb_wrapper\"><p><strong>Marivent Yachts ist Spezialist in UNIQUE Yachts, mit einem \u201eALL in 1\u201c Yachting Service..<\/strong><\/p>\n<ul class=\"list-style-1\">\n<li>Offizielle Verteilung von <span>FJORD, BLUEGAME, AUSTIN PARKER und SAY CARBON YACHTS<\/span> in SPANIEN.<\/li>\n<li>Brokerage &amp; Leasing-Yachten<\/li>\n<li>Liegepl\u00e4tze<\/li>\n<li>Yacht Management &amp; Beratung<\/li>\n<li>Mega Yacht Tender Spezialist<\/li>\n<li>Umbauten, Reparaturen und Wartung von Yachten von bis zu 30m<\/li>\n<li>Registrierungen, Bootslicensen und Steuerl\u00f6sungen<\/li>\n<li>Yacht Finanzierung &amp; Leasing<\/li>\n<li>Kapit\u00e4ne und Besatzungen<\/li>\n<li>Versicherungen<\/li>\n<li>Yachttransport und Versandhandling<\/li>\n<li>Sonstige Dienstleistungen<\/li>\n<\/ul>\n<\/div><\/div><\/div><\/div><\/div><\/div><\/section><section class=\"l-section wpb_row us_custom_a7a78204 height_auto width_full\"><div class=\"l-section-h i-cf\"><div class=\"g-cols vc_row via_grid cols_1 laptops-cols_inherit tablets-cols_inherit mobiles-cols_1 valign_top type_default stacking_default\"><div class=\"wpb_column vc_column_container\"><div class=\"vc_column-inner\"><div class=\"w-grid type_grid layout_1910 gallery-enlarge cols_3 preload_style_spinner ratio_3x2\" id=\"us_grid_1\" style=\"--columns:3;--gap:0rem;--item-ratio:0.66667;\"><style>@media (max-width:1042px){#us_grid_1{--columns:2!important}}@media (max-width:600px){#us_grid_1{--columns:1!important}}.layout_1910 .w-grid-item-h{background:var(--color-content-bg);color:var(--color-content-text)}.layout_1910 .usg_image_1{transition-duration:0.3s;transform-origin:50% 50%;transform:scale(1) translate(0%,0%)}.layout_1910 .w-grid-item-h:focus-within .usg_image_1,.layout_1910 .w-grid-item-h:hover .usg_image_1{transform:scale(1.1) translate(0%,0%);opacity:1}.layout_1910 .usg_vwrapper_1{position:absolute!important;left:0!important;top:0!important;bottom:0!important;right:0!important;background:var(--color-content-overlay)!important}.layout_1910 .usg_post_title_1{color:var(--color-header-middle-bg)!important;margin:2.5rem!important}.layout_1910 .usg_image_1{position:absolute!important;overflow:hidden!important}<\/style><div class=\"w-grid-list\">\t<article class=\"w-grid-item size_1x1 post-4591 page type-page status-publish has-post-thumbnail hentry\" data-id=\"4591\">\r\n\t\t<div class=\"w-grid-item-h\">\r\n\t\t\t\t\t\t\t<a href=\"https:\/\/www.mariventyachts.com\/de\/test-center\/\" class=\"w-grid-item-anchor\" aria-label=\"Test Center\"><\/a>\r\n\t\t\t\t\t\t<div class=\"w-image usg_image_1 has_ratio\"><div class=\"w-image-h\"><div style=\"padding-bottom:66.6667%\"><\/div><img decoding=\"async\" width=\"1140\" height=\"855\" src=\"https:\/\/www.mariventyachts.com\/wp-content\/uploads\/test-center-1920x1440.jpeg\" class=\"attachment-large size-large\" alt=\"\" loading=\"lazy\" \/><\/div><\/div><div class=\"w-vwrapper usg_vwrapper_1 align_center valign_middle\"><h2 class=\"w-post-elm post_title usg_post_title_1 has_text_color entry-title color_link_inherit\">Test Center<\/h2><\/div>\t\t<\/div>\r\n\t\t\t<\/article>\r\n\t<article class=\"w-grid-item size_1x1 post-4595 page type-page status-publish has-post-thumbnail hentry\" data-id=\"4595\">\r\n\t\t<div class=\"w-grid-item-h\">\r\n\t\t\t\t\t\t\t<a href=\"https:\/\/www.mariventyachts.com\/de\/winterlagerung\/\" class=\"w-grid-item-anchor\" aria-label=\"Winterlagerung\"><\/a>\r\n\t\t\t\t\t\t<div class=\"w-image usg_image_1 has_ratio\"><div class=\"w-image-h\"><div style=\"padding-bottom:66.6667%\"><\/div><img decoding=\"async\" width=\"1140\" height=\"679\" src=\"https:\/\/www.mariventyachts.com\/wp-content\/uploads\/winter-storage-panorama-0-1920x1144.jpg\" class=\"attachment-large size-large\" alt=\"\" loading=\"lazy\" \/><\/div><\/div><div class=\"w-vwrapper usg_vwrapper_1 align_center valign_middle\"><h2 class=\"w-post-elm post_title usg_post_title_1 has_text_color entry-title color_link_inherit\">Winterlagerung<\/h2><\/div>\t\t<\/div>\r\n\t\t\t<\/article>\r\n\t<article class=\"w-grid-item size_1x1 post-4575 page type-page status-publish has-post-thumbnail hentry\" data-id=\"4575\">\r\n\t\t<div class=\"w-grid-item-h\">\r\n\t\t\t\t\t\t\t<a href=\"https:\/\/www.mariventyachts.com\/de\/liegeplaetze\/\" class=\"w-grid-item-anchor\" aria-label=\"Liegepl\u00e4tze\"><\/a>\r\n\t\t\t\t\t\t<div class=\"w-image usg_image_1 has_ratio\"><div class=\"w-image-h\"><div style=\"padding-bottom:66.6667%\"><\/div><img decoding=\"async\" width=\"1140\" height=\"760\" src=\"https:\/\/www.mariventyachts.com\/wp-content\/uploads\/moorings-pexels-262056625-12892347-1920x1280.jpg\" class=\"attachment-large size-large\" alt=\"\" loading=\"lazy\" \/><\/div><\/div><div class=\"w-vwrapper usg_vwrapper_1 align_center valign_middle\"><h2 class=\"w-post-elm post_title usg_post_title_1 has_text_color entry-title color_link_inherit\">Liegepl\u00e4tze<\/h2><\/div>\t\t<\/div>\r\n\t\t\t<\/article>\r\n\t<article class=\"w-grid-item size_1x1 post-4567 page type-page status-publish has-post-thumbnail hentry\" data-id=\"4567\">\r\n\t\t<div class=\"w-grid-item-h\">\r\n\t\t\t\t\t\t\t<a href=\"https:\/\/www.mariventyachts.com\/de\/bluegame-42-for-charter\/\" class=\"w-grid-item-anchor\" aria-label=\"Charter\"><\/a>\r\n\t\t\t\t\t\t<div class=\"w-image usg_image_1 has_ratio\"><div class=\"w-image-h\"><div style=\"padding-bottom:66.6667%\"><\/div><img decoding=\"async\" width=\"1140\" height=\"761\" src=\"https:\/\/www.mariventyachts.com\/wp-content\/uploads\/Bluegame-BG42-featured.jpg\" class=\"attachment-large size-large\" alt=\"\" loading=\"lazy\" \/><\/div><\/div><div class=\"w-vwrapper usg_vwrapper_1 align_center valign_middle\"><h2 class=\"w-post-elm post_title usg_post_title_1 has_text_color entry-title color_link_inherit\">Charter<\/h2><\/div>\t\t<\/div>\r\n\t\t\t<\/article>\r\n\t<article class=\"w-grid-item size_1x1 post-4571 page type-page status-publish has-post-thumbnail hentry\" data-id=\"4571\">\r\n\t\t<div class=\"w-grid-item-h\">\r\n\t\t\t\t\t\t\t<a href=\"https:\/\/www.mariventyachts.com\/de\/finanzdienstleistungen\/\" class=\"w-grid-item-anchor\" aria-label=\"Finanzl\u00f6sungen\"><\/a>\r\n\t\t\t\t\t\t<div class=\"w-image usg_image_1 has_ratio\"><div class=\"w-image-h\"><div style=\"padding-bottom:66.6667%\"><\/div><img decoding=\"async\" width=\"1140\" height=\"761\" src=\"https:\/\/www.mariventyachts.com\/wp-content\/uploads\/financial-pexels-jakubzerdzicki-26745679-1920x1281.jpg\" class=\"attachment-large size-large\" alt=\"\" loading=\"lazy\" \/><\/div><\/div><div class=\"w-vwrapper usg_vwrapper_1 align_center valign_middle\"><h2 class=\"w-post-elm post_title usg_post_title_1 has_text_color entry-title color_link_inherit\">Finanzl\u00f6sungen<\/h2><\/div>\t\t<\/div>\r\n\t\t\t<\/article>\r\n\t<article class=\"w-grid-item size_1x1 post-4585 page type-page status-publish has-post-thumbnail hentry\" data-id=\"4585\">\r\n\t\t<div class=\"w-grid-item-h\">\r\n\t\t\t\t\t\t\t<a href=\"https:\/\/www.mariventyachts.com\/de\/verkaufen-sie-ihre-yach\/\" class=\"w-grid-item-anchor\" aria-label=\"Verkaufen Sie Ihre Yacht\"><\/a>\r\n\t\t\t\t\t\t<div class=\"w-image usg_image_1 has_ratio\"><div class=\"w-image-h\"><div style=\"padding-bottom:66.6667%\"><\/div><img decoding=\"async\" width=\"1140\" height=\"641\" src=\"https:\/\/www.mariventyachts.com\/wp-content\/uploads\/bluegame-bgx70-22.jpg\" class=\"attachment-large size-large\" alt=\"\" loading=\"lazy\" \/><\/div><\/div><div class=\"w-vwrapper usg_vwrapper_1 align_center valign_middle\"><h2 class=\"w-post-elm post_title usg_post_title_1 has_text_color entry-title color_link_inherit\">Verkaufen Sie Ihre Yacht<\/h2><\/div>\t\t<\/div>\r\n\t\t\t<\/article>\r\n<\/div><div class=\"w-grid-preloader\">\t<div class=\"g-preloader type_1\">\r\n\t\t<div><\/div>\r\n\t<\/div>\r\n\t<\/div>\t<div class=\"w-grid-json hidden\" onclick='return {&quot;action&quot;:&quot;us_ajax_grid&quot;,&quot;infinite_scroll&quot;:0,&quot;max_num_pages&quot;:1,&quot;pagination&quot;:&quot;none&quot;,&quot;template_vars&quot;:{&quot;columns&quot;:&quot;3&quot;,&quot;exclude_items&quot;:&quot;none&quot;,&quot;img_size&quot;:&quot;default&quot;,&quot;ignore_items_size&quot;:0,&quot;items_layout&quot;:&quot;1910&quot;,&quot;items_offset&quot;:&quot;1&quot;,&quot;load_animation&quot;:&quot;none&quot;,&quot;overriding_link&quot;:&quot;%7B%22type%22%3A%22post%22%7D&quot;,&quot;post_id&quot;:0,&quot;query_args&quot;:{&quot;ignore_sticky_posts&quot;:1,&quot;post_type&quot;:&quot;any&quot;,&quot;post__in&quot;:[&quot;1771&quot;,&quot;1900&quot;,&quot;2927&quot;,&quot;1822&quot;,&quot;2941&quot;,&quot;2806&quot;],&quot;posts_per_page&quot;:&quot;10&quot;},&quot;orderby_query_args&quot;:{&quot;orderby&quot;:{&quot;post__in&quot;:&quot;ASC&quot;},&quot;order&quot;:&quot;ASC&quot;},&quot;type&quot;:&quot;grid&quot;,&quot;us_grid_post_type&quot;:&quot;ids&quot;,&quot;us_grid_ajax_index&quot;:1,&quot;us_grid_filter_query_string&quot;:null,&quot;us_grid_index&quot;:1,&quot;page_args&quot;:[],&quot;lang&quot;:&quot;de&quot;}}'><\/div>\r\n\t<\/div><\/div><\/div><\/div><\/div><\/section>\n","protected":false},"excerpt":{"rendered":"M\u00f6chten Sie Ihre aktuelle Yacht eintauschen? Wahrscheinlich w\u00e4re es gut, zun\u00e4chst eine Sch\u00e4tzung des Wertes zu erhalten. Schlie\u00dflich ist die Inzahlungnahme einer Yacht viel unkomplizierter, als sie selbst zu verkaufen. Au\u00dferdem k\u00f6nnen Sie durch die Inzahlungnahme einer Yacht oft Ihre Raten senken. Eine Win-Win-Situation! Wir helfen Ihnen gerne, eine fundierte Entscheidung zu treffen. F\u00fcllen Sie...","protected":false},"author":1,"featured_media":1754,"parent":0,"menu_order":0,"comment_status":"closed","ping_status":"closed","template":"","meta":{"_acf_changed":false,"footnotes":""},"brand":[],"brands-old":[],"class_list":["post-4587","page","type-page","status-publish","has-post-thumbnail","hentry"],"acf":[],"yoast_head":"<!-- This site is optimized with the Yoast SEO plugin v27.5 - https:\/\/yoast.com\/product\/yoast-seo-wordpress\/ -->\n<title>Service - Marivent Yachts<\/title>\n<meta name=\"robots\" content=\"index, follow, max-snippet:-1, max-image-preview:large, max-video-preview:-1\" \/>\n<link rel=\"canonical\" href=\"https:\/\/www.mariventyachts.com\/de\/service\/\" \/>\n<meta property=\"og:locale\" content=\"de_DE\" \/>\n<meta property=\"og:type\" content=\"article\" \/>\n<meta property=\"og:title\" content=\"Service - Marivent Yachts\" \/>\n<meta property=\"og:url\" content=\"https:\/\/www.mariventyachts.com\/de\/service\/\" \/>\n<meta property=\"og:site_name\" content=\"Marivent Yachts\" \/>\n<meta property=\"article:publisher\" content=\"https:\/\/www.facebook.com\/mariventyachts\/\" \/>\n<meta property=\"article:modified_time\" content=\"2024-12-01T19:51:14+00:00\" \/>\n<meta property=\"og:image\" content=\"https:\/\/www.mariventyachts.com\/wp-content\/uploads\/all-in-one-services-marivent-yachts.jpg\" \/>\n\t<meta property=\"og:image:width\" content=\"1200\" \/>\n\t<meta property=\"og:image:height\" content=\"800\" \/>\n\t<meta property=\"og:image:type\" content=\"image\/jpeg\" \/>\n<meta name=\"twitter:card\" content=\"summary_large_image\" \/>\n<meta name=\"twitter:label1\" content=\"Gesch\u00e4tzte Lesezeit\" \/>\n\t<meta name=\"twitter:data1\" content=\"1\u00a0Minute\" \/>\n<script type=\"application\/ld+json\" class=\"yoast-schema-graph\">{\"@context\":\"https:\\\/\\\/schema.org\",\"@graph\":[{\"@type\":\"WebPage\",\"@id\":\"https:\\\/\\\/www.mariventyachts.com\\\/de\\\/service\\\/\",\"url\":\"https:\\\/\\\/www.mariventyachts.com\\\/de\\\/service\\\/\",\"name\":\"Service - Marivent Yachts\",\"isPartOf\":{\"@id\":\"https:\\\/\\\/www.mariventyachts.com\\\/#website\"},\"primaryImageOfPage\":{\"@id\":\"https:\\\/\\\/www.mariventyachts.com\\\/de\\\/service\\\/#primaryimage\"},\"image\":{\"@id\":\"https:\\\/\\\/www.mariventyachts.com\\\/de\\\/service\\\/#primaryimage\"},\"thumbnailUrl\":\"https:\\\/\\\/www.mariventyachts.com\\\/wp-content\\\/uploads\\\/all-in-one-services-marivent-yachts.jpg\",\"datePublished\":\"2024-08-21T10:00:40+00:00\",\"dateModified\":\"2024-12-01T19:51:14+00:00\",\"breadcrumb\":{\"@id\":\"https:\\\/\\\/www.mariventyachts.com\\\/de\\\/service\\\/#breadcrumb\"},\"inLanguage\":\"de\",\"potentialAction\":[{\"@type\":\"ReadAction\",\"target\":[\"https:\\\/\\\/www.mariventyachts.com\\\/de\\\/service\\\/\"]}]},{\"@type\":\"ImageObject\",\"inLanguage\":\"de\",\"@id\":\"https:\\\/\\\/www.mariventyachts.com\\\/de\\\/service\\\/#primaryimage\",\"url\":\"https:\\\/\\\/www.mariventyachts.com\\\/wp-content\\\/uploads\\\/all-in-one-services-marivent-yachts.jpg\",\"contentUrl\":\"https:\\\/\\\/www.mariventyachts.com\\\/wp-content\\\/uploads\\\/all-in-one-services-marivent-yachts.jpg\",\"width\":1200,\"height\":800},{\"@type\":\"BreadcrumbList\",\"@id\":\"https:\\\/\\\/www.mariventyachts.com\\\/de\\\/service\\\/#breadcrumb\",\"itemListElement\":[{\"@type\":\"ListItem\",\"position\":1,\"name\":\"Home\",\"item\":\"https:\\\/\\\/www.mariventyachts.com\\\/de\\\/b\\\/\"},{\"@type\":\"ListItem\",\"position\":2,\"name\":\"Service\"}]},{\"@type\":\"WebSite\",\"@id\":\"https:\\\/\\\/www.mariventyachts.com\\\/#website\",\"url\":\"https:\\\/\\\/www.mariventyachts.com\\\/\",\"name\":\"Marivent Yachts\",\"description\":\"\",\"publisher\":{\"@id\":\"https:\\\/\\\/www.mariventyachts.com\\\/#organization\"},\"potentialAction\":[{\"@type\":\"SearchAction\",\"target\":{\"@type\":\"EntryPoint\",\"urlTemplate\":\"https:\\\/\\\/www.mariventyachts.com\\\/?s={search_term_string}\"},\"query-input\":{\"@type\":\"PropertyValueSpecification\",\"valueRequired\":true,\"valueName\":\"search_term_string\"}}],\"inLanguage\":\"de\"},{\"@type\":\"Organization\",\"@id\":\"https:\\\/\\\/www.mariventyachts.com\\\/#organization\",\"name\":\"Marivent Yachts\",\"url\":\"https:\\\/\\\/www.mariventyachts.com\\\/\",\"logo\":{\"@type\":\"ImageObject\",\"inLanguage\":\"de\",\"@id\":\"https:\\\/\\\/www.mariventyachts.com\\\/#\\\/schema\\\/logo\\\/image\\\/\",\"url\":\"https:\\\/\\\/www.mariventyachts.com\\\/wp-content\\\/uploads\\\/2024\\\/03\\\/marivent-site-icon.jpg\",\"contentUrl\":\"https:\\\/\\\/www.mariventyachts.com\\\/wp-content\\\/uploads\\\/2024\\\/03\\\/marivent-site-icon.jpg\",\"width\":512,\"height\":512,\"caption\":\"Marivent Yachts\"},\"image\":{\"@id\":\"https:\\\/\\\/www.mariventyachts.com\\\/#\\\/schema\\\/logo\\\/image\\\/\"},\"sameAs\":[\"https:\\\/\\\/www.facebook.com\\\/mariventyachts\\\/\",\"https:\\\/\\\/www.instagram.com\\\/mariventyachts\\\/\"]}]}<\/script>\n<!-- \/ Yoast SEO plugin. -->","yoast_head_json":{"title":"Service - Marivent Yachts","robots":{"index":"index","follow":"follow","max-snippet":"max-snippet:-1","max-image-preview":"max-image-preview:large","max-video-preview":"max-video-preview:-1"},"canonical":"https:\/\/www.mariventyachts.com\/de\/service\/","og_locale":"de_DE","og_type":"article","og_title":"Service - Marivent Yachts","og_url":"https:\/\/www.mariventyachts.com\/de\/service\/","og_site_name":"Marivent Yachts","article_publisher":"https:\/\/www.facebook.com\/mariventyachts\/","article_modified_time":"2024-12-01T19:51:14+00:00","og_image":[{"width":1200,"height":800,"url":"https:\/\/www.mariventyachts.com\/wp-content\/uploads\/all-in-one-services-marivent-yachts.jpg","type":"image\/jpeg"}],"twitter_card":"summary_large_image","twitter_misc":{"Gesch\u00e4tzte Lesezeit":"1\u00a0Minute"},"schema":{"@context":"https:\/\/schema.org","@graph":[{"@type":"WebPage","@id":"https:\/\/www.mariventyachts.com\/de\/service\/","url":"https:\/\/www.mariventyachts.com\/de\/service\/","name":"Service - Marivent Yachts","isPartOf":{"@id":"https:\/\/www.mariventyachts.com\/#website"},"primaryImageOfPage":{"@id":"https:\/\/www.mariventyachts.com\/de\/service\/#primaryimage"},"image":{"@id":"https:\/\/www.mariventyachts.com\/de\/service\/#primaryimage"},"thumbnailUrl":"https:\/\/www.mariventyachts.com\/wp-content\/uploads\/all-in-one-services-marivent-yachts.jpg","datePublished":"2024-08-21T10:00:40+00:00","dateModified":"2024-12-01T19:51:14+00:00","breadcrumb":{"@id":"https:\/\/www.mariventyachts.com\/de\/service\/#breadcrumb"},"inLanguage":"de","potentialAction":[{"@type":"ReadAction","target":["https:\/\/www.mariventyachts.com\/de\/service\/"]}]},{"@type":"ImageObject","inLanguage":"de","@id":"https:\/\/www.mariventyachts.com\/de\/service\/#primaryimage","url":"https:\/\/www.mariventyachts.com\/wp-content\/uploads\/all-in-one-services-marivent-yachts.jpg","contentUrl":"https:\/\/www.mariventyachts.com\/wp-content\/uploads\/all-in-one-services-marivent-yachts.jpg","width":1200,"height":800},{"@type":"BreadcrumbList","@id":"https:\/\/www.mariventyachts.com\/de\/service\/#breadcrumb","itemListElement":[{"@type":"ListItem","position":1,"name":"Home","item":"https:\/\/www.mariventyachts.com\/de\/b\/"},{"@type":"ListItem","position":2,"name":"Service"}]},{"@type":"WebSite","@id":"https:\/\/www.mariventyachts.com\/#website","url":"https:\/\/www.mariventyachts.com\/","name":"Marivent Yachts","description":"","publisher":{"@id":"https:\/\/www.mariventyachts.com\/#organization"},"potentialAction":[{"@type":"SearchAction","target":{"@type":"EntryPoint","urlTemplate":"https:\/\/www.mariventyachts.com\/?s={search_term_string}"},"query-input":{"@type":"PropertyValueSpecification","valueRequired":true,"valueName":"search_term_string"}}],"inLanguage":"de"},{"@type":"Organization","@id":"https:\/\/www.mariventyachts.com\/#organization","name":"Marivent Yachts","url":"https:\/\/www.mariventyachts.com\/","logo":{"@type":"ImageObject","inLanguage":"de","@id":"https:\/\/www.mariventyachts.com\/#\/schema\/logo\/image\/","url":"https:\/\/www.mariventyachts.com\/wp-content\/uploads\/2024\/03\/marivent-site-icon.jpg","contentUrl":"https:\/\/www.mariventyachts.com\/wp-content\/uploads\/2024\/03\/marivent-site-icon.jpg","width":512,"height":512,"caption":"Marivent Yachts"},"image":{"@id":"https:\/\/www.mariventyachts.com\/#\/schema\/logo\/image\/"},"sameAs":["https:\/\/www.facebook.com\/mariventyachts\/","https:\/\/www.instagram.com\/mariventyachts\/"]}]}},"_links":{"self":[{"href":"https:\/\/www.mariventyachts.com\/de\/wp-json\/wp\/v2\/pages\/4587","targetHints":{"allow":["GET"]}}],"collection":[{"href":"https:\/\/www.mariventyachts.com\/de\/wp-json\/wp\/v2\/pages"}],"about":[{"href":"https:\/\/www.mariventyachts.com\/de\/wp-json\/wp\/v2\/types\/page"}],"author":[{"embeddable":true,"href":"https:\/\/www.mariventyachts.com\/de\/wp-json\/wp\/v2\/users\/1"}],"replies":[{"embeddable":true,"href":"https:\/\/www.mariventyachts.com\/de\/wp-json\/wp\/v2\/comments?post=4587"}],"version-history":[{"count":2,"href":"https:\/\/www.mariventyachts.com\/de\/wp-json\/wp\/v2\/pages\/4587\/revisions"}],"predecessor-version":[{"id":4918,"href":"https:\/\/www.mariventyachts.com\/de\/wp-json\/wp\/v2\/pages\/4587\/revisions\/4918"}],"wp:featuredmedia":[{"embeddable":true,"href":"https:\/\/www.mariventyachts.com\/de\/wp-json\/wp\/v2\/media\/1754"}],"wp:attachment":[{"href":"https:\/\/www.mariventyachts.com\/de\/wp-json\/wp\/v2\/media?parent=4587"}],"wp:term":[{"taxonomy":"brand","embeddable":true,"href":"https:\/\/www.mariventyachts.com\/de\/wp-json\/wp\/v2\/brand?post=4587"},{"taxonomy":"brands-old","embeddable":true,"href":"https:\/\/www.mariventyachts.com\/de\/wp-json\/wp\/v2\/brands-old?post=4587"}],"curies":[{"name":"wp","href":"https:\/\/api.w.org\/{rel}","templated":true}]}}