{"id":4561,"date":"2024-08-11T18:58:17","date_gmt":"2024-08-11T17:58:17","guid":{"rendered":"https:\/\/www.mariventyachts.com\/austin-parker\/"},"modified":"2024-12-03T11:56:05","modified_gmt":"2024-12-03T11:56:05","slug":"austin-parker","status":"publish","type":"page","link":"https:\/\/www.mariventyachts.com\/es\/austin-parker\/","title":{"rendered":"Austin Parker"},"content":{"rendered":"<p>La actual gama de <b>Austin Parker Yachts<\/b> se divide en tres l\u00edneas distintas, dise\u00f1adas para satisfacer diferentes estilos de vida.<\/p>\n<ul>\n<li>La serie <b>Ibiza<\/b> incluye los modelos <b>Ibiza 44<\/b>, <b>Ibiza 44 Outboard<\/b>, <b>Ibiza 52<\/b> y <b>Ibiza 85<\/b>. Estas embarcaciones walk-around destacan por sus amplios y c\u00f3modos pasillos laterales.<\/li>\n<li>La gama de <b>yates a motor Mah\u00f2n<\/b> est\u00e1 compuesta por los modelos <b>Mah\u00f2n 46<\/b>, <b>Mah\u00f2n 54<\/b> y <b>Mah\u00f2n 64<\/b>. Estas embarcaciones est\u00e1n dise\u00f1adas para garantizar el m\u00e1ximo confort, ideales para disfrutar plenamente de la vida a bordo.<\/li>\n<li>La l\u00ednea <b>Palma flybridge<\/b> presenta el modelo <b>Palma 66<\/b>, pensado para quienes buscan un yate apto para traves\u00edas m\u00e1s desafiantes. Su puesto de mando en el flybridge y los amplios espacios a bordo maximizan el confort y el placer de vivir el mar.<\/li>\n<\/ul>\n<p>El astillero ha experimentado una transformaci\u00f3n significativa tras su adquisici\u00f3n por el empresario turco <b>Baris Nalcaci<\/b>, l\u00edder en sectores industriales como la fabricaci\u00f3n de productos compuestos para la industria aeron\u00e1utica. Su entusiasmo por este nuevo proyecto ha inyectado una nueva energ\u00eda a la marca, con el objetivo de impulsar el crecimiento del astillero y lanzar modelos innovadores.<\/p>\n<p>Gracias al respaldo estrat\u00e9gico y financiero de la nueva propiedad, <b>Austin Parker Yachts<\/b> est\u00e1 preparado para dar un salto cualitativo importante. Una de las novedades m\u00e1s destacadas es la introducci\u00f3n de una nueva l\u00ednea de <b>catamaranes a motor<\/b>, fruto de la colaboraci\u00f3n estrat\u00e9gica entre <b>Pininfarina<\/b> y <b>Fulvio De Simoni Yacht Design<\/b>. Esta l\u00ednea, denominada <b>UNICA<\/b>, incluye los modelos <b>UNICA 58<\/b>, <b>UNICA 68<\/b> y <b>UNICA 78<\/b>. El modelo <b>UNICA 58<\/b>, ya en producci\u00f3n.<\/p>\n<p>Adem\u00e1s, como parte del plan de desarrollo y para consolidar la colaboraci\u00f3n entre <b>Pininfarina<\/b> y <b>Fulvio De Simoni Yacht Design<\/b>, se est\u00e1 trabajando en una l\u00ednea de <b>navettes<\/b> denominada <b>ICONICA<\/b>, que incluir\u00e1 los modelos <b>ICONICA 77<\/b>, <b>ICONICA 88<\/b> y <b>ICONICA 100<\/b>. Estas iniciativas reflejan el compromiso del astillero con la excelencia en dise\u00f1o y la innovaci\u00f3n.<\/p>\n","protected":false},"excerpt":{"rendered":"<p>La actual gama de Austin Parker Yachts se divide en tres l\u00edneas distintas, dise\u00f1adas para satisfacer diferentes estilos de vida. La serie Ibiza incluye los modelos Ibiza 44, Ibiza 44 Outboard, Ibiza 52 y Ibiza 85. Estas embarcaciones walk-around destacan por sus amplios y c\u00f3modos pasillos laterales. La gama de yates a motor Mah\u00f2n est\u00e1&#8230;<\/p>\n","protected":false},"author":1,"featured_media":2960,"parent":0,"menu_order":0,"comment_status":"closed","ping_status":"closed","template":"","meta":{"_acf_changed":false,"footnotes":""},"brand":[199],"brands-old":[],"class_list":["post-4561","page","type-page","status-publish","has-post-thumbnail","hentry","brand-austin-parker"],"acf":[],"yoast_head":"<!-- This site is optimized with the Yoast SEO plugin v27.5 - https:\/\/yoast.com\/product\/yoast-seo-wordpress\/ -->\n<title>Austin Parker - Marivent Yachts<\/title>\n<meta name=\"robots\" content=\"index, follow, max-snippet:-1, max-image-preview:large, max-video-preview:-1\" \/>\n<link rel=\"canonical\" href=\"https:\/\/www.mariventyachts.com\/es\/austin-parker\/\" \/>\n<meta property=\"og:locale\" content=\"es_ES\" \/>\n<meta property=\"og:type\" content=\"article\" \/>\n<meta property=\"og:title\" content=\"Austin Parker - Marivent Yachts\" \/>\n<meta property=\"og:description\" content=\"La actual gama de Austin Parker Yachts se divide en tres l\u00edneas distintas, dise\u00f1adas para satisfacer diferentes estilos de vida. La serie Ibiza incluye los modelos Ibiza 44, Ibiza 44 Outboard, Ibiza 52 y Ibiza 85. Estas embarcaciones walk-around destacan por sus amplios y c\u00f3modos pasillos laterales. La gama de yates a motor Mah\u00f2n est\u00e1...\" \/>\n<meta property=\"og:url\" content=\"https:\/\/www.mariventyachts.com\/es\/austin-parker\/\" \/>\n<meta property=\"og:site_name\" content=\"Marivent Yachts\" \/>\n<meta property=\"article:publisher\" content=\"https:\/\/www.facebook.com\/mariventyachts\/\" \/>\n<meta property=\"article:modified_time\" content=\"2024-12-03T11:56:05+00:00\" \/>\n<meta property=\"og:image\" content=\"https:\/\/www.mariventyachts.com\/wp-content\/uploads\/austin-parker-mallorca-logo2024-white-colors.png\" \/>\n\t<meta property=\"og:image:width\" content=\"575\" \/>\n\t<meta property=\"og:image:height\" content=\"142\" \/>\n\t<meta property=\"og:image:type\" content=\"image\/png\" \/>\n<meta name=\"twitter:card\" content=\"summary_large_image\" \/>\n<meta name=\"twitter:label1\" content=\"Tiempo de lectura\" \/>\n\t<meta name=\"twitter:data1\" content=\"2 minutos\" \/>\n<script type=\"application\/ld+json\" class=\"yoast-schema-graph\">{\"@context\":\"https:\\\/\\\/schema.org\",\"@graph\":[{\"@type\":\"WebPage\",\"@id\":\"https:\\\/\\\/www.mariventyachts.com\\\/es\\\/austin-parker\\\/\",\"url\":\"https:\\\/\\\/www.mariventyachts.com\\\/es\\\/austin-parker\\\/\",\"name\":\"Austin Parker - Marivent Yachts\",\"isPartOf\":{\"@id\":\"https:\\\/\\\/www.mariventyachts.com\\\/#website\"},\"primaryImageOfPage\":{\"@id\":\"https:\\\/\\\/www.mariventyachts.com\\\/es\\\/austin-parker\\\/#primaryimage\"},\"image\":{\"@id\":\"https:\\\/\\\/www.mariventyachts.com\\\/es\\\/austin-parker\\\/#primaryimage\"},\"thumbnailUrl\":\"https:\\\/\\\/www.mariventyachts.com\\\/wp-content\\\/uploads\\\/austin-parker-mallorca-logo2024-white-colors.png\",\"datePublished\":\"2024-08-11T17:58:17+00:00\",\"dateModified\":\"2024-12-03T11:56:05+00:00\",\"breadcrumb\":{\"@id\":\"https:\\\/\\\/www.mariventyachts.com\\\/es\\\/austin-parker\\\/#breadcrumb\"},\"inLanguage\":\"es\",\"potentialAction\":[{\"@type\":\"ReadAction\",\"target\":[\"https:\\\/\\\/www.mariventyachts.com\\\/es\\\/austin-parker\\\/\"]}]},{\"@type\":\"ImageObject\",\"inLanguage\":\"es\",\"@id\":\"https:\\\/\\\/www.mariventyachts.com\\\/es\\\/austin-parker\\\/#primaryimage\",\"url\":\"https:\\\/\\\/www.mariventyachts.com\\\/wp-content\\\/uploads\\\/austin-parker-mallorca-logo2024-white-colors.png\",\"contentUrl\":\"https:\\\/\\\/www.mariventyachts.com\\\/wp-content\\\/uploads\\\/austin-parker-mallorca-logo2024-white-colors.png\",\"width\":575,\"height\":142},{\"@type\":\"BreadcrumbList\",\"@id\":\"https:\\\/\\\/www.mariventyachts.com\\\/es\\\/austin-parker\\\/#breadcrumb\",\"itemListElement\":[{\"@type\":\"ListItem\",\"position\":1,\"name\":\"Home\",\"item\":\"https:\\\/\\\/www.mariventyachts.com\\\/es\\\/b\\\/\"},{\"@type\":\"ListItem\",\"position\":2,\"name\":\"Austin Parker\"}]},{\"@type\":\"WebSite\",\"@id\":\"https:\\\/\\\/www.mariventyachts.com\\\/#website\",\"url\":\"https:\\\/\\\/www.mariventyachts.com\\\/\",\"name\":\"Marivent Yachts\",\"description\":\"\",\"publisher\":{\"@id\":\"https:\\\/\\\/www.mariventyachts.com\\\/#organization\"},\"potentialAction\":[{\"@type\":\"SearchAction\",\"target\":{\"@type\":\"EntryPoint\",\"urlTemplate\":\"https:\\\/\\\/www.mariventyachts.com\\\/?s={search_term_string}\"},\"query-input\":{\"@type\":\"PropertyValueSpecification\",\"valueRequired\":true,\"valueName\":\"search_term_string\"}}],\"inLanguage\":\"es\"},{\"@type\":\"Organization\",\"@id\":\"https:\\\/\\\/www.mariventyachts.com\\\/#organization\",\"name\":\"Marivent Yachts\",\"url\":\"https:\\\/\\\/www.mariventyachts.com\\\/\",\"logo\":{\"@type\":\"ImageObject\",\"inLanguage\":\"es\",\"@id\":\"https:\\\/\\\/www.mariventyachts.com\\\/#\\\/schema\\\/logo\\\/image\\\/\",\"url\":\"https:\\\/\\\/www.mariventyachts.com\\\/wp-content\\\/uploads\\\/2024\\\/03\\\/marivent-site-icon.jpg\",\"contentUrl\":\"https:\\\/\\\/www.mariventyachts.com\\\/wp-content\\\/uploads\\\/2024\\\/03\\\/marivent-site-icon.jpg\",\"width\":512,\"height\":512,\"caption\":\"Marivent Yachts\"},\"image\":{\"@id\":\"https:\\\/\\\/www.mariventyachts.com\\\/#\\\/schema\\\/logo\\\/image\\\/\"},\"sameAs\":[\"https:\\\/\\\/www.facebook.com\\\/mariventyachts\\\/\",\"https:\\\/\\\/www.instagram.com\\\/mariventyachts\\\/\"]}]}<\/script>\n<!-- \/ Yoast SEO plugin. -->","yoast_head_json":{"title":"Austin Parker - Marivent Yachts","robots":{"index":"index","follow":"follow","max-snippet":"max-snippet:-1","max-image-preview":"max-image-preview:large","max-video-preview":"max-video-preview:-1"},"canonical":"https:\/\/www.mariventyachts.com\/es\/austin-parker\/","og_locale":"es_ES","og_type":"article","og_title":"Austin Parker - Marivent Yachts","og_description":"La actual gama de Austin Parker Yachts se divide en tres l\u00edneas distintas, dise\u00f1adas para satisfacer diferentes estilos de vida. La serie Ibiza incluye los modelos Ibiza 44, Ibiza 44 Outboard, Ibiza 52 y Ibiza 85. Estas embarcaciones walk-around destacan por sus amplios y c\u00f3modos pasillos laterales. La gama de yates a motor Mah\u00f2n est\u00e1...","og_url":"https:\/\/www.mariventyachts.com\/es\/austin-parker\/","og_site_name":"Marivent Yachts","article_publisher":"https:\/\/www.facebook.com\/mariventyachts\/","article_modified_time":"2024-12-03T11:56:05+00:00","og_image":[{"width":575,"height":142,"url":"https:\/\/www.mariventyachts.com\/wp-content\/uploads\/austin-parker-mallorca-logo2024-white-colors.png","type":"image\/png"}],"twitter_card":"summary_large_image","twitter_misc":{"Tiempo de lectura":"2 minutos"},"schema":{"@context":"https:\/\/schema.org","@graph":[{"@type":"WebPage","@id":"https:\/\/www.mariventyachts.com\/es\/austin-parker\/","url":"https:\/\/www.mariventyachts.com\/es\/austin-parker\/","name":"Austin Parker - Marivent Yachts","isPartOf":{"@id":"https:\/\/www.mariventyachts.com\/#website"},"primaryImageOfPage":{"@id":"https:\/\/www.mariventyachts.com\/es\/austin-parker\/#primaryimage"},"image":{"@id":"https:\/\/www.mariventyachts.com\/es\/austin-parker\/#primaryimage"},"thumbnailUrl":"https:\/\/www.mariventyachts.com\/wp-content\/uploads\/austin-parker-mallorca-logo2024-white-colors.png","datePublished":"2024-08-11T17:58:17+00:00","dateModified":"2024-12-03T11:56:05+00:00","breadcrumb":{"@id":"https:\/\/www.mariventyachts.com\/es\/austin-parker\/#breadcrumb"},"inLanguage":"es","potentialAction":[{"@type":"ReadAction","target":["https:\/\/www.mariventyachts.com\/es\/austin-parker\/"]}]},{"@type":"ImageObject","inLanguage":"es","@id":"https:\/\/www.mariventyachts.com\/es\/austin-parker\/#primaryimage","url":"https:\/\/www.mariventyachts.com\/wp-content\/uploads\/austin-parker-mallorca-logo2024-white-colors.png","contentUrl":"https:\/\/www.mariventyachts.com\/wp-content\/uploads\/austin-parker-mallorca-logo2024-white-colors.png","width":575,"height":142},{"@type":"BreadcrumbList","@id":"https:\/\/www.mariventyachts.com\/es\/austin-parker\/#breadcrumb","itemListElement":[{"@type":"ListItem","position":1,"name":"Home","item":"https:\/\/www.mariventyachts.com\/es\/b\/"},{"@type":"ListItem","position":2,"name":"Austin Parker"}]},{"@type":"WebSite","@id":"https:\/\/www.mariventyachts.com\/#website","url":"https:\/\/www.mariventyachts.com\/","name":"Marivent Yachts","description":"","publisher":{"@id":"https:\/\/www.mariventyachts.com\/#organization"},"potentialAction":[{"@type":"SearchAction","target":{"@type":"EntryPoint","urlTemplate":"https:\/\/www.mariventyachts.com\/?s={search_term_string}"},"query-input":{"@type":"PropertyValueSpecification","valueRequired":true,"valueName":"search_term_string"}}],"inLanguage":"es"},{"@type":"Organization","@id":"https:\/\/www.mariventyachts.com\/#organization","name":"Marivent Yachts","url":"https:\/\/www.mariventyachts.com\/","logo":{"@type":"ImageObject","inLanguage":"es","@id":"https:\/\/www.mariventyachts.com\/#\/schema\/logo\/image\/","url":"https:\/\/www.mariventyachts.com\/wp-content\/uploads\/2024\/03\/marivent-site-icon.jpg","contentUrl":"https:\/\/www.mariventyachts.com\/wp-content\/uploads\/2024\/03\/marivent-site-icon.jpg","width":512,"height":512,"caption":"Marivent Yachts"},"image":{"@id":"https:\/\/www.mariventyachts.com\/#\/schema\/logo\/image\/"},"sameAs":["https:\/\/www.facebook.com\/mariventyachts\/","https:\/\/www.instagram.com\/mariventyachts\/"]}]}},"_links":{"self":[{"href":"https:\/\/www.mariventyachts.com\/es\/wp-json\/wp\/v2\/pages\/4561","targetHints":{"allow":["GET"]}}],"collection":[{"href":"https:\/\/www.mariventyachts.com\/es\/wp-json\/wp\/v2\/pages"}],"about":[{"href":"https:\/\/www.mariventyachts.com\/es\/wp-json\/wp\/v2\/types\/page"}],"author":[{"embeddable":true,"href":"https:\/\/www.mariventyachts.com\/es\/wp-json\/wp\/v2\/users\/1"}],"replies":[{"embeddable":true,"href":"https:\/\/www.mariventyachts.com\/es\/wp-json\/wp\/v2\/comments?post=4561"}],"version-history":[{"count":2,"href":"https:\/\/www.mariventyachts.com\/es\/wp-json\/wp\/v2\/pages\/4561\/revisions"}],"predecessor-version":[{"id":5017,"href":"https:\/\/www.mariventyachts.com\/es\/wp-json\/wp\/v2\/pages\/4561\/revisions\/5017"}],"wp:featuredmedia":[{"embeddable":true,"href":"https:\/\/www.mariventyachts.com\/es\/wp-json\/wp\/v2\/media\/2960"}],"wp:attachment":[{"href":"https:\/\/www.mariventyachts.com\/es\/wp-json\/wp\/v2\/media?parent=4561"}],"wp:term":[{"taxonomy":"brand","embeddable":true,"href":"https:\/\/www.mariventyachts.com\/es\/wp-json\/wp\/v2\/brand?post=4561"},{"taxonomy":"brands-old","embeddable":true,"href":"https:\/\/www.mariventyachts.com\/es\/wp-json\/wp\/v2\/brands-old?post=4561"}],"curies":[{"name":"wp","href":"https:\/\/api.w.org\/{rel}","templated":true}]}}