{"id":4563,"date":"2024-08-09T16:13:59","date_gmt":"2024-08-09T15:13:59","guid":{"rendered":"https:\/\/www.mariventyachts.com\/bluegame\/"},"modified":"2024-12-02T17:27:03","modified_gmt":"2024-12-02T17:27:03","slug":"bluegame","status":"publish","type":"page","link":"https:\/\/www.mariventyachts.com\/es\/bluegame\/","title":{"rendered":"Bluegame"},"content":{"rendered":"<p><span>Las gamas BG y BGX tienen caracter\u00edsticas espec\u00edficas que est\u00e1n presentes en diferentes segmentos pero comparten los valores fundacionales que son la base de la singularidad del\u00a0<\/span><strong>ADN al que Bluegame siempre ser\u00e1 fiel<\/strong><span>: gran dise\u00f1o de casco para una navegaci\u00f3n c\u00f3moda, construcci\u00f3n robusta, paredes laterales bien protegidas, amplias \u00e1reas de playa abiertas al mar, generosas \u00e1reas de descanso delanteras, cabinas conectadas, posici\u00f3n optimizada del puesto de mando, gran visibilidad, maniobrabilidad extremadamente f\u00e1cil, calidad superior, gran atenci\u00f3n a los detalles y la elegancia<\/span>.<\/p>\n","protected":false},"excerpt":{"rendered":"<p>Las gamas BG y BGX tienen caracter\u00edsticas espec\u00edficas que est\u00e1n presentes en diferentes segmentos pero comparten los valores fundacionales que son la base de la singularidad del\u00a0ADN al que Bluegame siempre ser\u00e1 fiel: gran dise\u00f1o de casco para una navegaci\u00f3n c\u00f3moda, construcci\u00f3n robusta, paredes laterales bien protegidas, amplias \u00e1reas de playa abiertas al mar, generosas&#8230;<\/p>\n","protected":false},"author":1,"featured_media":384,"parent":0,"menu_order":0,"comment_status":"closed","ping_status":"closed","template":"","meta":{"_acf_changed":false,"footnotes":""},"brand":[16],"brands-old":[],"class_list":["post-4563","page","type-page","status-publish","has-post-thumbnail","hentry","brand-bluegame"],"acf":[],"yoast_head":"<!-- This site is optimized with the Yoast SEO plugin v27.5 - https:\/\/yoast.com\/product\/yoast-seo-wordpress\/ -->\n<title>Bluegame - Marivent Yachts<\/title>\n<meta name=\"robots\" content=\"index, follow, max-snippet:-1, max-image-preview:large, max-video-preview:-1\" \/>\n<link rel=\"canonical\" href=\"https:\/\/www.mariventyachts.com\/es\/bluegame\/\" \/>\n<meta property=\"og:locale\" content=\"es_ES\" \/>\n<meta property=\"og:type\" content=\"article\" \/>\n<meta property=\"og:title\" content=\"Bluegame - Marivent Yachts\" \/>\n<meta property=\"og:description\" content=\"Las gamas BG y BGX tienen caracter\u00edsticas espec\u00edficas que est\u00e1n presentes en diferentes segmentos pero comparten los valores fundacionales que son la base de la singularidad del\u00a0ADN al que Bluegame siempre ser\u00e1 fiel: gran dise\u00f1o de casco para una navegaci\u00f3n c\u00f3moda, construcci\u00f3n robusta, paredes laterales bien protegidas, amplias \u00e1reas de playa abiertas al mar, generosas...\" \/>\n<meta property=\"og:url\" content=\"https:\/\/www.mariventyachts.com\/es\/bluegame\/\" \/>\n<meta property=\"og:site_name\" content=\"Marivent Yachts\" \/>\n<meta property=\"article:publisher\" content=\"https:\/\/www.facebook.com\/mariventyachts\/\" \/>\n<meta property=\"article:modified_time\" content=\"2024-12-02T17:27:03+00:00\" \/>\n<meta property=\"og:image\" content=\"https:\/\/www.mariventyachts.com\/wp-content\/uploads\/2024\/03\/bluegame-band-sanlorenzo-b.png\" \/>\n\t<meta property=\"og:image:width\" content=\"575\" \/>\n\t<meta property=\"og:image:height\" content=\"142\" \/>\n\t<meta property=\"og:image:type\" content=\"image\/png\" \/>\n<meta name=\"twitter:card\" content=\"summary_large_image\" \/>\n<script type=\"application\/ld+json\" class=\"yoast-schema-graph\">{\"@context\":\"https:\\\/\\\/schema.org\",\"@graph\":[{\"@type\":\"WebPage\",\"@id\":\"https:\\\/\\\/www.mariventyachts.com\\\/es\\\/bluegame\\\/\",\"url\":\"https:\\\/\\\/www.mariventyachts.com\\\/es\\\/bluegame\\\/\",\"name\":\"Bluegame - Marivent Yachts\",\"isPartOf\":{\"@id\":\"https:\\\/\\\/www.mariventyachts.com\\\/#website\"},\"primaryImageOfPage\":{\"@id\":\"https:\\\/\\\/www.mariventyachts.com\\\/es\\\/bluegame\\\/#primaryimage\"},\"image\":{\"@id\":\"https:\\\/\\\/www.mariventyachts.com\\\/es\\\/bluegame\\\/#primaryimage\"},\"thumbnailUrl\":\"https:\\\/\\\/www.mariventyachts.com\\\/wp-content\\\/uploads\\\/2024\\\/03\\\/bluegame-band-sanlorenzo-b.png\",\"datePublished\":\"2024-08-09T15:13:59+00:00\",\"dateModified\":\"2024-12-02T17:27:03+00:00\",\"breadcrumb\":{\"@id\":\"https:\\\/\\\/www.mariventyachts.com\\\/es\\\/bluegame\\\/#breadcrumb\"},\"inLanguage\":\"es\",\"potentialAction\":[{\"@type\":\"ReadAction\",\"target\":[\"https:\\\/\\\/www.mariventyachts.com\\\/es\\\/bluegame\\\/\"]}]},{\"@type\":\"ImageObject\",\"inLanguage\":\"es\",\"@id\":\"https:\\\/\\\/www.mariventyachts.com\\\/es\\\/bluegame\\\/#primaryimage\",\"url\":\"https:\\\/\\\/www.mariventyachts.com\\\/wp-content\\\/uploads\\\/2024\\\/03\\\/bluegame-band-sanlorenzo-b.png\",\"contentUrl\":\"https:\\\/\\\/www.mariventyachts.com\\\/wp-content\\\/uploads\\\/2024\\\/03\\\/bluegame-band-sanlorenzo-b.png\",\"width\":575,\"height\":142},{\"@type\":\"BreadcrumbList\",\"@id\":\"https:\\\/\\\/www.mariventyachts.com\\\/es\\\/bluegame\\\/#breadcrumb\",\"itemListElement\":[{\"@type\":\"ListItem\",\"position\":1,\"name\":\"Home\",\"item\":\"https:\\\/\\\/www.mariventyachts.com\\\/es\\\/b\\\/\"},{\"@type\":\"ListItem\",\"position\":2,\"name\":\"Bluegame\"}]},{\"@type\":\"WebSite\",\"@id\":\"https:\\\/\\\/www.mariventyachts.com\\\/#website\",\"url\":\"https:\\\/\\\/www.mariventyachts.com\\\/\",\"name\":\"Marivent Yachts\",\"description\":\"\",\"publisher\":{\"@id\":\"https:\\\/\\\/www.mariventyachts.com\\\/#organization\"},\"potentialAction\":[{\"@type\":\"SearchAction\",\"target\":{\"@type\":\"EntryPoint\",\"urlTemplate\":\"https:\\\/\\\/www.mariventyachts.com\\\/?s={search_term_string}\"},\"query-input\":{\"@type\":\"PropertyValueSpecification\",\"valueRequired\":true,\"valueName\":\"search_term_string\"}}],\"inLanguage\":\"es\"},{\"@type\":\"Organization\",\"@id\":\"https:\\\/\\\/www.mariventyachts.com\\\/#organization\",\"name\":\"Marivent Yachts\",\"url\":\"https:\\\/\\\/www.mariventyachts.com\\\/\",\"logo\":{\"@type\":\"ImageObject\",\"inLanguage\":\"es\",\"@id\":\"https:\\\/\\\/www.mariventyachts.com\\\/#\\\/schema\\\/logo\\\/image\\\/\",\"url\":\"https:\\\/\\\/www.mariventyachts.com\\\/wp-content\\\/uploads\\\/2024\\\/03\\\/marivent-site-icon.jpg\",\"contentUrl\":\"https:\\\/\\\/www.mariventyachts.com\\\/wp-content\\\/uploads\\\/2024\\\/03\\\/marivent-site-icon.jpg\",\"width\":512,\"height\":512,\"caption\":\"Marivent Yachts\"},\"image\":{\"@id\":\"https:\\\/\\\/www.mariventyachts.com\\\/#\\\/schema\\\/logo\\\/image\\\/\"},\"sameAs\":[\"https:\\\/\\\/www.facebook.com\\\/mariventyachts\\\/\",\"https:\\\/\\\/www.instagram.com\\\/mariventyachts\\\/\"]}]}<\/script>\n<!-- \/ Yoast SEO plugin. -->","yoast_head_json":{"title":"Bluegame - Marivent Yachts","robots":{"index":"index","follow":"follow","max-snippet":"max-snippet:-1","max-image-preview":"max-image-preview:large","max-video-preview":"max-video-preview:-1"},"canonical":"https:\/\/www.mariventyachts.com\/es\/bluegame\/","og_locale":"es_ES","og_type":"article","og_title":"Bluegame - Marivent Yachts","og_description":"Las gamas BG y BGX tienen caracter\u00edsticas espec\u00edficas que est\u00e1n presentes en diferentes segmentos pero comparten los valores fundacionales que son la base de la singularidad del\u00a0ADN al que Bluegame siempre ser\u00e1 fiel: gran dise\u00f1o de casco para una navegaci\u00f3n c\u00f3moda, construcci\u00f3n robusta, paredes laterales bien protegidas, amplias \u00e1reas de playa abiertas al mar, generosas...","og_url":"https:\/\/www.mariventyachts.com\/es\/bluegame\/","og_site_name":"Marivent Yachts","article_publisher":"https:\/\/www.facebook.com\/mariventyachts\/","article_modified_time":"2024-12-02T17:27:03+00:00","og_image":[{"width":575,"height":142,"url":"https:\/\/www.mariventyachts.com\/wp-content\/uploads\/2024\/03\/bluegame-band-sanlorenzo-b.png","type":"image\/png"}],"twitter_card":"summary_large_image","schema":{"@context":"https:\/\/schema.org","@graph":[{"@type":"WebPage","@id":"https:\/\/www.mariventyachts.com\/es\/bluegame\/","url":"https:\/\/www.mariventyachts.com\/es\/bluegame\/","name":"Bluegame - Marivent Yachts","isPartOf":{"@id":"https:\/\/www.mariventyachts.com\/#website"},"primaryImageOfPage":{"@id":"https:\/\/www.mariventyachts.com\/es\/bluegame\/#primaryimage"},"image":{"@id":"https:\/\/www.mariventyachts.com\/es\/bluegame\/#primaryimage"},"thumbnailUrl":"https:\/\/www.mariventyachts.com\/wp-content\/uploads\/2024\/03\/bluegame-band-sanlorenzo-b.png","datePublished":"2024-08-09T15:13:59+00:00","dateModified":"2024-12-02T17:27:03+00:00","breadcrumb":{"@id":"https:\/\/www.mariventyachts.com\/es\/bluegame\/#breadcrumb"},"inLanguage":"es","potentialAction":[{"@type":"ReadAction","target":["https:\/\/www.mariventyachts.com\/es\/bluegame\/"]}]},{"@type":"ImageObject","inLanguage":"es","@id":"https:\/\/www.mariventyachts.com\/es\/bluegame\/#primaryimage","url":"https:\/\/www.mariventyachts.com\/wp-content\/uploads\/2024\/03\/bluegame-band-sanlorenzo-b.png","contentUrl":"https:\/\/www.mariventyachts.com\/wp-content\/uploads\/2024\/03\/bluegame-band-sanlorenzo-b.png","width":575,"height":142},{"@type":"BreadcrumbList","@id":"https:\/\/www.mariventyachts.com\/es\/bluegame\/#breadcrumb","itemListElement":[{"@type":"ListItem","position":1,"name":"Home","item":"https:\/\/www.mariventyachts.com\/es\/b\/"},{"@type":"ListItem","position":2,"name":"Bluegame"}]},{"@type":"WebSite","@id":"https:\/\/www.mariventyachts.com\/#website","url":"https:\/\/www.mariventyachts.com\/","name":"Marivent Yachts","description":"","publisher":{"@id":"https:\/\/www.mariventyachts.com\/#organization"},"potentialAction":[{"@type":"SearchAction","target":{"@type":"EntryPoint","urlTemplate":"https:\/\/www.mariventyachts.com\/?s={search_term_string}"},"query-input":{"@type":"PropertyValueSpecification","valueRequired":true,"valueName":"search_term_string"}}],"inLanguage":"es"},{"@type":"Organization","@id":"https:\/\/www.mariventyachts.com\/#organization","name":"Marivent Yachts","url":"https:\/\/www.mariventyachts.com\/","logo":{"@type":"ImageObject","inLanguage":"es","@id":"https:\/\/www.mariventyachts.com\/#\/schema\/logo\/image\/","url":"https:\/\/www.mariventyachts.com\/wp-content\/uploads\/2024\/03\/marivent-site-icon.jpg","contentUrl":"https:\/\/www.mariventyachts.com\/wp-content\/uploads\/2024\/03\/marivent-site-icon.jpg","width":512,"height":512,"caption":"Marivent Yachts"},"image":{"@id":"https:\/\/www.mariventyachts.com\/#\/schema\/logo\/image\/"},"sameAs":["https:\/\/www.facebook.com\/mariventyachts\/","https:\/\/www.instagram.com\/mariventyachts\/"]}]}},"_links":{"self":[{"href":"https:\/\/www.mariventyachts.com\/es\/wp-json\/wp\/v2\/pages\/4563","targetHints":{"allow":["GET"]}}],"collection":[{"href":"https:\/\/www.mariventyachts.com\/es\/wp-json\/wp\/v2\/pages"}],"about":[{"href":"https:\/\/www.mariventyachts.com\/es\/wp-json\/wp\/v2\/types\/page"}],"author":[{"embeddable":true,"href":"https:\/\/www.mariventyachts.com\/es\/wp-json\/wp\/v2\/users\/1"}],"replies":[{"embeddable":true,"href":"https:\/\/www.mariventyachts.com\/es\/wp-json\/wp\/v2\/comments?post=4563"}],"version-history":[{"count":1,"href":"https:\/\/www.mariventyachts.com\/es\/wp-json\/wp\/v2\/pages\/4563\/revisions"}],"predecessor-version":[{"id":5003,"href":"https:\/\/www.mariventyachts.com\/es\/wp-json\/wp\/v2\/pages\/4563\/revisions\/5003"}],"wp:featuredmedia":[{"embeddable":true,"href":"https:\/\/www.mariventyachts.com\/es\/wp-json\/wp\/v2\/media\/384"}],"wp:attachment":[{"href":"https:\/\/www.mariventyachts.com\/es\/wp-json\/wp\/v2\/media?parent=4563"}],"wp:term":[{"taxonomy":"brand","embeddable":true,"href":"https:\/\/www.mariventyachts.com\/es\/wp-json\/wp\/v2\/brand?post=4563"},{"taxonomy":"brands-old","embeddable":true,"href":"https:\/\/www.mariventyachts.com\/es\/wp-json\/wp\/v2\/brands-old?post=4563"}],"curies":[{"name":"wp","href":"https:\/\/api.w.org\/{rel}","templated":true}]}}