{"id":4568,"date":"2024-08-21T18:20:49","date_gmt":"2024-08-21T17:20:49","guid":{"rendered":"https:\/\/www.mariventyachts.com\/bluegame-42-for-charter\/"},"modified":"2024-12-02T12:10:01","modified_gmt":"2024-12-02T12:10:01","slug":"bluegame-42-para-charter","status":"publish","type":"page","link":"https:\/\/www.mariventyachts.com\/es\/bluegame-42-para-charter\/","title":{"rendered":"Charter"},"content":{"rendered":"<section class=\"l-section wpb_row height_medium\"><div class=\"l-section-h i-cf\"><div class=\"g-cols vc_row via_grid cols_2 laptops-cols_inherit tablets-cols_inherit mobiles-cols_1 valign_top type_default stacking_default\"><div class=\"wpb_column vc_column_container\"><div class=\"vc_column-inner\"><div class=\"wpb_text_column\"><div class=\"wpb_wrapper\"><p><strong>Bluegame 42 ahora disponible para alquiler.<\/strong><\/p>\n<p>La Bluegame 42 es el yate perfecto para un d\u00eda de alquiler. Espacioso, manejable y muy c\u00f3modo, es ideal para pasar un d\u00eda con la familia o amigos.<\/p>\n<p>Si lo necesitas podemos ayudarte a planificar cuidadosamente tu itinerario, con nuestro asesoramiento sobre los mejores destinos, distancias cortas entre puertos y sitios de fondeo. Tenemos muchas ideas y siempre estamos dispuestos a explicar cualquier parte del proceso si tienes preguntas. Sin embargo, solo hay una manera de avanzar: si deseas disfrutar del aire fresco, de las mejores playas y pasar un d\u00eda inolvidable en el mar,<span>\u00a0<\/span><a href=\"https:\/\/beta.mariventyachts.com\/es\/contacto\/\"><strong>ll\u00e1manos para conversar sobre los detalles<\/strong><\/a>.<\/p>\n<p><strong>Caracter\u00edsticas t\u00e9cnicas<\/strong><\/p>\n<p>Modelo BG42 \/ A\u00f1o 2023 \/ Eslora del barco 12,98m \/ Personas a bordo 12 \/ Combustible Diesel \/ 2 Cabinas y 1 Ba\u00f1o<\/p>\n<\/div><\/div><\/div><\/div><div class=\"wpb_column vc_column_container\"><div class=\"vc_column-inner\"><div class=\"w-btn-wrapper align_left\"><a class=\"w-btn us-btn-style_6\" href=\"https:\/\/www.mariventyachts.com\/wp-content\/uploads\/Bluegame-42-For-Charter-Prices.pdf\"><span class=\"w-btn-label\">PDF de la Bluegame 42 para charter<\/span><\/a><\/div><div class=\"w-separator size_custom\" style=\"height:2vh\"><\/div><div class=\"w-btn-wrapper align_none\"><a class=\"w-btn us-btn-style_6\" href=\"https:\/\/www.mariventyachts.com\/es\/contacto\/\"><span class=\"w-btn-label\">Solicita m\u00e1s informaci\u00f3n<\/span><\/a><\/div><div class=\"w-separator size_custom\" style=\"height:5vh\"><\/div><\/div><\/div><\/div><\/div><\/section><section class=\"l-section wpb_row height_auto width_full\"><div class=\"l-section-h i-cf\"><div class=\"g-cols vc_row via_grid cols_1 laptops-cols_inherit tablets-cols_inherit mobiles-cols_1 valign_top type_default stacking_default\"><div class=\"wpb_column vc_column_container\"><div class=\"vc_column-inner\"><div class=\"w-grid type_grid layout_654 gallery-enlarge cols_3 preload_style_spinner ratio_1x1\" id=\"us_grid_1\" style=\"--columns:3;--gap:0rem;--item-ratio:1;\" data-filterable=\"true\"><style>@media (max-width:1042px){#us_grid_1{--columns:2!important}}@media (max-width:600px){#us_grid_1{--columns:1!important}}.layout_654 .w-grid-item-h{background:var(--color-content-bg);color:var(--color-content-text)}.layout_654 .usg_btn_2{transition-duration:0.3s;transform-origin:50% 50%;transform:scale(1) translate(0%,0%);opacity:0.65}.layout_654 .w-grid-item-h:focus-within .usg_btn_2,.layout_654 .w-grid-item-h:hover .usg_btn_2{transform:scale(1) translate(0%,0%);opacity:1}.layout_654 .usg_post_image_2{transition-duration:0.65s;transform-origin:50% 50%;transform:scale(1) translate(0%,0%)}.layout_654 .w-grid-item-h:focus-within .usg_post_image_2,.layout_654 .w-grid-item-h:hover .usg_post_image_2{transform:scale(1.20) translate(0%,0%);opacity:1}.layout_654 .usg_btn_2{font-size:max( 2rem,1.5vw )!important}.layout_654 .usg_post_image_2{position:absolute!important;overflow:hidden!important}.layout_654 .usg_vwrapper_1{position:absolute!important;left:0!important;top:0!important;bottom:0!important;right:0!important;background:var(--color-alt-content-overlay-grad,var(--color-alt-content-overlay) )!important}<\/style><div class=\"w-grid-list\">\t<article class=\"w-grid-item size_1x1 post-882 attachment type-attachment status-inherit hentry\" data-id=\"882\">\r\n\t\t<div class=\"w-grid-item-h\">\r\n\t\t\t\t\t\t<div class=\"w-post-elm post_image usg_post_image_2 has_ratio\"><a href=\"https:\/\/www.mariventyachts.com\/es\/bluegame-bg42-featured-2\/\" aria-label=\"Bluegame-BG42-featured\"><img loading=\"lazy\" decoding=\"async\" width=\"1024\" height=\"683\" src=\"https:\/\/www.mariventyachts.com\/wp-content\/uploads\/Bluegame-BG42-featured-1024x683.jpg\" class=\"attachment-medium size-medium\" alt=\"\" \/><\/a><div style=\"padding-bottom:100%\"><\/div><\/div><div class=\"w-vwrapper usg_vwrapper_1 align_center valign_middle\"><a class=\"w-btn us-btn-style_3 usg_btn_2 icon_atleft text_none\" aria-label=\"Button\" href=\"https:\/\/www.mariventyachts.com\/es\/bluegame-bg42-featured-2\/\"><i class=\"fas fa-search-plus\"><\/i><\/a><\/div>\t\t<\/div>\r\n\t\t\t<\/article>\r\n<\/div><div class=\"w-grid-preloader\">\t<div class=\"g-preloader type_1\">\r\n\t\t<div><\/div>\r\n\t<\/div>\r\n\t<\/div>\t<div class=\"w-grid-json hidden\" onclick='return {&quot;action&quot;:&quot;us_ajax_grid&quot;,&quot;infinite_scroll&quot;:0,&quot;max_num_pages&quot;:1,&quot;pagination&quot;:&quot;none&quot;,&quot;template_vars&quot;:{&quot;columns&quot;:&quot;3&quot;,&quot;exclude_items&quot;:&quot;none&quot;,&quot;img_size&quot;:&quot;default&quot;,&quot;ignore_items_size&quot;:0,&quot;items_layout&quot;:&quot;654&quot;,&quot;items_offset&quot;:&quot;1&quot;,&quot;load_animation&quot;:&quot;none&quot;,&quot;overriding_link&quot;:&quot;%7B%22url%22%3A%22%22%7D&quot;,&quot;post_id&quot;:0,&quot;query_args&quot;:{&quot;post__in&quot;:[882],&quot;post_status&quot;:&quot;inherit&quot;,&quot;post_mime_type&quot;:&quot;image&quot;,&quot;post_type&quot;:&quot;attachment&quot;,&quot;posts_per_page&quot;:&quot;50&quot;},&quot;orderby_query_args&quot;:{&quot;orderby&quot;:{&quot;date&quot;:&quot;DESC&quot;}},&quot;type&quot;:&quot;grid&quot;,&quot;us_grid_post_type&quot;:&quot;cf|us_tile_additional_image&quot;,&quot;us_grid_ajax_index&quot;:1,&quot;us_grid_filter_query_string&quot;:null,&quot;us_grid_index&quot;:1,&quot;page_args&quot;:[],&quot;lang&quot;:&quot;es&quot;}}'><\/div>\r\n\t<\/div><\/div><\/div><\/div><\/div><\/section>\n","protected":false},"excerpt":{"rendered":"","protected":false},"author":1,"featured_media":882,"parent":0,"menu_order":0,"comment_status":"closed","ping_status":"closed","template":"","meta":{"_acf_changed":false,"footnotes":""},"brand":[],"brands-old":[],"class_list":["post-4568","page","type-page","status-publish","has-post-thumbnail","hentry"],"acf":[],"yoast_head":"<!-- This site is optimized with the Yoast SEO plugin v27.5 - https:\/\/yoast.com\/product\/yoast-seo-wordpress\/ -->\n<title>Charter - Marivent Yachts<\/title>\n<meta name=\"robots\" content=\"index, follow, max-snippet:-1, max-image-preview:large, max-video-preview:-1\" \/>\n<link rel=\"canonical\" href=\"https:\/\/www.mariventyachts.com\/es\/bluegame-42-para-charter\/\" \/>\n<meta property=\"og:locale\" content=\"es_ES\" \/>\n<meta property=\"og:type\" content=\"article\" \/>\n<meta property=\"og:title\" content=\"Charter - Marivent Yachts\" \/>\n<meta property=\"og:url\" content=\"https:\/\/www.mariventyachts.com\/es\/bluegame-42-para-charter\/\" \/>\n<meta property=\"og:site_name\" content=\"Marivent Yachts\" \/>\n<meta property=\"article:publisher\" content=\"https:\/\/www.facebook.com\/mariventyachts\/\" \/>\n<meta property=\"article:modified_time\" content=\"2024-12-02T12:10:01+00:00\" \/>\n<meta property=\"og:image\" content=\"https:\/\/www.mariventyachts.com\/wp-content\/uploads\/Bluegame-BG42-featured.jpg\" \/>\n\t<meta property=\"og:image:width\" content=\"1920\" \/>\n\t<meta property=\"og:image:height\" content=\"1281\" \/>\n\t<meta property=\"og:image:type\" content=\"image\/jpeg\" \/>\n<meta name=\"twitter:card\" content=\"summary_large_image\" \/>\n<meta name=\"twitter:label1\" content=\"Tiempo de lectura\" \/>\n\t<meta name=\"twitter:data1\" content=\"1 minuto\" \/>\n<script type=\"application\/ld+json\" class=\"yoast-schema-graph\">{\"@context\":\"https:\\\/\\\/schema.org\",\"@graph\":[{\"@type\":\"WebPage\",\"@id\":\"https:\\\/\\\/www.mariventyachts.com\\\/es\\\/bluegame-42-para-charter\\\/\",\"url\":\"https:\\\/\\\/www.mariventyachts.com\\\/es\\\/bluegame-42-para-charter\\\/\",\"name\":\"Charter - Marivent Yachts\",\"isPartOf\":{\"@id\":\"https:\\\/\\\/www.mariventyachts.com\\\/#website\"},\"primaryImageOfPage\":{\"@id\":\"https:\\\/\\\/www.mariventyachts.com\\\/es\\\/bluegame-42-para-charter\\\/#primaryimage\"},\"image\":{\"@id\":\"https:\\\/\\\/www.mariventyachts.com\\\/es\\\/bluegame-42-para-charter\\\/#primaryimage\"},\"thumbnailUrl\":\"https:\\\/\\\/www.mariventyachts.com\\\/wp-content\\\/uploads\\\/Bluegame-BG42-featured.jpg\",\"datePublished\":\"2024-08-21T17:20:49+00:00\",\"dateModified\":\"2024-12-02T12:10:01+00:00\",\"breadcrumb\":{\"@id\":\"https:\\\/\\\/www.mariventyachts.com\\\/es\\\/bluegame-42-para-charter\\\/#breadcrumb\"},\"inLanguage\":\"es\",\"potentialAction\":[{\"@type\":\"ReadAction\",\"target\":[\"https:\\\/\\\/www.mariventyachts.com\\\/es\\\/bluegame-42-para-charter\\\/\"]}]},{\"@type\":\"ImageObject\",\"inLanguage\":\"es\",\"@id\":\"https:\\\/\\\/www.mariventyachts.com\\\/es\\\/bluegame-42-para-charter\\\/#primaryimage\",\"url\":\"https:\\\/\\\/www.mariventyachts.com\\\/wp-content\\\/uploads\\\/Bluegame-BG42-featured.jpg\",\"contentUrl\":\"https:\\\/\\\/www.mariventyachts.com\\\/wp-content\\\/uploads\\\/Bluegame-BG42-featured.jpg\",\"width\":1920,\"height\":1281},{\"@type\":\"BreadcrumbList\",\"@id\":\"https:\\\/\\\/www.mariventyachts.com\\\/es\\\/bluegame-42-para-charter\\\/#breadcrumb\",\"itemListElement\":[{\"@type\":\"ListItem\",\"position\":1,\"name\":\"Home\",\"item\":\"https:\\\/\\\/www.mariventyachts.com\\\/es\\\/b\\\/\"},{\"@type\":\"ListItem\",\"position\":2,\"name\":\"Charter\"}]},{\"@type\":\"WebSite\",\"@id\":\"https:\\\/\\\/www.mariventyachts.com\\\/#website\",\"url\":\"https:\\\/\\\/www.mariventyachts.com\\\/\",\"name\":\"Marivent Yachts\",\"description\":\"\",\"publisher\":{\"@id\":\"https:\\\/\\\/www.mariventyachts.com\\\/#organization\"},\"potentialAction\":[{\"@type\":\"SearchAction\",\"target\":{\"@type\":\"EntryPoint\",\"urlTemplate\":\"https:\\\/\\\/www.mariventyachts.com\\\/?s={search_term_string}\"},\"query-input\":{\"@type\":\"PropertyValueSpecification\",\"valueRequired\":true,\"valueName\":\"search_term_string\"}}],\"inLanguage\":\"es\"},{\"@type\":\"Organization\",\"@id\":\"https:\\\/\\\/www.mariventyachts.com\\\/#organization\",\"name\":\"Marivent Yachts\",\"url\":\"https:\\\/\\\/www.mariventyachts.com\\\/\",\"logo\":{\"@type\":\"ImageObject\",\"inLanguage\":\"es\",\"@id\":\"https:\\\/\\\/www.mariventyachts.com\\\/#\\\/schema\\\/logo\\\/image\\\/\",\"url\":\"https:\\\/\\\/www.mariventyachts.com\\\/wp-content\\\/uploads\\\/2024\\\/03\\\/marivent-site-icon.jpg\",\"contentUrl\":\"https:\\\/\\\/www.mariventyachts.com\\\/wp-content\\\/uploads\\\/2024\\\/03\\\/marivent-site-icon.jpg\",\"width\":512,\"height\":512,\"caption\":\"Marivent Yachts\"},\"image\":{\"@id\":\"https:\\\/\\\/www.mariventyachts.com\\\/#\\\/schema\\\/logo\\\/image\\\/\"},\"sameAs\":[\"https:\\\/\\\/www.facebook.com\\\/mariventyachts\\\/\",\"https:\\\/\\\/www.instagram.com\\\/mariventyachts\\\/\"]}]}<\/script>\n<!-- \/ Yoast SEO plugin. -->","yoast_head_json":{"title":"Charter - Marivent Yachts","robots":{"index":"index","follow":"follow","max-snippet":"max-snippet:-1","max-image-preview":"max-image-preview:large","max-video-preview":"max-video-preview:-1"},"canonical":"https:\/\/www.mariventyachts.com\/es\/bluegame-42-para-charter\/","og_locale":"es_ES","og_type":"article","og_title":"Charter - Marivent Yachts","og_url":"https:\/\/www.mariventyachts.com\/es\/bluegame-42-para-charter\/","og_site_name":"Marivent Yachts","article_publisher":"https:\/\/www.facebook.com\/mariventyachts\/","article_modified_time":"2024-12-02T12:10:01+00:00","og_image":[{"width":1920,"height":1281,"url":"https:\/\/www.mariventyachts.com\/wp-content\/uploads\/Bluegame-BG42-featured.jpg","type":"image\/jpeg"}],"twitter_card":"summary_large_image","twitter_misc":{"Tiempo de lectura":"1 minuto"},"schema":{"@context":"https:\/\/schema.org","@graph":[{"@type":"WebPage","@id":"https:\/\/www.mariventyachts.com\/es\/bluegame-42-para-charter\/","url":"https:\/\/www.mariventyachts.com\/es\/bluegame-42-para-charter\/","name":"Charter - Marivent Yachts","isPartOf":{"@id":"https:\/\/www.mariventyachts.com\/#website"},"primaryImageOfPage":{"@id":"https:\/\/www.mariventyachts.com\/es\/bluegame-42-para-charter\/#primaryimage"},"image":{"@id":"https:\/\/www.mariventyachts.com\/es\/bluegame-42-para-charter\/#primaryimage"},"thumbnailUrl":"https:\/\/www.mariventyachts.com\/wp-content\/uploads\/Bluegame-BG42-featured.jpg","datePublished":"2024-08-21T17:20:49+00:00","dateModified":"2024-12-02T12:10:01+00:00","breadcrumb":{"@id":"https:\/\/www.mariventyachts.com\/es\/bluegame-42-para-charter\/#breadcrumb"},"inLanguage":"es","potentialAction":[{"@type":"ReadAction","target":["https:\/\/www.mariventyachts.com\/es\/bluegame-42-para-charter\/"]}]},{"@type":"ImageObject","inLanguage":"es","@id":"https:\/\/www.mariventyachts.com\/es\/bluegame-42-para-charter\/#primaryimage","url":"https:\/\/www.mariventyachts.com\/wp-content\/uploads\/Bluegame-BG42-featured.jpg","contentUrl":"https:\/\/www.mariventyachts.com\/wp-content\/uploads\/Bluegame-BG42-featured.jpg","width":1920,"height":1281},{"@type":"BreadcrumbList","@id":"https:\/\/www.mariventyachts.com\/es\/bluegame-42-para-charter\/#breadcrumb","itemListElement":[{"@type":"ListItem","position":1,"name":"Home","item":"https:\/\/www.mariventyachts.com\/es\/b\/"},{"@type":"ListItem","position":2,"name":"Charter"}]},{"@type":"WebSite","@id":"https:\/\/www.mariventyachts.com\/#website","url":"https:\/\/www.mariventyachts.com\/","name":"Marivent Yachts","description":"","publisher":{"@id":"https:\/\/www.mariventyachts.com\/#organization"},"potentialAction":[{"@type":"SearchAction","target":{"@type":"EntryPoint","urlTemplate":"https:\/\/www.mariventyachts.com\/?s={search_term_string}"},"query-input":{"@type":"PropertyValueSpecification","valueRequired":true,"valueName":"search_term_string"}}],"inLanguage":"es"},{"@type":"Organization","@id":"https:\/\/www.mariventyachts.com\/#organization","name":"Marivent Yachts","url":"https:\/\/www.mariventyachts.com\/","logo":{"@type":"ImageObject","inLanguage":"es","@id":"https:\/\/www.mariventyachts.com\/#\/schema\/logo\/image\/","url":"https:\/\/www.mariventyachts.com\/wp-content\/uploads\/2024\/03\/marivent-site-icon.jpg","contentUrl":"https:\/\/www.mariventyachts.com\/wp-content\/uploads\/2024\/03\/marivent-site-icon.jpg","width":512,"height":512,"caption":"Marivent Yachts"},"image":{"@id":"https:\/\/www.mariventyachts.com\/#\/schema\/logo\/image\/"},"sameAs":["https:\/\/www.facebook.com\/mariventyachts\/","https:\/\/www.instagram.com\/mariventyachts\/"]}]}},"_links":{"self":[{"href":"https:\/\/www.mariventyachts.com\/es\/wp-json\/wp\/v2\/pages\/4568","targetHints":{"allow":["GET"]}}],"collection":[{"href":"https:\/\/www.mariventyachts.com\/es\/wp-json\/wp\/v2\/pages"}],"about":[{"href":"https:\/\/www.mariventyachts.com\/es\/wp-json\/wp\/v2\/types\/page"}],"author":[{"embeddable":true,"href":"https:\/\/www.mariventyachts.com\/es\/wp-json\/wp\/v2\/users\/1"}],"replies":[{"embeddable":true,"href":"https:\/\/www.mariventyachts.com\/es\/wp-json\/wp\/v2\/comments?post=4568"}],"version-history":[{"count":2,"href":"https:\/\/www.mariventyachts.com\/es\/wp-json\/wp\/v2\/pages\/4568\/revisions"}],"predecessor-version":[{"id":4949,"href":"https:\/\/www.mariventyachts.com\/es\/wp-json\/wp\/v2\/pages\/4568\/revisions\/4949"}],"wp:featuredmedia":[{"embeddable":true,"href":"https:\/\/www.mariventyachts.com\/es\/wp-json\/wp\/v2\/media\/882"}],"wp:attachment":[{"href":"https:\/\/www.mariventyachts.com\/es\/wp-json\/wp\/v2\/media?parent=4568"}],"wp:term":[{"taxonomy":"brand","embeddable":true,"href":"https:\/\/www.mariventyachts.com\/es\/wp-json\/wp\/v2\/brand?post=4568"},{"taxonomy":"brands-old","embeddable":true,"href":"https:\/\/www.mariventyachts.com\/es\/wp-json\/wp\/v2\/brands-old?post=4568"}],"curies":[{"name":"wp","href":"https:\/\/api.w.org\/{rel}","templated":true}]}}