{"id":4574,"date":"2024-08-09T12:31:15","date_gmt":"2024-08-09T11:31:15","guid":{"rendered":"https:\/\/www.mariventyachts.com\/fjord\/"},"modified":"2024-12-02T17:34:43","modified_gmt":"2024-12-02T17:34:43","slug":"fjord","status":"publish","type":"page","link":"https:\/\/www.mariventyachts.com\/es\/fjord\/","title":{"rendered":"Fjord"},"content":{"rendered":"<p>Cada producto FJORD encarna lo mejor de tres mundos: El purismo escandinavo garantiza un gran atractivo visual; el savoir vivre mediterr\u00e1neo sirve de inspiraci\u00f3n para los numerosos detalles de equipamiento de lujo; y la ingenier\u00eda alemana garantiza una din\u00e1mica de conducci\u00f3n excepcional, la m\u00e1xima seguridad y fiabilidad, y un acabado impecable. Este es el ADN \u00fanico que ha convertido al FJORD en el prototipo de cualquier lancha motora extravagante y en un icono internacional del dise\u00f1o.<\/p>\n","protected":false},"excerpt":{"rendered":"<p>Cada producto FJORD encarna lo mejor de tres mundos: El purismo escandinavo garantiza un gran atractivo visual; el savoir vivre mediterr\u00e1neo sirve de inspiraci\u00f3n para los numerosos detalles de equipamiento de lujo; y la ingenier\u00eda alemana garantiza una din\u00e1mica de conducci\u00f3n excepcional, la m\u00e1xima seguridad y fiabilidad, y un acabado impecable. Este es el ADN&#8230;<\/p>\n","protected":false},"author":1,"featured_media":382,"parent":0,"menu_order":0,"comment_status":"closed","ping_status":"closed","template":"","meta":{"_acf_changed":false,"footnotes":""},"brand":[18],"brands-old":[176],"class_list":["post-4574","page","type-page","status-publish","has-post-thumbnail","hentry","brand-fjord","brands-old-fjord-old-models"],"acf":[],"yoast_head":"<!-- This site is optimized with the Yoast SEO plugin v27.4 - https:\/\/yoast.com\/product\/yoast-seo-wordpress\/ -->\n<title>Fjord - Marivent Yachts<\/title>\n<meta name=\"robots\" content=\"index, follow, max-snippet:-1, max-image-preview:large, max-video-preview:-1\" \/>\n<link rel=\"canonical\" href=\"https:\/\/www.mariventyachts.com\/es\/fjord\/\" \/>\n<meta property=\"og:locale\" content=\"es_ES\" \/>\n<meta property=\"og:type\" content=\"article\" \/>\n<meta property=\"og:title\" content=\"Fjord - Marivent Yachts\" \/>\n<meta property=\"og:description\" content=\"Cada producto FJORD encarna lo mejor de tres mundos: El purismo escandinavo garantiza un gran atractivo visual; el savoir vivre mediterr\u00e1neo sirve de inspiraci\u00f3n para los numerosos detalles de equipamiento de lujo; y la ingenier\u00eda alemana garantiza una din\u00e1mica de conducci\u00f3n excepcional, la m\u00e1xima seguridad y fiabilidad, y un acabado impecable. Este es el ADN...\" \/>\n<meta property=\"og:url\" content=\"https:\/\/www.mariventyachts.com\/es\/fjord\/\" \/>\n<meta property=\"og:site_name\" content=\"Marivent Yachts\" \/>\n<meta property=\"article:publisher\" content=\"https:\/\/www.facebook.com\/mariventyachts\/\" \/>\n<meta property=\"article:modified_time\" content=\"2024-12-02T17:34:43+00:00\" \/>\n<meta property=\"og:image\" content=\"https:\/\/www.mariventyachts.com\/wp-content\/uploads\/2024\/03\/fjord-mallorca-logo-2.png\" \/>\n\t<meta property=\"og:image:width\" content=\"575\" \/>\n\t<meta property=\"og:image:height\" content=\"142\" \/>\n\t<meta property=\"og:image:type\" content=\"image\/png\" \/>\n<meta name=\"twitter:card\" content=\"summary_large_image\" \/>\n<script type=\"application\/ld+json\" class=\"yoast-schema-graph\">{\"@context\":\"https:\\\/\\\/schema.org\",\"@graph\":[{\"@type\":\"WebPage\",\"@id\":\"https:\\\/\\\/www.mariventyachts.com\\\/es\\\/fjord\\\/\",\"url\":\"https:\\\/\\\/www.mariventyachts.com\\\/es\\\/fjord\\\/\",\"name\":\"Fjord - Marivent Yachts\",\"isPartOf\":{\"@id\":\"https:\\\/\\\/www.mariventyachts.com\\\/#website\"},\"primaryImageOfPage\":{\"@id\":\"https:\\\/\\\/www.mariventyachts.com\\\/es\\\/fjord\\\/#primaryimage\"},\"image\":{\"@id\":\"https:\\\/\\\/www.mariventyachts.com\\\/es\\\/fjord\\\/#primaryimage\"},\"thumbnailUrl\":\"https:\\\/\\\/www.mariventyachts.com\\\/wp-content\\\/uploads\\\/2024\\\/03\\\/fjord-mallorca-logo-2.png\",\"datePublished\":\"2024-08-09T11:31:15+00:00\",\"dateModified\":\"2024-12-02T17:34:43+00:00\",\"breadcrumb\":{\"@id\":\"https:\\\/\\\/www.mariventyachts.com\\\/es\\\/fjord\\\/#breadcrumb\"},\"inLanguage\":\"es\",\"potentialAction\":[{\"@type\":\"ReadAction\",\"target\":[\"https:\\\/\\\/www.mariventyachts.com\\\/es\\\/fjord\\\/\"]}]},{\"@type\":\"ImageObject\",\"inLanguage\":\"es\",\"@id\":\"https:\\\/\\\/www.mariventyachts.com\\\/es\\\/fjord\\\/#primaryimage\",\"url\":\"https:\\\/\\\/www.mariventyachts.com\\\/wp-content\\\/uploads\\\/2024\\\/03\\\/fjord-mallorca-logo-2.png\",\"contentUrl\":\"https:\\\/\\\/www.mariventyachts.com\\\/wp-content\\\/uploads\\\/2024\\\/03\\\/fjord-mallorca-logo-2.png\",\"width\":575,\"height\":142},{\"@type\":\"BreadcrumbList\",\"@id\":\"https:\\\/\\\/www.mariventyachts.com\\\/es\\\/fjord\\\/#breadcrumb\",\"itemListElement\":[{\"@type\":\"ListItem\",\"position\":1,\"name\":\"Home\",\"item\":\"https:\\\/\\\/www.mariventyachts.com\\\/es\\\/b\\\/\"},{\"@type\":\"ListItem\",\"position\":2,\"name\":\"Fjord\"}]},{\"@type\":\"WebSite\",\"@id\":\"https:\\\/\\\/www.mariventyachts.com\\\/#website\",\"url\":\"https:\\\/\\\/www.mariventyachts.com\\\/\",\"name\":\"Marivent Yachts\",\"description\":\"\",\"publisher\":{\"@id\":\"https:\\\/\\\/www.mariventyachts.com\\\/#organization\"},\"potentialAction\":[{\"@type\":\"SearchAction\",\"target\":{\"@type\":\"EntryPoint\",\"urlTemplate\":\"https:\\\/\\\/www.mariventyachts.com\\\/?s={search_term_string}\"},\"query-input\":{\"@type\":\"PropertyValueSpecification\",\"valueRequired\":true,\"valueName\":\"search_term_string\"}}],\"inLanguage\":\"es\"},{\"@type\":\"Organization\",\"@id\":\"https:\\\/\\\/www.mariventyachts.com\\\/#organization\",\"name\":\"Marivent Yachts\",\"url\":\"https:\\\/\\\/www.mariventyachts.com\\\/\",\"logo\":{\"@type\":\"ImageObject\",\"inLanguage\":\"es\",\"@id\":\"https:\\\/\\\/www.mariventyachts.com\\\/#\\\/schema\\\/logo\\\/image\\\/\",\"url\":\"https:\\\/\\\/www.mariventyachts.com\\\/wp-content\\\/uploads\\\/2024\\\/03\\\/marivent-site-icon.jpg\",\"contentUrl\":\"https:\\\/\\\/www.mariventyachts.com\\\/wp-content\\\/uploads\\\/2024\\\/03\\\/marivent-site-icon.jpg\",\"width\":512,\"height\":512,\"caption\":\"Marivent Yachts\"},\"image\":{\"@id\":\"https:\\\/\\\/www.mariventyachts.com\\\/#\\\/schema\\\/logo\\\/image\\\/\"},\"sameAs\":[\"https:\\\/\\\/www.facebook.com\\\/mariventyachts\\\/\",\"https:\\\/\\\/www.instagram.com\\\/mariventyachts\\\/\"]}]}<\/script>\n<!-- \/ Yoast SEO plugin. -->","yoast_head_json":{"title":"Fjord - Marivent Yachts","robots":{"index":"index","follow":"follow","max-snippet":"max-snippet:-1","max-image-preview":"max-image-preview:large","max-video-preview":"max-video-preview:-1"},"canonical":"https:\/\/www.mariventyachts.com\/es\/fjord\/","og_locale":"es_ES","og_type":"article","og_title":"Fjord - Marivent Yachts","og_description":"Cada producto FJORD encarna lo mejor de tres mundos: El purismo escandinavo garantiza un gran atractivo visual; el savoir vivre mediterr\u00e1neo sirve de inspiraci\u00f3n para los numerosos detalles de equipamiento de lujo; y la ingenier\u00eda alemana garantiza una din\u00e1mica de conducci\u00f3n excepcional, la m\u00e1xima seguridad y fiabilidad, y un acabado impecable. Este es el ADN...","og_url":"https:\/\/www.mariventyachts.com\/es\/fjord\/","og_site_name":"Marivent Yachts","article_publisher":"https:\/\/www.facebook.com\/mariventyachts\/","article_modified_time":"2024-12-02T17:34:43+00:00","og_image":[{"width":575,"height":142,"url":"https:\/\/www.mariventyachts.com\/wp-content\/uploads\/2024\/03\/fjord-mallorca-logo-2.png","type":"image\/png"}],"twitter_card":"summary_large_image","schema":{"@context":"https:\/\/schema.org","@graph":[{"@type":"WebPage","@id":"https:\/\/www.mariventyachts.com\/es\/fjord\/","url":"https:\/\/www.mariventyachts.com\/es\/fjord\/","name":"Fjord - Marivent Yachts","isPartOf":{"@id":"https:\/\/www.mariventyachts.com\/#website"},"primaryImageOfPage":{"@id":"https:\/\/www.mariventyachts.com\/es\/fjord\/#primaryimage"},"image":{"@id":"https:\/\/www.mariventyachts.com\/es\/fjord\/#primaryimage"},"thumbnailUrl":"https:\/\/www.mariventyachts.com\/wp-content\/uploads\/2024\/03\/fjord-mallorca-logo-2.png","datePublished":"2024-08-09T11:31:15+00:00","dateModified":"2024-12-02T17:34:43+00:00","breadcrumb":{"@id":"https:\/\/www.mariventyachts.com\/es\/fjord\/#breadcrumb"},"inLanguage":"es","potentialAction":[{"@type":"ReadAction","target":["https:\/\/www.mariventyachts.com\/es\/fjord\/"]}]},{"@type":"ImageObject","inLanguage":"es","@id":"https:\/\/www.mariventyachts.com\/es\/fjord\/#primaryimage","url":"https:\/\/www.mariventyachts.com\/wp-content\/uploads\/2024\/03\/fjord-mallorca-logo-2.png","contentUrl":"https:\/\/www.mariventyachts.com\/wp-content\/uploads\/2024\/03\/fjord-mallorca-logo-2.png","width":575,"height":142},{"@type":"BreadcrumbList","@id":"https:\/\/www.mariventyachts.com\/es\/fjord\/#breadcrumb","itemListElement":[{"@type":"ListItem","position":1,"name":"Home","item":"https:\/\/www.mariventyachts.com\/es\/b\/"},{"@type":"ListItem","position":2,"name":"Fjord"}]},{"@type":"WebSite","@id":"https:\/\/www.mariventyachts.com\/#website","url":"https:\/\/www.mariventyachts.com\/","name":"Marivent Yachts","description":"","publisher":{"@id":"https:\/\/www.mariventyachts.com\/#organization"},"potentialAction":[{"@type":"SearchAction","target":{"@type":"EntryPoint","urlTemplate":"https:\/\/www.mariventyachts.com\/?s={search_term_string}"},"query-input":{"@type":"PropertyValueSpecification","valueRequired":true,"valueName":"search_term_string"}}],"inLanguage":"es"},{"@type":"Organization","@id":"https:\/\/www.mariventyachts.com\/#organization","name":"Marivent Yachts","url":"https:\/\/www.mariventyachts.com\/","logo":{"@type":"ImageObject","inLanguage":"es","@id":"https:\/\/www.mariventyachts.com\/#\/schema\/logo\/image\/","url":"https:\/\/www.mariventyachts.com\/wp-content\/uploads\/2024\/03\/marivent-site-icon.jpg","contentUrl":"https:\/\/www.mariventyachts.com\/wp-content\/uploads\/2024\/03\/marivent-site-icon.jpg","width":512,"height":512,"caption":"Marivent Yachts"},"image":{"@id":"https:\/\/www.mariventyachts.com\/#\/schema\/logo\/image\/"},"sameAs":["https:\/\/www.facebook.com\/mariventyachts\/","https:\/\/www.instagram.com\/mariventyachts\/"]}]}},"_links":{"self":[{"href":"https:\/\/www.mariventyachts.com\/es\/wp-json\/wp\/v2\/pages\/4574","targetHints":{"allow":["GET"]}}],"collection":[{"href":"https:\/\/www.mariventyachts.com\/es\/wp-json\/wp\/v2\/pages"}],"about":[{"href":"https:\/\/www.mariventyachts.com\/es\/wp-json\/wp\/v2\/types\/page"}],"author":[{"embeddable":true,"href":"https:\/\/www.mariventyachts.com\/es\/wp-json\/wp\/v2\/users\/1"}],"replies":[{"embeddable":true,"href":"https:\/\/www.mariventyachts.com\/es\/wp-json\/wp\/v2\/comments?post=4574"}],"version-history":[{"count":1,"href":"https:\/\/www.mariventyachts.com\/es\/wp-json\/wp\/v2\/pages\/4574\/revisions"}],"predecessor-version":[{"id":5011,"href":"https:\/\/www.mariventyachts.com\/es\/wp-json\/wp\/v2\/pages\/4574\/revisions\/5011"}],"wp:featuredmedia":[{"embeddable":true,"href":"https:\/\/www.mariventyachts.com\/es\/wp-json\/wp\/v2\/media\/382"}],"wp:attachment":[{"href":"https:\/\/www.mariventyachts.com\/es\/wp-json\/wp\/v2\/media?parent=4574"}],"wp:term":[{"taxonomy":"brand","embeddable":true,"href":"https:\/\/www.mariventyachts.com\/es\/wp-json\/wp\/v2\/brand?post=4574"},{"taxonomy":"brands-old","embeddable":true,"href":"https:\/\/www.mariventyachts.com\/es\/wp-json\/wp\/v2\/brands-old?post=4574"}],"curies":[{"name":"wp","href":"https:\/\/api.w.org\/{rel}","templated":true}]}}