{"id":4580,"date":"2024-09-05T12:44:18","date_gmt":"2024-09-05T11:44:18","guid":{"rendered":"https:\/\/www.mariventyachts.com\/blog\/"},"modified":"2024-12-01T18:23:45","modified_gmt":"2024-12-01T18:23:45","slug":"blog","status":"publish","type":"page","link":"https:\/\/www.mariventyachts.com\/es\/blog\/","title":{"rendered":"Noticias"},"content":{"rendered":"<section class=\"l-section wpb_row us_custom_c0dfc885 has_text_color us_animate_this height_medium width_full with_img parallax_ver\"><div class=\"l-section-img\" role=\"img\" aria-label=\"Imagen\" data-img-width=\"1920\" data-img-height=\"1080\" style=\"background-image: url(https:\/\/www.mariventyachts.com\/wp-content\/uploads\/bluegame-bgx70-22.jpg);\"><\/div><div class=\"l-section-overlay\" style=\"background:var(--color-alt-content-bg-alt-grad, var(--color-alt-content-bg-alt) )\"><\/div><div class=\"l-section-h i-cf\"><div class=\"g-cols vc_row via_grid cols_1 laptops-cols_inherit tablets-cols_inherit mobiles-cols_1 valign_bottom type_default stacking_default\"><div class=\"wpb_column vc_column_container\"><div class=\"vc_column-inner\"><div class=\"wpb_text_column us_custom_eb849559\"><div class=\"wpb_wrapper\"><h1>Noticias<\/h1>\n<\/div><\/div><div class=\"w-separator size_custom\" style=\"height:5vh\"><\/div><\/div><\/div><\/div><\/div><\/section><section class=\"l-section wpb_row us_custom_583c6a76 height_medium width_full\"><div class=\"l-section-h i-cf\"><div class=\"g-cols vc_row via_grid cols_1 laptops-cols_inherit tablets-cols_inherit mobiles-cols_1 valign_top type_default stacking_default\"><div class=\"wpb_column vc_column_container\"><div class=\"vc_column-inner\"><div class=\"w-grid type_grid layout_2732 cols_3 pagination_ajax preload_style_spinner\" id=\"us_grid_1\" style=\"--columns:3;--gap:1.5rem;\" data-filterable=\"true\"><style>@media (max-width:1042px){#us_grid_1{--columns:2!important}}@media (max-width:600px){#us_grid_1{--columns:1!important}}.layout_2732 .w-grid-item-h{}.layout_2732 .usg_post_image_1{margin-bottom:1rem!important}.layout_2732 .usg_post_title_1{font-size:1.4rem!important;margin-bottom:0.5rem!important}.layout_2732 .usg_post_content_1{max-width:600px!important;margin-top:0.5rem!important}<\/style><div class=\"w-grid-list\">\t<article class=\"w-grid-item size_1x1 post-5574 post type-post status-publish format-standard has-post-thumbnail hentry category-uncategorised\" data-id=\"5574\">\r\n\t\t<div class=\"w-grid-item-h\">\r\n\t\t\t\t\t\t\t<a href=\"https:\/\/www.mariventyachts.com\/es\/fjord-capea-el-temporal-y-se-mantiene-como-una-marca-de-referencia-en-el-mercado-de-ocasion\/\" class=\"w-grid-item-anchor\" aria-label=\"Fjord capea el temporal y se mantiene como una marca de referencia en el mercado de ocasi\u00f3n\"><\/a>\r\n\t\t\t\t\t\t<div class=\"w-post-elm post_image usg_post_image_1 has_ratio\"><img loading=\"lazy\" decoding=\"async\" width=\"1024\" height=\"683\" src=\"https:\/\/www.mariventyachts.com\/wp-content\/uploads\/fjord-value-fjord-44-coupe-exterior-6-1024x683.jpg\" class=\"attachment-medium size-medium wp-post-image\" alt=\"\" \/><div style=\"padding-bottom:56.25%\"><\/div><\/div><h2 class=\"w-post-elm post_title usg_post_title_1 entry-title color_link_inherit\">Fjord capea el temporal y se mantiene como una marca de referencia en el mercado de ocasi\u00f3n<\/h2><div class=\"w-post-elm post_content usg_post_content_1\">A pesar de los altibajos del mercado n&aacute;utico tras los efectos de la pandemia, Fjord se consolida como un valor seguro. Al inicio del 2022 publicamos nuestro resumen bianual (2020-2021)&hellip;<\/div>\t\t<\/div>\r\n\t\t\t<\/article>\r\n\t<article class=\"w-grid-item size_1x1 post-2731 post type-post status-publish format-standard has-post-thumbnail hentry\" data-id=\"2731\">\r\n\t\t<div class=\"w-grid-item-h\">\r\n\t\t\t\t\t\t\t<a href=\"https:\/\/www.mariventyachts.com\/es\/2024-marivent-yachts-ahora-tambien-representa-a-bluegame-en-alemania\/\" class=\"w-grid-item-anchor\" aria-label=\"2024: Marivent Yachts ahora tambi\u00e9n representa a BLUEGAME en Alemania\"><\/a>\r\n\t\t\t\t\t\t<div class=\"w-post-elm post_image usg_post_image_1 has_ratio\"><img loading=\"lazy\" decoding=\"async\" width=\"1024\" height=\"576\" src=\"https:\/\/www.mariventyachts.com\/wp-content\/uploads\/n-Bluegame-BGX70-18-1024x576.jpg\" class=\"attachment-medium size-medium wp-post-image\" alt=\"\" \/><div style=\"padding-bottom:56.25%\"><\/div><\/div><h2 class=\"w-post-elm post_title usg_post_title_1 entry-title color_link_inherit\">2024: Marivent Yachts ahora tambi\u00e9n representa a BLUEGAME en Alemania<\/h2><div class=\"w-post-elm post_content usg_post_content_1\">Exactamente un a\u00f1o despu\u00e9s de que Marivent Yachts comenzara con \u00e9xito la distribuci\u00f3n de la marca BLUEGAME para Espa\u00f1a, ahora se ha asumido tambi\u00e9n la zona de distribuci\u00f3n para el mercado alem\u00e1n.<\/div>\t\t<\/div>\r\n\t\t\t<\/article>\r\n\t<article class=\"w-grid-item size_1x1 post-2728 post type-post status-publish format-standard has-post-thumbnail hentry category-sin-categorizar\" data-id=\"2728\">\r\n\t\t<div class=\"w-grid-item-h\">\r\n\t\t\t\t\t\t\t<a href=\"https:\/\/www.mariventyachts.com\/es\/bluegame-appoints-marivent-yachts-as-their-new-brand-representative-in-spain-balearic-islands\/\" class=\"w-grid-item-anchor\" aria-label=\"Bluegame appoints Marivent Yachts as their new Brand Representative in SPAIN &amp; BALEARIC ISLANDS\"><\/a>\r\n\t\t\t\t\t\t<div class=\"w-post-elm post_image usg_post_image_1 has_ratio\"><img loading=\"lazy\" decoding=\"async\" width=\"1024\" height=\"684\" src=\"https:\/\/www.mariventyachts.com\/wp-content\/uploads\/Bluegame-BGX60-7-scaled-1-1024x684.jpg\" class=\"attachment-medium size-medium wp-post-image\" alt=\"\" \/><div style=\"padding-bottom:56.25%\"><\/div><\/div><h2 class=\"w-post-elm post_title usg_post_title_1 entry-title color_link_inherit\">Bluegame appoints Marivent Yachts as their new Brand Representative in SPAIN &amp; BALEARIC ISLANDS<\/h2><div class=\"w-post-elm post_content usg_post_content_1\">Bluegame, a leading manufacturer of high-performance motor yachts and part of the SANLORENZO GROUP, announces the appointment of Marivent Yachts as their new brand representative for SPAIN &amp; BALEARIC ISLANDS.<\/div>\t\t<\/div>\r\n\t\t\t<\/article>\r\n\t<article class=\"w-grid-item size_1x1 post-2727 post type-post status-publish format-standard has-post-thumbnail hentry category-sin-categorizar\" data-id=\"2727\">\r\n\t\t<div class=\"w-grid-item-h\">\r\n\t\t\t\t\t\t\t<a href=\"https:\/\/www.mariventyachts.com\/es\/marivent-yachts-dealer-of-the-year-2022\/\" class=\"w-grid-item-anchor\" aria-label=\"Marivent Yachts \u201cDEALER OF THE YEAR 2022\u201d\"><\/a>\r\n\t\t\t\t\t\t<div class=\"w-post-elm post_image usg_post_image_1 has_ratio\"><img loading=\"lazy\" decoding=\"async\" width=\"565\" height=\"346\" src=\"https:\/\/www.mariventyachts.com\/wp-content\/uploads\/Marivent_Yachts_dealer_of_the_year.jpg\" class=\"attachment-medium size-medium wp-post-image\" alt=\"\" \/><div style=\"padding-bottom:56.25%\"><\/div><\/div><h2 class=\"w-post-elm post_title usg_post_title_1 entry-title color_link_inherit\">Marivent Yachts \u201cDEALER OF THE YEAR 2022\u201d<\/h2><div class=\"w-post-elm post_content usg_post_content_1\">Un a\u00f1o m\u00e1s Marivent Yachts ha sido galardonado con la distinci\u00f3n de \u201cDealer Of The Year 2022\u201d por el grupo Hanse Yachts con sede en Alemania. Este premio reconoce a Marivent Yachts como el dealer que m\u00e1s barcos de la marca FJORD ha vendido a nivel mundial en el \u00faltimo a\u00f1o, siendo as\u00ed el octavo a\u00f1o consecutivo desde el a\u00f1o 2014 en que se posiciona como l\u00edder a nivel mundial.<\/div>\t\t<\/div>\r\n\t\t\t<\/article>\r\n\t<article class=\"w-grid-item size_1x1 post-2726 post type-post status-publish format-standard has-post-thumbnail hentry category-sin-categorizar\" data-id=\"2726\">\r\n\t\t<div class=\"w-grid-item-h\">\r\n\t\t\t\t\t\t\t<a href=\"https:\/\/www.mariventyachts.com\/es\/el-rey-felipe-vi-con-marivent-yachts-y-ceo-oliver-frols-en-la-feria-nautica-de-barcelona\/\" class=\"w-grid-item-anchor\" aria-label=\"El Rey Felipe VI con MARIVENT YACHTS y CEO Oliver Frols en la Feria N\u00e1utica de Barcelona\"><\/a>\r\n\t\t\t\t\t\t<div class=\"w-post-elm post_image usg_post_image_1 has_ratio\"><img loading=\"lazy\" decoding=\"async\" width=\"1024\" height=\"872\" src=\"https:\/\/www.mariventyachts.com\/wp-content\/uploads\/WhatsApp-Image-2022-10-13-at-13.10.23-1-1024x872.jpeg\" class=\"attachment-medium size-medium wp-post-image\" alt=\"\" \/><div style=\"padding-bottom:56.25%\"><\/div><\/div><h2 class=\"w-post-elm post_title usg_post_title_1 entry-title color_link_inherit\">El Rey Felipe VI con MARIVENT YACHTS y CEO Oliver Frols en la Feria N\u00e1utica de Barcelona<\/h2><div class=\"w-post-elm post_content usg_post_content_1\">Entre ellos la visita m\u00e1s destacada ha sido la del Rey Felipe VI, la primera vez en la Feria de Barcelona como jefe de Estado, a qui\u00e9n podemos ver en la foto de abajo en nuestro Hospitality de Marivent yachts, saludando a nuestro CEO Oliver Frols.<\/div>\t\t<\/div>\r\n\t\t\t<\/article>\r\n\t<article class=\"w-grid-item size_1x1 post-2730 post type-post status-publish format-standard has-post-thumbnail hentry\" data-id=\"2730\">\r\n\t\t<div class=\"w-grid-item-h\">\r\n\t\t\t\t\t\t\t<a href=\"https:\/\/www.mariventyachts.com\/es\/fjord-la-mas-buscada-del-mercado-de-ocasion-2\/\" class=\"w-grid-item-anchor\" aria-label=\"FJORD, LA M\u00c1S BUSCADA DEL MERCADO DE OCASI\u00d3N\"><\/a>\r\n\t\t\t\t\t\t<div class=\"w-post-elm post_image usg_post_image_1 has_ratio\"><img loading=\"lazy\" decoding=\"async\" width=\"1024\" height=\"678\" src=\"https:\/\/www.mariventyachts.com\/wp-content\/uploads\/Fjord-40-Baia-2-1024x678.jpg\" class=\"attachment-medium size-medium wp-post-image\" alt=\"\" \/><div style=\"padding-bottom:56.25%\"><\/div><\/div><h2 class=\"w-post-elm post_title usg_post_title_1 entry-title color_link_inherit\">FJORD, LA M\u00c1S BUSCADA DEL MERCADO DE OCASI\u00d3N<\/h2><div class=\"w-post-elm post_content usg_post_content_1\">Las embarcaciones usadas del astillero alem\u00e1n se afianzan el segmento de las motoras de lujo para el \u201cday boating\u201d<\/div>\t\t<\/div>\r\n\t\t\t<\/article>\r\n\t<article class=\"w-grid-item size_1x1 post-2725 post type-post status-publish format-standard has-post-thumbnail hentry category-sin-categorizar\" data-id=\"2725\">\r\n\t\t<div class=\"w-grid-item-h\">\r\n\t\t\t\t\t\t\t<a href=\"https:\/\/www.mariventyachts.com\/es\/austin-parker-ibiza-una-nueva-gama-que-combina-el-diseno-y-la-practicidad-a-bordo\/\" class=\"w-grid-item-anchor\" aria-label=\"Austin Parker Ibiza, una nueva gama que combina el dise\u00f1o y la practicidad a bordo\"><\/a>\r\n\t\t\t\t\t\t<div class=\"w-post-elm post_image usg_post_image_1 has_ratio\"><img loading=\"lazy\" decoding=\"async\" width=\"1024\" height=\"768\" src=\"https:\/\/www.mariventyachts.com\/wp-content\/uploads\/DJI_0583-scaled-1-1024x768.jpg\" class=\"attachment-medium size-medium wp-post-image\" alt=\"\" \/><div style=\"padding-bottom:56.25%\"><\/div><\/div><h2 class=\"w-post-elm post_title usg_post_title_1 entry-title color_link_inherit\">Austin Parker Ibiza, una nueva gama que combina el dise\u00f1o y la practicidad a bordo<\/h2><div class=\"w-post-elm post_content usg_post_content_1\">Fulvio de Simone recibi\u00f3 un encargo muy claro por parte de Austin Parker. Se trataba de mantener las l\u00edneas tradicionales y sugerentes del \u201clobtser\u201d italiano y adaptar la cubierta principal para la navegaci\u00f3n costera \u201cdayboating\u201d de lujo<\/div>\t\t<\/div>\r\n\t\t\t<\/article>\r\n\t<article class=\"w-grid-item size_1x1 post-2724 post type-post status-publish format-standard has-post-thumbnail hentry category-sin-categorizar\" data-id=\"2724\">\r\n\t\t<div class=\"w-grid-item-h\">\r\n\t\t\t\t\t\t\t<a href=\"https:\/\/www.mariventyachts.com\/es\/descubre-la-nueva-austin-parker-52-ibiza\/\" class=\"w-grid-item-anchor\" aria-label=\"Descubre la Nueva Austin Parker 52 Ibiza\"><\/a>\r\n\t\t\t\t\t\t<div class=\"w-post-elm post_image usg_post_image_1 has_ratio\"><img loading=\"lazy\" decoding=\"async\" width=\"1024\" height=\"683\" src=\"https:\/\/www.mariventyachts.com\/wp-content\/uploads\/70-AustinParker52IBIZAwa-scaled-1-1024x683.jpg\" class=\"attachment-medium size-medium wp-post-image\" alt=\"\" \/><div style=\"padding-bottom:56.25%\"><\/div><\/div><h2 class=\"w-post-elm post_title usg_post_title_1 entry-title color_link_inherit\">Descubre la Nueva Austin Parker 52 Ibiza<\/h2><div class=\"w-post-elm post_content usg_post_content_1\">La semana pasada el equipo de Nautica y Yates Magazine vino a probar la nueva \u00abAustin Parker 52 Ibiza\u00bb en Barcelona. Despu\u00e9s de una estupenda prueba de mar con el nuevo modelo, nos enviaron unas magn\u00edficas fotos y este fant\u00e1stico v\u00eddeo. \u00a1Que lo disfrut\u00e9is!<\/div>\t\t<\/div>\r\n\t\t\t<\/article>\r\n\t<article class=\"w-grid-item size_1x1 post-2722 post type-post status-publish format-standard has-post-thumbnail hentry category-sin-categorizar\" data-id=\"2722\">\r\n\t\t<div class=\"w-grid-item-h\">\r\n\t\t\t\t\t\t\t<a href=\"https:\/\/www.mariventyachts.com\/es\/barcos-fjord-charter-2021\/\" class=\"w-grid-item-anchor\" aria-label=\"Barcos Fjord &#8211; Charter 2021\"><\/a>\r\n\t\t\t\t\t\t<div class=\"w-post-elm post_image usg_post_image_1 has_ratio\"><img loading=\"lazy\" decoding=\"async\" width=\"690\" height=\"388\" src=\"https:\/\/www.mariventyachts.com\/wp-content\/uploads\/Fjord41XL.gif\" class=\"attachment-medium size-medium wp-post-image\" alt=\"\" \/><div style=\"padding-bottom:56.25%\"><\/div><\/div><h2 class=\"w-post-elm post_title usg_post_title_1 entry-title color_link_inherit\">Barcos Fjord &#8211; Charter 2021<\/h2><div class=\"w-post-elm post_content usg_post_content_1\">Somos los importadores n\u00famero 1 a nivel mundial de yates Fjord, y es de esperar que seamos imbatibles con los barcos Fjord que ofrecemos para la venta y el alquiler, pero tambi\u00e9n somos muy conocidos por nuestros inmejorables niveles de servicio. As\u00ed que, si est\u00e1 buscando un yate de lujo para ch\u00e1rter&#8230;<\/div>\t\t<\/div>\r\n\t\t\t<\/article>\r\n<\/div><div class=\"w-grid-preloader\">\t<div class=\"g-preloader type_1\">\r\n\t\t<div><\/div>\r\n\t<\/div>\r\n\t<\/div>\t\t\t<div class=\"g-loadmore \">\r\n\t\t\t\t<div class=\"g-preloader type_1\">\r\n\t\t\t\t\t<div><\/div>\r\n\t\t\t\t<\/div>\r\n\t\t\t\t<button class=\"w-btn us-btn-style_6\">\r\n\t\t\t\t\t<span class=\"w-btn-label\">Cargar m\u00e1s<\/span>\r\n\t\t\t\t<\/button>\r\n\t\t\t<\/div>\r\n\t\t\t\t<div class=\"w-grid-json hidden\" onclick='return {&quot;action&quot;:&quot;us_ajax_grid&quot;,&quot;infinite_scroll&quot;:0,&quot;max_num_pages&quot;:4,&quot;pagination&quot;:&quot;ajax&quot;,&quot;template_vars&quot;:{&quot;columns&quot;:&quot;3&quot;,&quot;exclude_items&quot;:&quot;none&quot;,&quot;img_size&quot;:&quot;default&quot;,&quot;ignore_items_size&quot;:0,&quot;items_layout&quot;:&quot;2732&quot;,&quot;items_offset&quot;:&quot;1&quot;,&quot;load_animation&quot;:&quot;none&quot;,&quot;overriding_link&quot;:&quot;%7B%22type%22%3A%22post%22%7D&quot;,&quot;post_id&quot;:0,&quot;query_args&quot;:{&quot;post_type&quot;:[&quot;post&quot;],&quot;post_status&quot;:[&quot;publish&quot;,&quot;acf-disabled&quot;],&quot;posts_per_page&quot;:&quot;9&quot;},&quot;orderby_query_args&quot;:{&quot;orderby&quot;:{&quot;date&quot;:&quot;DESC&quot;}},&quot;type&quot;:&quot;grid&quot;,&quot;us_grid_post_type&quot;:&quot;post&quot;,&quot;us_grid_ajax_index&quot;:1,&quot;us_grid_filter_query_string&quot;:null,&quot;us_grid_index&quot;:1,&quot;page_args&quot;:[],&quot;lang&quot;:&quot;es&quot;}}'><\/div>\r\n\t<\/div><\/div><\/div><\/div><\/div><\/section>\n","protected":false},"excerpt":{"rendered":"Los mejores Yates Fjord para alquilar en MALLORCA e IBIZA en 2021 Nos acercamos a lo que creemos que ser\u00e1 una temporada 2021 muy ocupada, y no s\u00f3lo hemos actualizado nuestra oferta de alquiler en nuestra p\u00e1gina web, sino que tambi\u00e9n hemos a\u00f1adido nuevos yates a la gran cantidad de barcos de lujo que ofrecemos...","protected":false},"author":1,"featured_media":0,"parent":0,"menu_order":0,"comment_status":"closed","ping_status":"closed","template":"","meta":{"_acf_changed":false,"footnotes":""},"brand":[],"brands-old":[],"class_list":["post-4580","page","type-page","status-publish","hentry"],"acf":[],"yoast_head":"<!-- This site is optimized with the Yoast SEO plugin v27.5 - https:\/\/yoast.com\/product\/yoast-seo-wordpress\/ -->\n<title>Noticias - Marivent Yachts<\/title>\n<meta name=\"robots\" content=\"index, follow, max-snippet:-1, max-image-preview:large, max-video-preview:-1\" \/>\n<link rel=\"canonical\" href=\"https:\/\/www.mariventyachts.com\/es\/blog\/\" \/>\n<meta property=\"og:locale\" content=\"es_ES\" \/>\n<meta property=\"og:type\" content=\"article\" \/>\n<meta property=\"og:title\" content=\"Noticias - Marivent Yachts\" \/>\n<meta property=\"og:url\" content=\"https:\/\/www.mariventyachts.com\/es\/blog\/\" \/>\n<meta property=\"og:site_name\" content=\"Marivent Yachts\" \/>\n<meta property=\"article:publisher\" content=\"https:\/\/www.facebook.com\/mariventyachts\/\" \/>\n<meta property=\"article:modified_time\" content=\"2024-12-01T18:23:45+00:00\" \/>\n<meta name=\"twitter:card\" content=\"summary_large_image\" \/>\n<meta name=\"twitter:label1\" content=\"Tiempo de lectura\" \/>\n\t<meta name=\"twitter:data1\" content=\"1 minuto\" \/>\n<script type=\"application\/ld+json\" class=\"yoast-schema-graph\">{\"@context\":\"https:\\\/\\\/schema.org\",\"@graph\":[{\"@type\":\"WebPage\",\"@id\":\"https:\\\/\\\/www.mariventyachts.com\\\/es\\\/blog\\\/\",\"url\":\"https:\\\/\\\/www.mariventyachts.com\\\/es\\\/blog\\\/\",\"name\":\"Noticias - Marivent Yachts\",\"isPartOf\":{\"@id\":\"https:\\\/\\\/www.mariventyachts.com\\\/#website\"},\"datePublished\":\"2024-09-05T11:44:18+00:00\",\"dateModified\":\"2024-12-01T18:23:45+00:00\",\"breadcrumb\":{\"@id\":\"https:\\\/\\\/www.mariventyachts.com\\\/es\\\/blog\\\/#breadcrumb\"},\"inLanguage\":\"es\",\"potentialAction\":[{\"@type\":\"ReadAction\",\"target\":[\"https:\\\/\\\/www.mariventyachts.com\\\/es\\\/blog\\\/\"]}]},{\"@type\":\"BreadcrumbList\",\"@id\":\"https:\\\/\\\/www.mariventyachts.com\\\/es\\\/blog\\\/#breadcrumb\",\"itemListElement\":[{\"@type\":\"ListItem\",\"position\":1,\"name\":\"Home\",\"item\":\"https:\\\/\\\/www.mariventyachts.com\\\/es\\\/b\\\/\"},{\"@type\":\"ListItem\",\"position\":2,\"name\":\"Noticias\"}]},{\"@type\":\"WebSite\",\"@id\":\"https:\\\/\\\/www.mariventyachts.com\\\/#website\",\"url\":\"https:\\\/\\\/www.mariventyachts.com\\\/\",\"name\":\"Marivent Yachts\",\"description\":\"\",\"publisher\":{\"@id\":\"https:\\\/\\\/www.mariventyachts.com\\\/#organization\"},\"potentialAction\":[{\"@type\":\"SearchAction\",\"target\":{\"@type\":\"EntryPoint\",\"urlTemplate\":\"https:\\\/\\\/www.mariventyachts.com\\\/?s={search_term_string}\"},\"query-input\":{\"@type\":\"PropertyValueSpecification\",\"valueRequired\":true,\"valueName\":\"search_term_string\"}}],\"inLanguage\":\"es\"},{\"@type\":\"Organization\",\"@id\":\"https:\\\/\\\/www.mariventyachts.com\\\/#organization\",\"name\":\"Marivent Yachts\",\"url\":\"https:\\\/\\\/www.mariventyachts.com\\\/\",\"logo\":{\"@type\":\"ImageObject\",\"inLanguage\":\"es\",\"@id\":\"https:\\\/\\\/www.mariventyachts.com\\\/#\\\/schema\\\/logo\\\/image\\\/\",\"url\":\"https:\\\/\\\/www.mariventyachts.com\\\/wp-content\\\/uploads\\\/2024\\\/03\\\/marivent-site-icon.jpg\",\"contentUrl\":\"https:\\\/\\\/www.mariventyachts.com\\\/wp-content\\\/uploads\\\/2024\\\/03\\\/marivent-site-icon.jpg\",\"width\":512,\"height\":512,\"caption\":\"Marivent Yachts\"},\"image\":{\"@id\":\"https:\\\/\\\/www.mariventyachts.com\\\/#\\\/schema\\\/logo\\\/image\\\/\"},\"sameAs\":[\"https:\\\/\\\/www.facebook.com\\\/mariventyachts\\\/\",\"https:\\\/\\\/www.instagram.com\\\/mariventyachts\\\/\"]}]}<\/script>\n<!-- \/ Yoast SEO plugin. -->","yoast_head_json":{"title":"Noticias - Marivent Yachts","robots":{"index":"index","follow":"follow","max-snippet":"max-snippet:-1","max-image-preview":"max-image-preview:large","max-video-preview":"max-video-preview:-1"},"canonical":"https:\/\/www.mariventyachts.com\/es\/blog\/","og_locale":"es_ES","og_type":"article","og_title":"Noticias - Marivent Yachts","og_url":"https:\/\/www.mariventyachts.com\/es\/blog\/","og_site_name":"Marivent Yachts","article_publisher":"https:\/\/www.facebook.com\/mariventyachts\/","article_modified_time":"2024-12-01T18:23:45+00:00","twitter_card":"summary_large_image","twitter_misc":{"Tiempo de lectura":"1 minuto"},"schema":{"@context":"https:\/\/schema.org","@graph":[{"@type":"WebPage","@id":"https:\/\/www.mariventyachts.com\/es\/blog\/","url":"https:\/\/www.mariventyachts.com\/es\/blog\/","name":"Noticias - Marivent Yachts","isPartOf":{"@id":"https:\/\/www.mariventyachts.com\/#website"},"datePublished":"2024-09-05T11:44:18+00:00","dateModified":"2024-12-01T18:23:45+00:00","breadcrumb":{"@id":"https:\/\/www.mariventyachts.com\/es\/blog\/#breadcrumb"},"inLanguage":"es","potentialAction":[{"@type":"ReadAction","target":["https:\/\/www.mariventyachts.com\/es\/blog\/"]}]},{"@type":"BreadcrumbList","@id":"https:\/\/www.mariventyachts.com\/es\/blog\/#breadcrumb","itemListElement":[{"@type":"ListItem","position":1,"name":"Home","item":"https:\/\/www.mariventyachts.com\/es\/b\/"},{"@type":"ListItem","position":2,"name":"Noticias"}]},{"@type":"WebSite","@id":"https:\/\/www.mariventyachts.com\/#website","url":"https:\/\/www.mariventyachts.com\/","name":"Marivent Yachts","description":"","publisher":{"@id":"https:\/\/www.mariventyachts.com\/#organization"},"potentialAction":[{"@type":"SearchAction","target":{"@type":"EntryPoint","urlTemplate":"https:\/\/www.mariventyachts.com\/?s={search_term_string}"},"query-input":{"@type":"PropertyValueSpecification","valueRequired":true,"valueName":"search_term_string"}}],"inLanguage":"es"},{"@type":"Organization","@id":"https:\/\/www.mariventyachts.com\/#organization","name":"Marivent Yachts","url":"https:\/\/www.mariventyachts.com\/","logo":{"@type":"ImageObject","inLanguage":"es","@id":"https:\/\/www.mariventyachts.com\/#\/schema\/logo\/image\/","url":"https:\/\/www.mariventyachts.com\/wp-content\/uploads\/2024\/03\/marivent-site-icon.jpg","contentUrl":"https:\/\/www.mariventyachts.com\/wp-content\/uploads\/2024\/03\/marivent-site-icon.jpg","width":512,"height":512,"caption":"Marivent Yachts"},"image":{"@id":"https:\/\/www.mariventyachts.com\/#\/schema\/logo\/image\/"},"sameAs":["https:\/\/www.facebook.com\/mariventyachts\/","https:\/\/www.instagram.com\/mariventyachts\/"]}]}},"_links":{"self":[{"href":"https:\/\/www.mariventyachts.com\/es\/wp-json\/wp\/v2\/pages\/4580","targetHints":{"allow":["GET"]}}],"collection":[{"href":"https:\/\/www.mariventyachts.com\/es\/wp-json\/wp\/v2\/pages"}],"about":[{"href":"https:\/\/www.mariventyachts.com\/es\/wp-json\/wp\/v2\/types\/page"}],"author":[{"embeddable":true,"href":"https:\/\/www.mariventyachts.com\/es\/wp-json\/wp\/v2\/users\/1"}],"replies":[{"embeddable":true,"href":"https:\/\/www.mariventyachts.com\/es\/wp-json\/wp\/v2\/comments?post=4580"}],"version-history":[{"count":1,"href":"https:\/\/www.mariventyachts.com\/es\/wp-json\/wp\/v2\/pages\/4580\/revisions"}],"predecessor-version":[{"id":4873,"href":"https:\/\/www.mariventyachts.com\/es\/wp-json\/wp\/v2\/pages\/4580\/revisions\/4873"}],"wp:attachment":[{"href":"https:\/\/www.mariventyachts.com\/es\/wp-json\/wp\/v2\/media?parent=4580"}],"wp:term":[{"taxonomy":"brand","embeddable":true,"href":"https:\/\/www.mariventyachts.com\/es\/wp-json\/wp\/v2\/brand?post=4580"},{"taxonomy":"brands-old","embeddable":true,"href":"https:\/\/www.mariventyachts.com\/es\/wp-json\/wp\/v2\/brands-old?post=4580"}],"curies":[{"name":"wp","href":"https:\/\/api.w.org\/{rel}","templated":true}]}}