{"id":4582,"date":"2024-08-11T18:54:22","date_gmt":"2024-08-11T17:54:22","guid":{"rendered":"https:\/\/www.mariventyachts.com\/say-carbon-yachts\/"},"modified":"2024-12-02T17:33:12","modified_gmt":"2024-12-02T17:33:12","slug":"say-carbon-yachts","status":"publish","type":"page","link":"https:\/\/www.mariventyachts.com\/es\/say-carbon-yachts\/","title":{"rendered":"Say"},"content":{"rendered":"<p>Cada SAY Carbon Yacht es una obra maestra, dise\u00f1ada seg\u00fan la visi\u00f3n del cliente. Para ofrecer el mayor confort posible, s\u00f3lo utilizamos materiales lujosos en combinaci\u00f3n con el n\u00facleo de nuestra receta del \u00e9xito: el carbono. Elija entre una variedad de opciones de personalizaci\u00f3n y cree su SAY Carbon Yacht: su visi\u00f3n. Su SAY.<\/p>\n","protected":false},"excerpt":{"rendered":"<p>Cada SAY Carbon Yacht es una obra maestra, dise\u00f1ada seg\u00fan la visi\u00f3n del cliente. Para ofrecer el mayor confort posible, s\u00f3lo utilizamos materiales lujosos en combinaci\u00f3n con el n\u00facleo de nuestra receta del \u00e9xito: el carbono. Elija entre una variedad de opciones de personalizaci\u00f3n y cree su SAY Carbon Yacht: su visi\u00f3n. Su SAY.<\/p>\n","protected":false},"author":1,"featured_media":392,"parent":0,"menu_order":0,"comment_status":"closed","ping_status":"closed","template":"","meta":{"_acf_changed":false,"footnotes":""},"brand":[96],"brands-old":[],"class_list":["post-4582","page","type-page","status-publish","has-post-thumbnail","hentry","brand-say"],"acf":[],"yoast_head":"<!-- This site is optimized with the Yoast SEO plugin v27.6 - https:\/\/yoast.com\/product\/yoast-seo-wordpress\/ -->\n<title>Say - Marivent Yachts<\/title>\n<meta name=\"robots\" content=\"index, follow, max-snippet:-1, max-image-preview:large, max-video-preview:-1\" \/>\n<link rel=\"canonical\" href=\"https:\/\/www.mariventyachts.com\/es\/say-carbon-yachts\/\" \/>\n<meta property=\"og:locale\" content=\"es_ES\" \/>\n<meta property=\"og:type\" content=\"article\" \/>\n<meta property=\"og:title\" content=\"Say - Marivent Yachts\" \/>\n<meta property=\"og:description\" content=\"Cada SAY Carbon Yacht es una obra maestra, dise\u00f1ada seg\u00fan la visi\u00f3n del cliente. Para ofrecer el mayor confort posible, s\u00f3lo utilizamos materiales lujosos en combinaci\u00f3n con el n\u00facleo de nuestra receta del \u00e9xito: el carbono. Elija entre una variedad de opciones de personalizaci\u00f3n y cree su SAY Carbon Yacht: su visi\u00f3n. Su SAY.\" \/>\n<meta property=\"og:url\" content=\"https:\/\/www.mariventyachts.com\/es\/say-carbon-yachts\/\" \/>\n<meta property=\"og:site_name\" content=\"Marivent Yachts\" \/>\n<meta property=\"article:publisher\" content=\"https:\/\/www.facebook.com\/mariventyachts\/\" \/>\n<meta property=\"article:modified_time\" content=\"2024-12-02T17:33:12+00:00\" \/>\n<meta property=\"og:image\" content=\"https:\/\/www.mariventyachts.com\/wp-content\/uploads\/2024\/03\/say-carbon-yachts-mallorca.png\" \/>\n\t<meta property=\"og:image:width\" content=\"575\" \/>\n\t<meta property=\"og:image:height\" content=\"142\" \/>\n\t<meta property=\"og:image:type\" content=\"image\/png\" \/>\n<meta name=\"twitter:card\" content=\"summary_large_image\" \/>\n<script type=\"application\/ld+json\" class=\"yoast-schema-graph\">{\"@context\":\"https:\\\/\\\/schema.org\",\"@graph\":[{\"@type\":\"WebPage\",\"@id\":\"https:\\\/\\\/www.mariventyachts.com\\\/es\\\/say-carbon-yachts\\\/\",\"url\":\"https:\\\/\\\/www.mariventyachts.com\\\/es\\\/say-carbon-yachts\\\/\",\"name\":\"Say - Marivent Yachts\",\"isPartOf\":{\"@id\":\"https:\\\/\\\/www.mariventyachts.com\\\/#website\"},\"primaryImageOfPage\":{\"@id\":\"https:\\\/\\\/www.mariventyachts.com\\\/es\\\/say-carbon-yachts\\\/#primaryimage\"},\"image\":{\"@id\":\"https:\\\/\\\/www.mariventyachts.com\\\/es\\\/say-carbon-yachts\\\/#primaryimage\"},\"thumbnailUrl\":\"https:\\\/\\\/www.mariventyachts.com\\\/wp-content\\\/uploads\\\/2024\\\/03\\\/say-carbon-yachts-mallorca.png\",\"datePublished\":\"2024-08-11T17:54:22+00:00\",\"dateModified\":\"2024-12-02T17:33:12+00:00\",\"breadcrumb\":{\"@id\":\"https:\\\/\\\/www.mariventyachts.com\\\/es\\\/say-carbon-yachts\\\/#breadcrumb\"},\"inLanguage\":\"es\",\"potentialAction\":[{\"@type\":\"ReadAction\",\"target\":[\"https:\\\/\\\/www.mariventyachts.com\\\/es\\\/say-carbon-yachts\\\/\"]}]},{\"@type\":\"ImageObject\",\"inLanguage\":\"es\",\"@id\":\"https:\\\/\\\/www.mariventyachts.com\\\/es\\\/say-carbon-yachts\\\/#primaryimage\",\"url\":\"https:\\\/\\\/www.mariventyachts.com\\\/wp-content\\\/uploads\\\/2024\\\/03\\\/say-carbon-yachts-mallorca.png\",\"contentUrl\":\"https:\\\/\\\/www.mariventyachts.com\\\/wp-content\\\/uploads\\\/2024\\\/03\\\/say-carbon-yachts-mallorca.png\",\"width\":575,\"height\":142},{\"@type\":\"BreadcrumbList\",\"@id\":\"https:\\\/\\\/www.mariventyachts.com\\\/es\\\/say-carbon-yachts\\\/#breadcrumb\",\"itemListElement\":[{\"@type\":\"ListItem\",\"position\":1,\"name\":\"Home\",\"item\":\"https:\\\/\\\/www.mariventyachts.com\\\/es\\\/b\\\/\"},{\"@type\":\"ListItem\",\"position\":2,\"name\":\"Say\"}]},{\"@type\":\"WebSite\",\"@id\":\"https:\\\/\\\/www.mariventyachts.com\\\/#website\",\"url\":\"https:\\\/\\\/www.mariventyachts.com\\\/\",\"name\":\"Marivent Yachts\",\"description\":\"\",\"publisher\":{\"@id\":\"https:\\\/\\\/www.mariventyachts.com\\\/#organization\"},\"potentialAction\":[{\"@type\":\"SearchAction\",\"target\":{\"@type\":\"EntryPoint\",\"urlTemplate\":\"https:\\\/\\\/www.mariventyachts.com\\\/?s={search_term_string}\"},\"query-input\":{\"@type\":\"PropertyValueSpecification\",\"valueRequired\":true,\"valueName\":\"search_term_string\"}}],\"inLanguage\":\"es\"},{\"@type\":\"Organization\",\"@id\":\"https:\\\/\\\/www.mariventyachts.com\\\/#organization\",\"name\":\"Marivent Yachts\",\"url\":\"https:\\\/\\\/www.mariventyachts.com\\\/\",\"logo\":{\"@type\":\"ImageObject\",\"inLanguage\":\"es\",\"@id\":\"https:\\\/\\\/www.mariventyachts.com\\\/#\\\/schema\\\/logo\\\/image\\\/\",\"url\":\"https:\\\/\\\/www.mariventyachts.com\\\/wp-content\\\/uploads\\\/2024\\\/03\\\/marivent-site-icon.jpg\",\"contentUrl\":\"https:\\\/\\\/www.mariventyachts.com\\\/wp-content\\\/uploads\\\/2024\\\/03\\\/marivent-site-icon.jpg\",\"width\":512,\"height\":512,\"caption\":\"Marivent Yachts\"},\"image\":{\"@id\":\"https:\\\/\\\/www.mariventyachts.com\\\/#\\\/schema\\\/logo\\\/image\\\/\"},\"sameAs\":[\"https:\\\/\\\/www.facebook.com\\\/mariventyachts\\\/\",\"https:\\\/\\\/www.instagram.com\\\/mariventyachts\\\/\"]}]}<\/script>\n<!-- \/ Yoast SEO plugin. -->","yoast_head_json":{"title":"Say - Marivent Yachts","robots":{"index":"index","follow":"follow","max-snippet":"max-snippet:-1","max-image-preview":"max-image-preview:large","max-video-preview":"max-video-preview:-1"},"canonical":"https:\/\/www.mariventyachts.com\/es\/say-carbon-yachts\/","og_locale":"es_ES","og_type":"article","og_title":"Say - Marivent Yachts","og_description":"Cada SAY Carbon Yacht es una obra maestra, dise\u00f1ada seg\u00fan la visi\u00f3n del cliente. Para ofrecer el mayor confort posible, s\u00f3lo utilizamos materiales lujosos en combinaci\u00f3n con el n\u00facleo de nuestra receta del \u00e9xito: el carbono. Elija entre una variedad de opciones de personalizaci\u00f3n y cree su SAY Carbon Yacht: su visi\u00f3n. Su SAY.","og_url":"https:\/\/www.mariventyachts.com\/es\/say-carbon-yachts\/","og_site_name":"Marivent Yachts","article_publisher":"https:\/\/www.facebook.com\/mariventyachts\/","article_modified_time":"2024-12-02T17:33:12+00:00","og_image":[{"width":575,"height":142,"url":"https:\/\/www.mariventyachts.com\/wp-content\/uploads\/2024\/03\/say-carbon-yachts-mallorca.png","type":"image\/png"}],"twitter_card":"summary_large_image","schema":{"@context":"https:\/\/schema.org","@graph":[{"@type":"WebPage","@id":"https:\/\/www.mariventyachts.com\/es\/say-carbon-yachts\/","url":"https:\/\/www.mariventyachts.com\/es\/say-carbon-yachts\/","name":"Say - Marivent Yachts","isPartOf":{"@id":"https:\/\/www.mariventyachts.com\/#website"},"primaryImageOfPage":{"@id":"https:\/\/www.mariventyachts.com\/es\/say-carbon-yachts\/#primaryimage"},"image":{"@id":"https:\/\/www.mariventyachts.com\/es\/say-carbon-yachts\/#primaryimage"},"thumbnailUrl":"https:\/\/www.mariventyachts.com\/wp-content\/uploads\/2024\/03\/say-carbon-yachts-mallorca.png","datePublished":"2024-08-11T17:54:22+00:00","dateModified":"2024-12-02T17:33:12+00:00","breadcrumb":{"@id":"https:\/\/www.mariventyachts.com\/es\/say-carbon-yachts\/#breadcrumb"},"inLanguage":"es","potentialAction":[{"@type":"ReadAction","target":["https:\/\/www.mariventyachts.com\/es\/say-carbon-yachts\/"]}]},{"@type":"ImageObject","inLanguage":"es","@id":"https:\/\/www.mariventyachts.com\/es\/say-carbon-yachts\/#primaryimage","url":"https:\/\/www.mariventyachts.com\/wp-content\/uploads\/2024\/03\/say-carbon-yachts-mallorca.png","contentUrl":"https:\/\/www.mariventyachts.com\/wp-content\/uploads\/2024\/03\/say-carbon-yachts-mallorca.png","width":575,"height":142},{"@type":"BreadcrumbList","@id":"https:\/\/www.mariventyachts.com\/es\/say-carbon-yachts\/#breadcrumb","itemListElement":[{"@type":"ListItem","position":1,"name":"Home","item":"https:\/\/www.mariventyachts.com\/es\/b\/"},{"@type":"ListItem","position":2,"name":"Say"}]},{"@type":"WebSite","@id":"https:\/\/www.mariventyachts.com\/#website","url":"https:\/\/www.mariventyachts.com\/","name":"Marivent Yachts","description":"","publisher":{"@id":"https:\/\/www.mariventyachts.com\/#organization"},"potentialAction":[{"@type":"SearchAction","target":{"@type":"EntryPoint","urlTemplate":"https:\/\/www.mariventyachts.com\/?s={search_term_string}"},"query-input":{"@type":"PropertyValueSpecification","valueRequired":true,"valueName":"search_term_string"}}],"inLanguage":"es"},{"@type":"Organization","@id":"https:\/\/www.mariventyachts.com\/#organization","name":"Marivent Yachts","url":"https:\/\/www.mariventyachts.com\/","logo":{"@type":"ImageObject","inLanguage":"es","@id":"https:\/\/www.mariventyachts.com\/#\/schema\/logo\/image\/","url":"https:\/\/www.mariventyachts.com\/wp-content\/uploads\/2024\/03\/marivent-site-icon.jpg","contentUrl":"https:\/\/www.mariventyachts.com\/wp-content\/uploads\/2024\/03\/marivent-site-icon.jpg","width":512,"height":512,"caption":"Marivent Yachts"},"image":{"@id":"https:\/\/www.mariventyachts.com\/#\/schema\/logo\/image\/"},"sameAs":["https:\/\/www.facebook.com\/mariventyachts\/","https:\/\/www.instagram.com\/mariventyachts\/"]}]}},"_links":{"self":[{"href":"https:\/\/www.mariventyachts.com\/es\/wp-json\/wp\/v2\/pages\/4582","targetHints":{"allow":["GET"]}}],"collection":[{"href":"https:\/\/www.mariventyachts.com\/es\/wp-json\/wp\/v2\/pages"}],"about":[{"href":"https:\/\/www.mariventyachts.com\/es\/wp-json\/wp\/v2\/types\/page"}],"author":[{"embeddable":true,"href":"https:\/\/www.mariventyachts.com\/es\/wp-json\/wp\/v2\/users\/1"}],"replies":[{"embeddable":true,"href":"https:\/\/www.mariventyachts.com\/es\/wp-json\/wp\/v2\/comments?post=4582"}],"version-history":[{"count":1,"href":"https:\/\/www.mariventyachts.com\/es\/wp-json\/wp\/v2\/pages\/4582\/revisions"}],"predecessor-version":[{"id":5010,"href":"https:\/\/www.mariventyachts.com\/es\/wp-json\/wp\/v2\/pages\/4582\/revisions\/5010"}],"wp:featuredmedia":[{"embeddable":true,"href":"https:\/\/www.mariventyachts.com\/es\/wp-json\/wp\/v2\/media\/392"}],"wp:attachment":[{"href":"https:\/\/www.mariventyachts.com\/es\/wp-json\/wp\/v2\/media?parent=4582"}],"wp:term":[{"taxonomy":"brand","embeddable":true,"href":"https:\/\/www.mariventyachts.com\/es\/wp-json\/wp\/v2\/brand?post=4582"},{"taxonomy":"brands-old","embeddable":true,"href":"https:\/\/www.mariventyachts.com\/es\/wp-json\/wp\/v2\/brands-old?post=4582"}],"curies":[{"name":"wp","href":"https:\/\/api.w.org\/{rel}","templated":true}]}}